{"id":36800,"date":"2023-12-22T18:53:41","date_gmt":"2023-12-22T18:53:41","guid":{"rendered":"https:\/\/e.kosmolat.eu\/product\/mainas-kasete-skuveklim-deonica-5-for-men-4-gab\/"},"modified":"2026-01-08T13:00:48","modified_gmt":"2026-01-08T13:00:48","slug":"mainas-kasete-skuveklim-deonica-5-for-men-4-gab","status":"publish","type":"product","link":"https:\/\/e.kosmolat.eu\/lv\/product\/mainas-kasete-skuveklim-deonica-5-for-men-4-gab\/","title":{"rendered":"Mai\u0146as kasete skuveklim Deonica 5 FOR MEN, 4 gab."},"content":{"rendered":"<p>Asme\u0146i ar keramikas p\u0101rkl\u0101jumu nodro\u0161ina gludu sk\u016b\u0161anos. 5-asme\u0146u tehnolo\u0123ija samazina spiedienu uz \u0101das, nodro\u0161ina maksim\u0101lu komfortu. Asmenis-trimeris punktveida sk\u016b\u0161anai. Plata sloksne ar Alveju, E vitam\u012bnu un \u0160\u012b sviestu (lieliska sl\u012bd\u0113\u0161ana, kairin\u0101juma samazin\u0101\u0161ana).<\/p>\n<p>Lieto\u0161ana: <\/p>\n<p>uzst\u0101diet mai\u0146as kaseti Deonica skuvek\u013ca roktur\u012b. <\/p>\n<p>Piesardz\u012bbas pas\u0101kumi: <\/p>\n<p>Savlaic\u012bgi nenomain\u012btu asme\u0146u lieto\u0161ana var b\u016bt par kairin\u0101juma iemeslu. Nenot\u012briet asme\u0146us un nepieskarieties ar rok\u0101m. Uzglab\u0101t b\u0113rniem nepieejam\u0101 viet\u0101!<\/p>\n","protected":false},"excerpt":{"rendered":"<p>Asme\u0146i ar keramikas p\u0101rkl\u0101jumu nodro\u0161ina gludu sk\u016b\u0161anos. 5-asme\u0146u tehnolo\u0123ija samazina spiedienu uz \u0101das, nodro\u0161ina maksim\u0101lu komfortu. Asmenis-trimeris punktveida sk\u016b\u0161anai. Plata sloksne ar Alveju, E vitam\u012bnu un \u0160\u012b sviestu (lieliska sl\u012bd\u0113\u0161ana, kairin\u0101juma samazin\u0101\u0161ana). Lieto\u0161ana: uzst\u0101diet mai\u0146as kaseti Deonica skuvek\u013ca roktur\u012b. Piesardz\u012bbas pas\u0101kumi: Savlaic\u012bgi nenomain\u012btu asme\u0146u lieto\u0161ana var b\u016bt par kairin\u0101juma iemeslu. Nenot\u012briet asme\u0146us un nepieskarieties ar [&#8230;]\n","protected":false},"featured_media":86306,"template":"","meta":[],"product_cat":[1832],"product_tag":[],"class_list":{"0":"post-36800","1":"product","2":"type-product","3":"status-publish","4":"has-post-thumbnail","6":"product_brand-arnest_ru","7":"product_cat-skutimosi-priedai","9":"first","10":"instock","11":"taxable","12":"shipping-taxable","13":"product-type-simple"},"_links":{"self":[{"href":"https:\/\/e.kosmolat.eu\/lv\/wp-json\/wp\/v2\/product\/36800","targetHints":{"allow":["GET"]}}],"collection":[{"href":"https:\/\/e.kosmolat.eu\/lv\/wp-json\/wp\/v2\/product"}],"about":[{"href":"https:\/\/e.kosmolat.eu\/lv\/wp-json\/wp\/v2\/types\/product"}],"wp:featuredmedia":[{"embeddable":true,"href":"https:\/\/e.kosmolat.eu\/lv\/wp-json\/wp\/v2\/media\/86306"}],"wp:attachment":[{"href":"https:\/\/e.kosmolat.eu\/lv\/wp-json\/wp\/v2\/media?parent=36800"}],"wp:term":[{"taxonomy":"product_cat","embeddable":true,"href":"https:\/\/e.kosmolat.eu\/lv\/wp-json\/wp\/v2\/product_cat?post=36800"},{"taxonomy":"product_tag","embeddable":true,"href":"https:\/\/e.kosmolat.eu\/lv\/wp-json\/wp\/v2\/product_tag?post=36800"}],"curies":[{"name":"wp","href":"https:\/\/api.w.org\/{rel}","templated":true}]}}