{"id":36784,"date":"2023-12-22T18:52:13","date_gmt":"2023-12-22T18:52:13","guid":{"rendered":"https:\/\/e.kosmolat.eu\/product\/ns-hair-evolution-natural-matu-kondicionieris-be-color-spilgtums-krasu-aizsardziba-245-ml\/"},"modified":"2025-09-19T21:33:18","modified_gmt":"2025-09-19T21:33:18","slug":"ns-hair-evolution-natural-matu-kondicionieris-be-color-spilgtums-krasu-aizsardziba-245-ml","status":"publish","type":"product","link":"https:\/\/e.kosmolat.eu\/lv\/product\/ns-hair-evolution-natural-matu-kondicionieris-be-color-spilgtums-krasu-aizsardziba-245-ml\/","title":{"rendered":"NS. Hair Evolution. Natural Matu kondicionieris &#8220;Be-Color&#8221; Spilgtums &#038; Kr\u0101su aizsardz\u012bba, 245 ml"},"content":{"rendered":"<p>Kr\u0101sotiem matiem. Dab\u012bgs kondicionieris dzi\u013ci mitrina un baro kr\u0101sotus matus, ilgsto\u0161i fiks\u0113 pigmentu un pie\u0161\u0137ir glanc\u0113tu sp\u012bdumu, Br\u016bkle\u0146u Pro-e\u013c\u013ca baro un izl\u012bdzina matus. Active C+ atgrie\u017e matiem greznu sp\u012bdumu un sp\u0113ku. Br\u016bkle\u0146u AHA sk\u0101bes veido neredzamu aizsardz\u012bbu, paildzina kr\u0101sas spilgtumu. AHA sk\u0101bes pal\u012bdz samazin\u0101t pH l\u012bmeni l\u012bdz optim\u0101lam, kas pal\u012bdz saglab\u0101t matu kr\u0101su ilgsto\u0161a laika garum\u0101, k\u0101 ar\u012b nodro\u0161ina glanc\u0113tu sp\u012bdumu. <\/p>\n<p>Lieto\u0161ana: uzkl\u0101jiet kondicionieri uz mitriem matiem un atst\u0101jiet uz 1-2 min\u016bt\u0113m. R\u016bp\u012bgi nomazg\u0101jiet.\u00a0<\/p>\n","protected":false},"excerpt":{"rendered":"<p>Kr\u0101sotiem matiem. Dab\u012bgs kondicionieris dzi\u013ci mitrina un baro kr\u0101sotus matus, ilgsto\u0161i fiks\u0113 pigmentu un pie\u0161\u0137ir glanc\u0113tu sp\u012bdumu, Br\u016bkle\u0146u Pro-e\u013c\u013ca baro un izl\u012bdzina matus. Active C+ atgrie\u017e matiem greznu sp\u012bdumu un sp\u0113ku. Br\u016bkle\u0146u AHA sk\u0101bes veido neredzamu aizsardz\u012bbu, paildzina kr\u0101sas spilgtumu. AHA sk\u0101bes pal\u012bdz samazin\u0101t pH l\u012bmeni l\u012bdz optim\u0101lam, kas pal\u012bdz saglab\u0101t matu kr\u0101su ilgsto\u0161a laika [&#8230;]\n","protected":false},"featured_media":85150,"template":"","meta":[],"product_cat":[1640],"product_tag":[],"class_list":{"0":"post-36784","1":"product","2":"type-product","3":"status-publish","4":"has-post-thumbnail","6":"product_brand-siberica_ee","7":"product_cat-balzamai","9":"first","10":"outofstock","11":"taxable","12":"shipping-taxable","13":"product-type-simple"},"_links":{"self":[{"href":"https:\/\/e.kosmolat.eu\/lv\/wp-json\/wp\/v2\/product\/36784","targetHints":{"allow":["GET"]}}],"collection":[{"href":"https:\/\/e.kosmolat.eu\/lv\/wp-json\/wp\/v2\/product"}],"about":[{"href":"https:\/\/e.kosmolat.eu\/lv\/wp-json\/wp\/v2\/types\/product"}],"wp:featuredmedia":[{"embeddable":true,"href":"https:\/\/e.kosmolat.eu\/lv\/wp-json\/wp\/v2\/media\/85150"}],"wp:attachment":[{"href":"https:\/\/e.kosmolat.eu\/lv\/wp-json\/wp\/v2\/media?parent=36784"}],"wp:term":[{"taxonomy":"product_cat","embeddable":true,"href":"https:\/\/e.kosmolat.eu\/lv\/wp-json\/wp\/v2\/product_cat?post=36784"},{"taxonomy":"product_tag","embeddable":true,"href":"https:\/\/e.kosmolat.eu\/lv\/wp-json\/wp\/v2\/product_tag?post=36784"}],"curies":[{"name":"wp","href":"https:\/\/api.w.org\/{rel}","templated":true}]}}