{"id":36724,"date":"2023-12-22T18:47:17","date_gmt":"2023-12-22T18:47:17","guid":{"rendered":"https:\/\/e.kosmolat.eu\/product\/lv-skidras-matetas-acu-enas-103-tonis-matt-tint-waterproof-12h\/"},"modified":"2025-09-19T22:36:17","modified_gmt":"2025-09-19T22:36:17","slug":"lv-skidras-matetas-acu-enas-103-tonis-matt-tint-waterproof-12h-3-g","status":"publish","type":"product","link":"https:\/\/e.kosmolat.eu\/lv\/product\/lv-skidras-matetas-acu-enas-103-tonis-matt-tint-waterproof-12h-3-g\/","title":{"rendered":"LV \u0160\u0137idr\u0101s mat\u0113tas acu \u0113nas 103 tonis Matt tint waterproof 12H, 3 g"},"content":{"rendered":"","protected":false},"excerpt":{"rendered":"","protected":false},"featured_media":86274,"template":"","meta":[],"product_cat":[1296],"product_tag":[],"class_list":{"0":"post-36724","1":"product","2":"type-product","3":"status-publish","4":"has-post-thumbnail","6":"product_brand-lux-visage_by","7":"product_cat-1296","9":"first","10":"outofstock","11":"taxable","12":"shipping-taxable","13":"product-type-simple"},"_links":{"self":[{"href":"https:\/\/e.kosmolat.eu\/lv\/wp-json\/wp\/v2\/product\/36724","targetHints":{"allow":["GET"]}}],"collection":[{"href":"https:\/\/e.kosmolat.eu\/lv\/wp-json\/wp\/v2\/product"}],"about":[{"href":"https:\/\/e.kosmolat.eu\/lv\/wp-json\/wp\/v2\/types\/product"}],"wp:featuredmedia":[{"embeddable":true,"href":"https:\/\/e.kosmolat.eu\/lv\/wp-json\/wp\/v2\/media\/86274"}],"wp:attachment":[{"href":"https:\/\/e.kosmolat.eu\/lv\/wp-json\/wp\/v2\/media?parent=36724"}],"wp:term":[{"taxonomy":"product_cat","embeddable":true,"href":"https:\/\/e.kosmolat.eu\/lv\/wp-json\/wp\/v2\/product_cat?post=36724"},{"taxonomy":"product_tag","embeddable":true,"href":"https:\/\/e.kosmolat.eu\/lv\/wp-json\/wp\/v2\/product_tag?post=36724"}],"curies":[{"name":"wp","href":"https:\/\/api.w.org\/{rel}","templated":true}]}}