{"id":36704,"date":"2023-12-22T18:45:30","date_gmt":"2023-12-22T18:45:30","guid":{"rendered":"https:\/\/e.kosmolat.eu\/product\/sl-krems-tonis-skidras-zekes-ar-spidumu-150-ml\/"},"modified":"2025-09-22T12:10:50","modified_gmt":"2025-09-22T12:10:50","slug":"sl-krems-tonis-skidras-zekes-ar-spidumu-150-ml","status":"publish","type":"product","link":"https:\/\/e.kosmolat.eu\/lv\/product\/sl-krems-tonis-skidras-zekes-ar-spidumu-150-ml\/","title":{"rendered":"SL Kr\u0113ms-tonis &#8220;\u0161\u0137idr\u0101s ze\u0137es&#8221; ar sp\u012bdumu, 150 ml"},"content":{"rendered":"<p>Lieliska alternat\u012bva kaprona ze\u0137\u0113m karstaj\u0101 laik\u0101. Kr\u0113ms mask\u0113 zilumus, r\u0113tas, asinsvadu zvaigzn\u012btes un spilgti izteiktas v\u0113nas. Uzkl\u0101&scaron;anas laik\u0101 veido pl\u0101nu pl\u0113vi, kura imit\u0113 kaprona ze\u0137es, \u013caujot \u0101dai elpot un neradot kairin\u0101jumu. Pie&scaron;\u0137ir k\u0101j\u0101m vesel\u012bgu un mirdzo&scaron;u izskatu.<\/p>\n<p><strong>Lieto&scaron;ana:&nbsp;<\/strong>vienm\u0113r\u012bgi uzkl\u0101jiet uz att\u012br\u012btas \u0101das no p\u0113d\u0101m uz aug&scaron;u, \u013caujiet uzs\u016bkties, tad uzvelciet ap\u0123\u0113rbu. Nomazg\u0101jiet rokas uzreiz p\u0113c kr\u0113ma uzkl\u0101&scaron;anas!<\/p>\n","protected":false},"excerpt":{"rendered":"<p>Lieliska alternat\u012bva kaprona ze\u0137\u0113m karstaj\u0101 laik\u0101. Kr\u0113ms mask\u0113 zilumus, r\u0113tas, asinsvadu zvaigzn\u012btes un spilgti izteiktas v\u0113nas. Uzkl\u0101&scaron;anas laik\u0101 veido pl\u0101nu pl\u0113vi, kura imit\u0113 kaprona ze\u0137es, \u013caujot \u0101dai elpot un neradot kairin\u0101jumu. Pie&scaron;\u0137ir k\u0101j\u0101m vesel\u012bgu un mirdzo&scaron;u izskatu. Lieto&scaron;ana:&nbsp;vienm\u0113r\u012bgi uzkl\u0101jiet uz att\u012br\u012btas \u0101das no p\u0113d\u0101m uz aug&scaron;u, \u013caujiet uzs\u016bkties, tad uzvelciet ap\u0123\u0113rbu. Nomazg\u0101jiet rokas uzreiz p\u0113c [&#8230;]\n","protected":false},"featured_media":84878,"template":"","meta":[],"product_cat":[1391],"product_tag":[],"class_list":{"0":"post-36704","1":"product","2":"type-product","3":"status-publish","4":"has-post-thumbnail","6":"product_brand-matbea_sivis_by","7":"product_cat-1391","9":"first","10":"instock","11":"taxable","12":"shipping-taxable","13":"product-type-simple"},"_links":{"self":[{"href":"https:\/\/e.kosmolat.eu\/lv\/wp-json\/wp\/v2\/product\/36704","targetHints":{"allow":["GET"]}}],"collection":[{"href":"https:\/\/e.kosmolat.eu\/lv\/wp-json\/wp\/v2\/product"}],"about":[{"href":"https:\/\/e.kosmolat.eu\/lv\/wp-json\/wp\/v2\/types\/product"}],"wp:featuredmedia":[{"embeddable":true,"href":"https:\/\/e.kosmolat.eu\/lv\/wp-json\/wp\/v2\/media\/84878"}],"wp:attachment":[{"href":"https:\/\/e.kosmolat.eu\/lv\/wp-json\/wp\/v2\/media?parent=36704"}],"wp:term":[{"taxonomy":"product_cat","embeddable":true,"href":"https:\/\/e.kosmolat.eu\/lv\/wp-json\/wp\/v2\/product_cat?post=36704"},{"taxonomy":"product_tag","embeddable":true,"href":"https:\/\/e.kosmolat.eu\/lv\/wp-json\/wp\/v2\/product_tag?post=36704"}],"curies":[{"name":"wp","href":"https:\/\/api.w.org\/{rel}","templated":true}]}}