{"id":36700,"date":"2023-12-22T18:45:07","date_gmt":"2023-12-22T18:45:07","guid":{"rendered":"https:\/\/e.kosmolat.eu\/product\/sl-sprejs-autoiedegums-gaiss-150-ml\/"},"modified":"2025-09-19T21:17:41","modified_gmt":"2025-09-19T21:17:41","slug":"sl-sprejs-autoiedegums-gaiss-150-ml","status":"publish","type":"product","link":"https:\/\/e.kosmolat.eu\/lv\/product\/sl-sprejs-autoiedegums-gaiss-150-ml\/","title":{"rendered":"SL Sprejs-autoiedegums Gai\u0161s, 150 ml"},"content":{"rendered":"<p>Autoiedegums uz dab\u012bgu sast\u0101vda\u013cu b\u0101zes pie&scaron;\u0137ir \u0101dai vieglu iedeguma toni, kas saglab\u0101jas vair\u0101ku dienu garum\u0101. Sprejs papildus mitrina \u0101du. Alvejas ekstraktam piem\u012bt pretiekaisuma efekts. Burk\u0101nu ekstrakts satur tokoferolu, kas kav\u0113 vecuma izmai\u0146as, k\u0101 ar\u012b noveco&scaron;anos ultravioleto staru iedarb\u012bbas d\u0113\u013c. Ol\u012bvu ekstrakts padara \u0101du m\u012bkstu un maigu, atjauno t\u0101s tvirtumu un elast\u012bbu.<\/p>\n<p><strong>Lieto&scaron;ana:&nbsp;<\/strong>vienm\u0113r\u012bgi uzkl\u0101jiet uz att\u012br\u012btas \u0101das, \u013caujiet uzs\u016bkties, tad uzvelciet ap\u0123\u0113rbu. Nomazg\u0101jiet rokas uzreiz p\u0113c spreja uzkl\u0101&scaron;anas!<\/p>\n","protected":false},"excerpt":{"rendered":"<p>Autoiedegums uz dab\u012bgu sast\u0101vda\u013cu b\u0101zes pie&scaron;\u0137ir \u0101dai vieglu iedeguma toni, kas saglab\u0101jas vair\u0101ku dienu garum\u0101. Sprejs papildus mitrina \u0101du. Alvejas ekstraktam piem\u012bt pretiekaisuma efekts. Burk\u0101nu ekstrakts satur tokoferolu, kas kav\u0113 vecuma izmai\u0146as, k\u0101 ar\u012b noveco&scaron;anos ultravioleto staru iedarb\u012bbas d\u0113\u013c. Ol\u012bvu ekstrakts padara \u0101du m\u012bkstu un maigu, atjauno t\u0101s tvirtumu un elast\u012bbu. Lieto&scaron;ana:&nbsp;vienm\u0113r\u012bgi uzkl\u0101jiet uz att\u012br\u012btas [&#8230;]\n","protected":false},"featured_media":84874,"template":"","meta":[],"product_cat":[1391],"product_tag":[],"class_list":{"0":"post-36700","1":"product","2":"type-product","3":"status-publish","4":"has-post-thumbnail","6":"product_brand-matbea_sivis_by","7":"product_cat-1391","9":"first","10":"outofstock","11":"taxable","12":"shipping-taxable","13":"product-type-simple"},"_links":{"self":[{"href":"https:\/\/e.kosmolat.eu\/lv\/wp-json\/wp\/v2\/product\/36700","targetHints":{"allow":["GET"]}}],"collection":[{"href":"https:\/\/e.kosmolat.eu\/lv\/wp-json\/wp\/v2\/product"}],"about":[{"href":"https:\/\/e.kosmolat.eu\/lv\/wp-json\/wp\/v2\/types\/product"}],"wp:featuredmedia":[{"embeddable":true,"href":"https:\/\/e.kosmolat.eu\/lv\/wp-json\/wp\/v2\/media\/84874"}],"wp:attachment":[{"href":"https:\/\/e.kosmolat.eu\/lv\/wp-json\/wp\/v2\/media?parent=36700"}],"wp:term":[{"taxonomy":"product_cat","embeddable":true,"href":"https:\/\/e.kosmolat.eu\/lv\/wp-json\/wp\/v2\/product_cat?post=36700"},{"taxonomy":"product_tag","embeddable":true,"href":"https:\/\/e.kosmolat.eu\/lv\/wp-json\/wp\/v2\/product_tag?post=36700"}],"curies":[{"name":"wp","href":"https:\/\/api.w.org\/{rel}","templated":true}]}}