{"id":36696,"date":"2023-12-22T18:44:49","date_gmt":"2023-12-22T18:44:49","guid":{"rendered":"https:\/\/e.kosmolat.eu\/product\/sl-sprejs-autoiedegums-tumss-150-ml\/"},"modified":"2025-09-19T21:17:29","modified_gmt":"2025-09-19T21:17:29","slug":"sl-sprejs-autoiedegums-tumss-150-ml","status":"publish","type":"product","link":"https:\/\/e.kosmolat.eu\/lv\/product\/sl-sprejs-autoiedegums-tumss-150-ml\/","title":{"rendered":"SL Sprejs-autoiedegums Tum\u0161s, 150 ml"},"content":{"rendered":"<p>Autoiedegums uz dab\u012bgo sast\u0101vda\u013cu pamata pie&scaron;\u0137ir \u0101dai intens\u012bvu iedeguma toni, kas saglab\u0101jas vair\u0101ku dienu garum\u0101. Sprejs papildus mitrina \u0101du. Alvejas ekstraktam piem\u012bt pretiekaisuma efekts. Auzu ekstrakts stimul\u0113 vielmai\u0146as procesus &scaron;\u016bn\u0101s, c\u012bn\u0101s ar paaugstin\u0101tu sebuma izstr\u0101di. Kurkumas ekstrakts iedarbojas uz stresa grumb\u0101m, veicina \u0101das atjauno&scaron;anos.<\/p>\n<p><strong>Lieto&scaron;ana: <\/strong>vienm\u0113r\u012bgi uzkl\u0101jiet uz att\u012br\u012btas \u0101das, \u013caujiet uzs\u016bkties, tad uzvelciet ap\u0123\u0113rbu. Nomazg\u0101jiet rokas uzreiz p\u0113c spreja uzkl\u0101&scaron;anas!<\/p>\n","protected":false},"excerpt":{"rendered":"<p>Autoiedegums uz dab\u012bgo sast\u0101vda\u013cu pamata pie&scaron;\u0137ir \u0101dai intens\u012bvu iedeguma toni, kas saglab\u0101jas vair\u0101ku dienu garum\u0101. Sprejs papildus mitrina \u0101du. Alvejas ekstraktam piem\u012bt pretiekaisuma efekts. Auzu ekstrakts stimul\u0113 vielmai\u0146as procesus &scaron;\u016bn\u0101s, c\u012bn\u0101s ar paaugstin\u0101tu sebuma izstr\u0101di. Kurkumas ekstrakts iedarbojas uz stresa grumb\u0101m, veicina \u0101das atjauno&scaron;anos. Lieto&scaron;ana: vienm\u0113r\u012bgi uzkl\u0101jiet uz att\u012br\u012btas \u0101das, \u013caujiet uzs\u016bkties, tad uzvelciet ap\u0123\u0113rbu. [&#8230;]\n","protected":false},"featured_media":84870,"template":"","meta":[],"product_cat":[1391],"product_tag":[],"class_list":{"0":"post-36696","1":"product","2":"type-product","3":"status-publish","4":"has-post-thumbnail","6":"product_brand-matbea_sivis_by","7":"product_cat-1391","9":"first","10":"outofstock","11":"taxable","12":"shipping-taxable","13":"product-type-simple"},"_links":{"self":[{"href":"https:\/\/e.kosmolat.eu\/lv\/wp-json\/wp\/v2\/product\/36696","targetHints":{"allow":["GET"]}}],"collection":[{"href":"https:\/\/e.kosmolat.eu\/lv\/wp-json\/wp\/v2\/product"}],"about":[{"href":"https:\/\/e.kosmolat.eu\/lv\/wp-json\/wp\/v2\/types\/product"}],"wp:featuredmedia":[{"embeddable":true,"href":"https:\/\/e.kosmolat.eu\/lv\/wp-json\/wp\/v2\/media\/84870"}],"wp:attachment":[{"href":"https:\/\/e.kosmolat.eu\/lv\/wp-json\/wp\/v2\/media?parent=36696"}],"wp:term":[{"taxonomy":"product_cat","embeddable":true,"href":"https:\/\/e.kosmolat.eu\/lv\/wp-json\/wp\/v2\/product_cat?post=36696"},{"taxonomy":"product_tag","embeddable":true,"href":"https:\/\/e.kosmolat.eu\/lv\/wp-json\/wp\/v2\/product_tag?post=36696"}],"curies":[{"name":"wp","href":"https:\/\/api.w.org\/{rel}","templated":true}]}}