{"id":36684,"date":"2023-12-22T18:44:00","date_gmt":"2023-12-22T18:44:00","guid":{"rendered":"https:\/\/e.kosmolat.eu\/product\/mi-ri-ne-100-sos-nomierinosa-auduma-sejas-maska-after-sun-coconut-22-g\/"},"modified":"2025-09-19T21:16:27","modified_gmt":"2025-09-19T21:16:27","slug":"mi-ri-ne-100-sos-nomierinosa-auduma-sejas-maska-after-sun-coconut-22-g","status":"publish","type":"product","link":"https:\/\/e.kosmolat.eu\/lv\/product\/mi-ri-ne-100-sos-nomierinosa-auduma-sejas-maska-after-sun-coconut-22-g\/","title":{"rendered":"Mi-Ri-Ne 100% SOS Nomierino\u0161a auduma sejas maska After sun COCONUT, 22 g"},"content":{"rendered":"<p>M\u016bsu seja tiek pak\u013cauta saules iedarb\u012bbai ne tikai k\u016brortos, bet ar\u012b pils\u0113t\u0101 izejot \u0101r\u0101 vai pastaig\u0101joties park\u0101. UV negat\u012bv\u0101s ietekmes samazin\u0101\u0161anai un \u0101das dzi\u013cai re\u0123ener\u0101cijai tika izstr\u0101d\u0101ta nomierino\u0161a SOS-maska.<\/p>\n<div>Barojo\u0161a formula ar kokosriekstu, \u0161\u012b sviestu un E vitam\u012bnu akt\u012bvi m\u012bkstina \u0101du, nomierina, no\u0146em aps\u0101rtumus un sausumu, atjauno epidermas lip\u012bdu mantiju. Beta-karot\u012bns pal\u012bdz atjaunot skaistu un vienm\u0113r\u012bgu iedegumu, k\u0101 ar\u012b tam piem\u012bt aktioksidantu aktivit\u0101te, aizsarg\u0101 \u0101du no priek\u0161laic\u012bg\u0101s noveco\u0161anas.\n<\/div>\n<div>Lieto\u0161ana:\n<\/div>\n<div>att\u012briet \u0101du, uzman\u012bgi izv\u0113rsiet masku un pielieciet to pie sausas sejas. P\u0113c 15-20 min\u016bt\u0113m no\u0146emiet to, bet l\u012bdzek\u013ca p\u0101rpalikumus izsm\u0113r\u0113jiet pa seju un kaklu. Nav j\u0101nomazg\u0101. Lietot nepiecie\u0161am\u012bbas gad\u012bjum\u0101.\n<\/div>\n<div>Uzglab\u0101\u0161anas noteikumi:\n<\/div>\n<div>uzglab\u0101t temperat\u016br\u0101 no 5\u00b0C l\u012bdz 25\u00b0C t\u0101lum\u0101 no saules stariem b\u0113rniem nepieejam\u0101s viet\u0101s.\n<\/div>\n<div>Piesardz\u012bbas pas\u0101kumi:\n<\/div>\n<div>tikai \u0101r\u012bgai lieto\u0161anai. Izvair\u012bties no iek\u013c\u016b\u0161anas ac\u012bs. Ja iek\u013c\u016bst uz acu g\u013cot\u0101du, nomazg\u0101t ar \u016bdeni. Nelietot uz boj\u0101tas \u0101das. Kairin\u0101juma gad\u012bjum\u0101 izbeigt lieto\u0161anu. Iepakojums paredz\u0113ts 1 lieto\u0161anas reizei.<\/div>\n","protected":false},"excerpt":{"rendered":"<p>M\u016bsu seja tiek pak\u013cauta saules iedarb\u012bbai ne tikai k\u016brortos, bet ar\u012b pils\u0113t\u0101 izejot \u0101r\u0101 vai pastaig\u0101joties park\u0101. UV negat\u012bv\u0101s ietekmes samazin\u0101\u0161anai un \u0101das dzi\u013cai re\u0123ener\u0101cijai tika izstr\u0101d\u0101ta nomierino\u0161a SOS-maska. Barojo\u0161a formula ar kokosriekstu, \u0161\u012b sviestu un E vitam\u012bnu akt\u012bvi m\u012bkstina \u0101du, nomierina, no\u0146em aps\u0101rtumus un sausumu, atjauno epidermas lip\u012bdu mantiju. Beta-karot\u012bns pal\u012bdz atjaunot skaistu un [&#8230;]\n","protected":false},"featured_media":84854,"template":"","meta":[],"product_cat":[1367],"product_tag":[],"class_list":{"0":"post-36684","1":"product","2":"type-product","3":"status-publish","4":"has-post-thumbnail","6":"product_brand-malina-akcija","7":"product_cat-sejas-maskas","9":"first","10":"outofstock","11":"taxable","12":"shipping-taxable","13":"product-type-simple"},"_links":{"self":[{"href":"https:\/\/e.kosmolat.eu\/lv\/wp-json\/wp\/v2\/product\/36684","targetHints":{"allow":["GET"]}}],"collection":[{"href":"https:\/\/e.kosmolat.eu\/lv\/wp-json\/wp\/v2\/product"}],"about":[{"href":"https:\/\/e.kosmolat.eu\/lv\/wp-json\/wp\/v2\/types\/product"}],"wp:featuredmedia":[{"embeddable":true,"href":"https:\/\/e.kosmolat.eu\/lv\/wp-json\/wp\/v2\/media\/84854"}],"wp:attachment":[{"href":"https:\/\/e.kosmolat.eu\/lv\/wp-json\/wp\/v2\/media?parent=36684"}],"wp:term":[{"taxonomy":"product_cat","embeddable":true,"href":"https:\/\/e.kosmolat.eu\/lv\/wp-json\/wp\/v2\/product_cat?post=36684"},{"taxonomy":"product_tag","embeddable":true,"href":"https:\/\/e.kosmolat.eu\/lv\/wp-json\/wp\/v2\/product_tag?post=36684"}],"curies":[{"name":"wp","href":"https:\/\/api.w.org\/{rel}","templated":true}]}}