{"id":36680,"date":"2023-12-22T18:43:34","date_gmt":"2023-12-22T18:43:34","guid":{"rendered":"https:\/\/e.kosmolat.eu\/product\/cz-splash-maska-sejai-un-kaklam-la-160-ml\/"},"modified":"2025-09-19T22:35:09","modified_gmt":"2025-09-19T22:35:09","slug":"cz-splash-maska-sejai-un-kaklam-la-160-ml","status":"publish","type":"product","link":"https:\/\/e.kosmolat.eu\/lv\/product\/cz-splash-maska-sejai-un-kaklam-la-160-ml\/","title":{"rendered":"CZ Splash maska sejai un kaklam LA, 160 ml"},"content":{"rendered":"<p>Inovat\u012bva splash-maska &ndash; multifukcion\u0101ls sejas un kakla \u0101das kop\u0161anas l\u012bdzeklis: <\/p>\n<p>Atloba atmiru\u0161\u0101s \u0161\u016bnas, atjauno un toniz\u0113 \u0101du; <\/p>\n<p>Veicina pigmenta plankumu un postakne p\u0113du izgaismo\u0161anu; <\/p>\n<p>E vitam\u012bns un verbenas ekstrakts mitrina \u0101du, uzlabo \u0161\u016bnu metabolismu. <\/p>\n<p><strong>Lieto\u0161ana:&nbsp;<\/strong>izspiediet nelielu splash-maskas daudzumu plaukst\u0101s uz uzkl\u0101jiet uz no makij\u0101\u017eas&nbsp;att\u012br\u012btas, mitras sejas un kakla \u0101das, izvairoties no zon\u0101m ap ac\u012bm un l\u016bp\u0101m. Maigi pamas\u0113jiet \u0101du ar pirkstgaliem un nomazg\u0101jiet l\u012bdzekli p\u0113c 1-2 min\u016bt\u0113m ar m\u0113reni siltas temperat\u016bras \u016bdeni. Lietojiet k\u0101 papildus kop\u0161anas l\u012bdzekli 1-2 reizes ned\u0113\u013c\u0101.<\/p>\n","protected":false},"excerpt":{"rendered":"<p>Inovat\u012bva splash-maska &ndash; multifukcion\u0101ls sejas un kakla \u0101das kop\u0161anas l\u012bdzeklis: Atloba atmiru\u0161\u0101s \u0161\u016bnas, atjauno un toniz\u0113 \u0101du; Veicina pigmenta plankumu un postakne p\u0113du izgaismo\u0161anu; E vitam\u012bns un verbenas ekstrakts mitrina \u0101du, uzlabo \u0161\u016bnu metabolismu. Lieto\u0161ana:&nbsp;izspiediet nelielu splash-maskas daudzumu plaukst\u0101s uz uzkl\u0101jiet uz no makij\u0101\u017eas&nbsp;att\u012br\u012btas, mitras sejas un kakla \u0101das, izvairoties no zon\u0101m ap ac\u012bm un [&#8230;]\n","protected":false},"featured_media":86258,"template":"","meta":[],"product_cat":[1367],"product_tag":[],"class_list":{"0":"post-36680","1":"product","2":"type-product","3":"status-publish","4":"has-post-thumbnail","6":"product_brand-unilever-rus","7":"product_cat-sejas-maskas","9":"first","10":"outofstock","11":"taxable","12":"shipping-taxable","13":"product-type-simple"},"_links":{"self":[{"href":"https:\/\/e.kosmolat.eu\/lv\/wp-json\/wp\/v2\/product\/36680","targetHints":{"allow":["GET"]}}],"collection":[{"href":"https:\/\/e.kosmolat.eu\/lv\/wp-json\/wp\/v2\/product"}],"about":[{"href":"https:\/\/e.kosmolat.eu\/lv\/wp-json\/wp\/v2\/types\/product"}],"wp:featuredmedia":[{"embeddable":true,"href":"https:\/\/e.kosmolat.eu\/lv\/wp-json\/wp\/v2\/media\/86258"}],"wp:attachment":[{"href":"https:\/\/e.kosmolat.eu\/lv\/wp-json\/wp\/v2\/media?parent=36680"}],"wp:term":[{"taxonomy":"product_cat","embeddable":true,"href":"https:\/\/e.kosmolat.eu\/lv\/wp-json\/wp\/v2\/product_cat?post=36680"},{"taxonomy":"product_tag","embeddable":true,"href":"https:\/\/e.kosmolat.eu\/lv\/wp-json\/wp\/v2\/product_tag?post=36680"}],"curies":[{"name":"wp","href":"https:\/\/api.w.org\/{rel}","templated":true}]}}