{"id":36676,"date":"2023-12-22T18:43:12","date_gmt":"2023-12-22T18:43:12","guid":{"rendered":"https:\/\/e.kosmolat.eu\/product\/cz-attirosa-zeleja-pilings-la-80-ml\/"},"modified":"2025-09-19T22:34:55","modified_gmt":"2025-09-19T22:34:55","slug":"cz-attirosa-zeleja-pilings-la-80-ml","status":"publish","type":"product","link":"https:\/\/e.kosmolat.eu\/lv\/product\/cz-attirosa-zeleja-pilings-la-80-ml\/","title":{"rendered":"CZ Att\u012bro\u0161a \u017eeleja-p\u012blings LA, 80 ml"},"content":{"rendered":"<p>Viegla b\u0101ze ar skrub\u0113jo\u0161\u0101m da\u013ci\u0146\u0101m saudz\u012bgi att\u012bra \u0101du. AHA-sk\u0101bes produkta sast\u0101v\u0101 atloba atmiru\u0161\u0101s \u0161\u016bnas, pie\u0161\u0137irot sejai svaigu, vienm\u0113r\u012bgu toni.<\/p>\n<p><strong>Lieto\u0161ana:<\/strong>&nbsp;uzkl\u0101t l\u012bdzekli uz mitras sejas \u0101das, izvairoties no zonas ap ac\u012bm un l\u016bp\u0101m, pamas\u0113jiet, nomazg\u0101jiet ar \u016bdeni.<\/p>\n<p>Rezult\u0101ts: \u0101da k\u013c\u016bst maiga un mirdzo\u0161a, bet t\u0101l\u0101k\u0101 kop\u0161ana k\u013c\u016bst efekt\u012bv\u0101ka.<\/p>\n","protected":false},"excerpt":{"rendered":"<p>Viegla b\u0101ze ar skrub\u0113jo\u0161\u0101m da\u013ci\u0146\u0101m saudz\u012bgi att\u012bra \u0101du. AHA-sk\u0101bes produkta sast\u0101v\u0101 atloba atmiru\u0161\u0101s \u0161\u016bnas, pie\u0161\u0137irot sejai svaigu, vienm\u0113r\u012bgu toni. Lieto\u0161ana:&nbsp;uzkl\u0101t l\u012bdzekli uz mitras sejas \u0101das, izvairoties no zonas ap ac\u012bm un l\u016bp\u0101m, pamas\u0113jiet, nomazg\u0101jiet ar \u016bdeni. Rezult\u0101ts: \u0101da k\u013c\u016bst maiga un mirdzo\u0161a, bet t\u0101l\u0101k\u0101 kop\u0161ana k\u013c\u016bst efekt\u012bv\u0101ka.<\/p>\n","protected":false},"featured_media":86254,"template":"","meta":[],"product_cat":[1320],"product_tag":[],"class_list":{"0":"post-36676","1":"product","2":"type-product","3":"status-publish","4":"has-post-thumbnail","6":"product_brand-unilever-rus","7":"product_cat-sejas-kremi","9":"first","10":"outofstock","11":"taxable","12":"shipping-taxable","13":"product-type-simple"},"_links":{"self":[{"href":"https:\/\/e.kosmolat.eu\/lv\/wp-json\/wp\/v2\/product\/36676","targetHints":{"allow":["GET"]}}],"collection":[{"href":"https:\/\/e.kosmolat.eu\/lv\/wp-json\/wp\/v2\/product"}],"about":[{"href":"https:\/\/e.kosmolat.eu\/lv\/wp-json\/wp\/v2\/types\/product"}],"wp:featuredmedia":[{"embeddable":true,"href":"https:\/\/e.kosmolat.eu\/lv\/wp-json\/wp\/v2\/media\/86254"}],"wp:attachment":[{"href":"https:\/\/e.kosmolat.eu\/lv\/wp-json\/wp\/v2\/media?parent=36676"}],"wp:term":[{"taxonomy":"product_cat","embeddable":true,"href":"https:\/\/e.kosmolat.eu\/lv\/wp-json\/wp\/v2\/product_cat?post=36676"},{"taxonomy":"product_tag","embeddable":true,"href":"https:\/\/e.kosmolat.eu\/lv\/wp-json\/wp\/v2\/product_tag?post=36676"}],"curies":[{"name":"wp","href":"https:\/\/api.w.org\/{rel}","templated":true}]}}