{"id":36660,"date":"2023-12-22T18:42:01","date_gmt":"2023-12-22T18:42:01","guid":{"rendered":"https:\/\/e.kosmolat.eu\/product\/ns-men-atdzivinoss-skrubis-sejas-attirisanai-tigers-paw-150-ml\/"},"modified":"2025-09-19T22:23:20","modified_gmt":"2025-09-19T22:23:20","slug":"ns-men-atdzivinoss-skrubis-sejas-attirisanai-tigers-paw-150-ml","status":"publish","type":"product","link":"https:\/\/e.kosmolat.eu\/lv\/product\/ns-men-atdzivinoss-skrubis-sejas-attirisanai-tigers-paw-150-ml\/","title":{"rendered":"NS Men Atdz\u012bvino\u0161s skrubis sejas att\u012br\u012b\u0161anai Tiger\u2019S Paw, 150 ml"},"content":{"rendered":"<p>Natura Siberica Men ir atsvaidzino&scaron;s, att\u012bro&scaron;s skrubis, kas \u012bpa&scaron;i noder\u012bgs v\u012brie&scaron;u \u0101dai.<\/p>\n<p>Atvadieties no noguruma un sejas b\u0101luma. <\/p>\n<p>Lieto&scaron;ana:<\/p>\n<p>uzkl\u0101t mazu daudzumu l\u012bdzek\u013ca uz mitrin\u0101tas sejas \u0101das, iemas\u0113t un noskalot. Ieteicams lietot 2-3 reizes ned\u0113\u013c\u0101.<\/p><\/p>\n","protected":false},"excerpt":{"rendered":"<p>Natura Siberica Men ir atsvaidzino&scaron;s, att\u012bro&scaron;s skrubis, kas \u012bpa&scaron;i noder\u012bgs v\u012brie&scaron;u \u0101dai. Atvadieties no noguruma un sejas b\u0101luma. Lieto&scaron;ana: uzkl\u0101t mazu daudzumu l\u012bdzek\u013ca uz mitrin\u0101tas sejas \u0101das, iemas\u0113t un noskalot. Ieteicams lietot 2-3 reizes ned\u0113\u013c\u0101.<\/p>\n","protected":false},"featured_media":86062,"template":"","meta":[],"product_cat":[1394],"product_tag":[],"class_list":{"0":"post-36660","1":"product","2":"type-product","3":"status-publish","4":"has-post-thumbnail","6":"product_brand-siberica_ee","7":"product_cat-skrubji-un-pilingi-sejai","9":"first","10":"outofstock","11":"taxable","12":"shipping-taxable","13":"product-type-simple"},"_links":{"self":[{"href":"https:\/\/e.kosmolat.eu\/lv\/wp-json\/wp\/v2\/product\/36660","targetHints":{"allow":["GET"]}}],"collection":[{"href":"https:\/\/e.kosmolat.eu\/lv\/wp-json\/wp\/v2\/product"}],"about":[{"href":"https:\/\/e.kosmolat.eu\/lv\/wp-json\/wp\/v2\/types\/product"}],"wp:featuredmedia":[{"embeddable":true,"href":"https:\/\/e.kosmolat.eu\/lv\/wp-json\/wp\/v2\/media\/86062"}],"wp:attachment":[{"href":"https:\/\/e.kosmolat.eu\/lv\/wp-json\/wp\/v2\/media?parent=36660"}],"wp:term":[{"taxonomy":"product_cat","embeddable":true,"href":"https:\/\/e.kosmolat.eu\/lv\/wp-json\/wp\/v2\/product_cat?post=36660"},{"taxonomy":"product_tag","embeddable":true,"href":"https:\/\/e.kosmolat.eu\/lv\/wp-json\/wp\/v2\/product_tag?post=36660"}],"curies":[{"name":"wp","href":"https:\/\/api.w.org\/{rel}","templated":true}]}}