{"id":36640,"date":"2023-12-22T18:40:56","date_gmt":"2023-12-22T18:40:56","guid":{"rendered":"https:\/\/e.kosmolat.eu\/product\/mazgasanas-un-masazas-cimds-ar-bambusa-ogli\/"},"modified":"2026-04-22T06:40:03","modified_gmt":"2026-04-22T06:40:03","slug":"mazgasanas-un-masazas-cimds-ar-bambusa-ogli","status":"publish","type":"product","link":"https:\/\/e.kosmolat.eu\/lv\/product\/mazgasanas-un-masazas-cimds-ar-bambusa-ogli\/","title":{"rendered":"Mazg\u0101\u0161an\u0101s un mas\u0101\u017eas cimds ar bambusa ogli"},"content":{"rendered":"<p>NULL<\/p>\n","protected":false},"excerpt":{"rendered":"<p>NULL<\/p>\n","protected":false},"featured_media":86034,"template":"","meta":[],"product_cat":[1999],"product_tag":[],"class_list":{"0":"post-36640","1":"product","2":"type-product","3":"status-publish","4":"has-post-thumbnail","6":"product_brand-donegal-sp-zo-o-_pl","7":"product_cat-bez-kategorijas","9":"first","10":"instock","11":"taxable","12":"shipping-taxable","13":"product-type-simple"},"_links":{"self":[{"href":"https:\/\/e.kosmolat.eu\/lv\/wp-json\/wp\/v2\/product\/36640","targetHints":{"allow":["GET"]}}],"collection":[{"href":"https:\/\/e.kosmolat.eu\/lv\/wp-json\/wp\/v2\/product"}],"about":[{"href":"https:\/\/e.kosmolat.eu\/lv\/wp-json\/wp\/v2\/types\/product"}],"wp:featuredmedia":[{"embeddable":true,"href":"https:\/\/e.kosmolat.eu\/lv\/wp-json\/wp\/v2\/media\/86034"}],"wp:attachment":[{"href":"https:\/\/e.kosmolat.eu\/lv\/wp-json\/wp\/v2\/media?parent=36640"}],"wp:term":[{"taxonomy":"product_cat","embeddable":true,"href":"https:\/\/e.kosmolat.eu\/lv\/wp-json\/wp\/v2\/product_cat?post=36640"},{"taxonomy":"product_tag","embeddable":true,"href":"https:\/\/e.kosmolat.eu\/lv\/wp-json\/wp\/v2\/product_tag?post=36640"}],"curies":[{"name":"wp","href":"https:\/\/api.w.org\/{rel}","templated":true}]}}