{"id":36636,"date":"2023-12-22T18:40:35","date_gmt":"2023-12-22T18:40:35","guid":{"rendered":"https:\/\/e.kosmolat.eu\/product\/princessa-komplekts-smarzudens-75-ml-bernu-sampuns-2in1-tutti-frutti-300-ml\/"},"modified":"2026-02-16T05:55:32","modified_gmt":"2026-02-16T05:55:32","slug":"princessa-komplekts-smarzudens-75-ml-bernu-sampuns-2in1-tutti-frutti-300-ml","status":"publish","type":"product","link":"https:\/\/e.kosmolat.eu\/lv\/product\/princessa-komplekts-smarzudens-75-ml-bernu-sampuns-2in1-tutti-frutti-300-ml\/","title":{"rendered":"Princessa Komplekts (Smar\u017e\u016bdens, 75 ml + B\u0113rnu \u0161amp\u016bns 2in1 Tutti-frutti, 300 ml)"},"content":{"rendered":"<p>B\u0113rniem no 3 gadu vecuma. Lietot pieaugu&scaron;o uzraudz\u012bb\u0101.<\/p>\n<p>1) B\u0113rnu &scaron;amp\u016bns 2in1 Tutti-frutti, 300 ml<\/p>\n<p>2) Smar\u017e\u016bdens , 75 ml<\/p>\n<p><strong>Lieto&scaron;ana: <\/strong>1) nelielu &scaron;amp\u016bna daudzumu uzkl\u0101t uz mitriem matiem, pamas\u0113t l\u012bdz veidojas putas, tas k\u0101rt\u012bgi nomazg\u0101t ar \u016bdeni. 2) Nedaudz smar\u017e\u016bdens uzkl\u0101t uz \u0137erme\u0146a \u0101das un matiem.<\/p>\n","protected":false},"excerpt":{"rendered":"<p>B\u0113rniem no 3 gadu vecuma. Lietot pieaugu&scaron;o uzraudz\u012bb\u0101. 1) B\u0113rnu &scaron;amp\u016bns 2in1 Tutti-frutti, 300 ml 2) Smar\u017e\u016bdens , 75 ml Lieto&scaron;ana: 1) nelielu &scaron;amp\u016bna daudzumu uzkl\u0101t uz mitriem matiem, pamas\u0113t l\u012bdz veidojas putas, tas k\u0101rt\u012bgi nomazg\u0101t ar \u016bdeni. 2) Nedaudz smar\u017e\u016bdens uzkl\u0101t uz \u0137erme\u0146a \u0101das un matiem.<\/p>\n","protected":false},"featured_media":86022,"template":"","meta":[],"product_cat":[1849],"product_tag":[],"class_list":{"0":"post-36636","1":"product","2":"type-product","3":"status-publish","4":"has-post-thumbnail","6":"product_brand-vecie-kodi","7":"product_cat-davanu-komplekti-berniem","9":"first","10":"outofstock","11":"taxable","12":"shipping-taxable","13":"product-type-simple"},"_links":{"self":[{"href":"https:\/\/e.kosmolat.eu\/lv\/wp-json\/wp\/v2\/product\/36636","targetHints":{"allow":["GET"]}}],"collection":[{"href":"https:\/\/e.kosmolat.eu\/lv\/wp-json\/wp\/v2\/product"}],"about":[{"href":"https:\/\/e.kosmolat.eu\/lv\/wp-json\/wp\/v2\/types\/product"}],"wp:featuredmedia":[{"embeddable":true,"href":"https:\/\/e.kosmolat.eu\/lv\/wp-json\/wp\/v2\/media\/86022"}],"wp:attachment":[{"href":"https:\/\/e.kosmolat.eu\/lv\/wp-json\/wp\/v2\/media?parent=36636"}],"wp:term":[{"taxonomy":"product_cat","embeddable":true,"href":"https:\/\/e.kosmolat.eu\/lv\/wp-json\/wp\/v2\/product_cat?post=36636"},{"taxonomy":"product_tag","embeddable":true,"href":"https:\/\/e.kosmolat.eu\/lv\/wp-json\/wp\/v2\/product_tag?post=36636"}],"curies":[{"name":"wp","href":"https:\/\/api.w.org\/{rel}","templated":true}]}}