{"id":36632,"date":"2023-12-22T18:40:12","date_gmt":"2023-12-22T18:40:12","guid":{"rendered":"https:\/\/e.kosmolat.eu\/product\/dd-krems-retinols-30-ml\/"},"modified":"2026-04-22T07:21:46","modified_gmt":"2026-04-22T07:21:46","slug":"the-dr-hc-intens-pretnovec-sejas-krems-retinols-30-ml-30-ml","status":"publish","type":"product","link":"https:\/\/e.kosmolat.eu\/lv\/product\/the-dr-hc-intens-pretnovec-sejas-krems-retinols-30-ml-30-ml\/","title":{"rendered":"The Dr. H&#038;C Intens. pretnovec. sejas kr\u0113ms Retinols, 30 ml, 30 ml"},"content":{"rendered":"<p>Visiem \u0101das tipiem.<\/p>\n<ul>\n<li>kav\u0113 \u0101das noveco&scaron;anos un atjauno \u0101du<\/li>\n<li>kori\u0123\u0113 eso&scaron;o grumbu dzi\u013cumu<\/li>\n<li>uzlabo \u0101das \u0101r\u0113jo izskatu<\/li>\n<li>nodro&scaron;ina antioksidantu aizsardz\u012bbu<\/li>\n<li>stimul\u0113 kolag\u0113na izstr\u0101di<\/li>\n<\/ul>\n<p><strong>Lieto&scaron;ana:&nbsp;<\/strong>uzkl\u0101t uz t\u012bras \u0101das ar viegl\u0101m mas\u0101\u017eas kust\u012bb\u0101m.&nbsp;<\/p>\n<p><strong>Piesardz\u012bbas pas\u0101kumi:<\/strong>&nbsp;iesp\u0113jama paaugstin\u0101ta individu\u0101l\u0101 jut\u012bba pret atsevi&scaron;\u0137\u0101m sast\u0101vda\u013c\u0101m. Satur A vitam\u012bnu. L\u016bgums pirms lieto&scaron;anas p\u0101rdom\u0101t savu dienas devu.<\/p>\n","protected":false},"excerpt":{"rendered":"<p>Visiem \u0101das tipiem. kav\u0113 \u0101das noveco&scaron;anos un atjauno \u0101du kori\u0123\u0113 eso&scaron;o grumbu dzi\u013cumu uzlabo \u0101das \u0101r\u0113jo izskatu nodro&scaron;ina antioksidantu aizsardz\u012bbu stimul\u0113 kolag\u0113na izstr\u0101di Lieto&scaron;ana:&nbsp;uzkl\u0101t uz t\u012bras \u0101das ar viegl\u0101m mas\u0101\u017eas kust\u012bb\u0101m.&nbsp; Piesardz\u012bbas pas\u0101kumi:&nbsp;iesp\u0113jama paaugstin\u0101ta individu\u0101l\u0101 jut\u012bba pret atsevi&scaron;\u0137\u0101m sast\u0101vda\u013c\u0101m. Satur A vitam\u012bnu. L\u016bgums pirms lieto&scaron;anas p\u0101rdom\u0101t savu dienas devu.<\/p>\n","protected":false},"featured_media":86018,"template":"","meta":[],"product_cat":[1999],"product_tag":[],"class_list":{"0":"post-36632","1":"product","2":"type-product","3":"status-publish","4":"has-post-thumbnail","6":"product_brand-elfa_ua","7":"product_cat-bez-kategorijas","9":"first","10":"instock","11":"taxable","12":"shipping-taxable","13":"product-type-simple"},"_links":{"self":[{"href":"https:\/\/e.kosmolat.eu\/lv\/wp-json\/wp\/v2\/product\/36632","targetHints":{"allow":["GET"]}}],"collection":[{"href":"https:\/\/e.kosmolat.eu\/lv\/wp-json\/wp\/v2\/product"}],"about":[{"href":"https:\/\/e.kosmolat.eu\/lv\/wp-json\/wp\/v2\/types\/product"}],"wp:featuredmedia":[{"embeddable":true,"href":"https:\/\/e.kosmolat.eu\/lv\/wp-json\/wp\/v2\/media\/86018"}],"wp:attachment":[{"href":"https:\/\/e.kosmolat.eu\/lv\/wp-json\/wp\/v2\/media?parent=36632"}],"wp:term":[{"taxonomy":"product_cat","embeddable":true,"href":"https:\/\/e.kosmolat.eu\/lv\/wp-json\/wp\/v2\/product_cat?post=36632"},{"taxonomy":"product_tag","embeddable":true,"href":"https:\/\/e.kosmolat.eu\/lv\/wp-json\/wp\/v2\/product_tag?post=36632"}],"curies":[{"name":"wp","href":"https:\/\/api.w.org\/{rel}","templated":true}]}}