{"id":36628,"date":"2023-12-22T18:39:48","date_gmt":"2023-12-22T18:39:48","guid":{"rendered":"https:\/\/e.kosmolat.eu\/product\/ns-oblepikha-dusas-zeleja-energizing-freshness-400-ml\/"},"modified":"2025-09-19T21:14:40","modified_gmt":"2025-09-19T21:14:40","slug":"ns-oblepikha-dusas-zeleja-energizing-freshness-400-ml","status":"publish","type":"product","link":"https:\/\/e.kosmolat.eu\/lv\/product\/ns-oblepikha-dusas-zeleja-energizing-freshness-400-ml\/","title":{"rendered":"NS Oblepikha Du\u0161as \u017eeleja Energizing Freshness, 400 ml"},"content":{"rendered":"<p>Du\u0161as \u017eeleja ar organisko smilts\u0113rk\u0161\u0137u &nbsp;hidrol\u0101tu<br \/>\nAltajas smilts\u0113rk\u0161\u0137is ir izmantots gadsimtiem ilgi matu un skaistumkop\u0161an\u0101. &Scaron;\u012b apbr\u012bnojam\u0101 Sib\u012brijas oga ir visbag\u0101t\u0101kais dab\u012bgais beta-karot\u012bna, reto omega 3-6-7-9, labv\u0113l\u012bgo tauksk\u0101bju un v\u0113rt\u012bgo flavono\u012bdu avots.<br \/>\nHidrol\u0101ts ir koncentr\u0113ts vitam\u012bnu un mikroelementu kokteilis, kas ieg\u016bts no augiem destil\u0101cijas ce\u013c\u0101. \u0100das kop\u0161anas l\u012bdzek\u013ci, kuru pamat\u0101 ir hidrol\u0101ti, nodro\u0161ina intens\u012bvu \u0101das kop\u0161anu, padarot \u0101du maigu un samtainu.&nbsp;<br \/>\nS\u0101ciet savu dienu ar ener\u0123\u0113tisko du\u0161as \u017eeleju uz hidrol\u0101ta b\u0101zes, kas pies\u0101tin\u0101ta ar organisko Altajas smilts\u0113rk\u0161\u0137u, arktisko dz\u0113rve\u0146u un prie\u017eu riekstu, jakutu sk\u0101benes un organisko piparm\u0113tru mais\u012bjumu, kas mitrina un piepilda \u0101du ar ener\u0123iju, kam piem\u012bt antioksidanta un atjaunojo\u0161as \u012bpa\u0161\u012bbas, paaugstinot garast\u0101vokli visas dienas garum\u0101.<br \/>\nLieto\u0161ana: Uzkl\u0101jiet nelielu daudzumu \u017eelejas uz s\u016bk\u013ca un maigi iemas\u0113jiet mitr\u0101 \u0101d\u0101. R\u016bp\u012bgi noskalojiet.<\/p>\n","protected":false},"excerpt":{"rendered":"<p>Du\u0161as \u017eeleja ar organisko smilts\u0113rk\u0161\u0137u &nbsp;hidrol\u0101tu Altajas smilts\u0113rk\u0161\u0137is ir izmantots gadsimtiem ilgi matu un skaistumkop\u0161an\u0101. &Scaron;\u012b apbr\u012bnojam\u0101 Sib\u012brijas oga ir visbag\u0101t\u0101kais dab\u012bgais beta-karot\u012bna, reto omega 3-6-7-9, labv\u0113l\u012bgo tauksk\u0101bju un v\u0113rt\u012bgo flavono\u012bdu avots. Hidrol\u0101ts ir koncentr\u0113ts vitam\u012bnu un mikroelementu kokteilis, kas ieg\u016bts no augiem destil\u0101cijas ce\u013c\u0101. \u0100das kop\u0161anas l\u012bdzek\u013ci, kuru pamat\u0101 ir hidrol\u0101ti, nodro\u0161ina intens\u012bvu \u0101das [&#8230;]\n","protected":false},"featured_media":84822,"template":"","meta":[],"product_cat":[1280],"product_tag":[],"class_list":{"0":"post-36628","1":"product","2":"type-product","3":"status-publish","4":"has-post-thumbnail","6":"product_brand-siberica_ee","7":"product_cat-dusas-zelejas-un-dusas-ellas","9":"first","10":"outofstock","11":"taxable","12":"shipping-taxable","13":"product-type-simple"},"_links":{"self":[{"href":"https:\/\/e.kosmolat.eu\/lv\/wp-json\/wp\/v2\/product\/36628","targetHints":{"allow":["GET"]}}],"collection":[{"href":"https:\/\/e.kosmolat.eu\/lv\/wp-json\/wp\/v2\/product"}],"about":[{"href":"https:\/\/e.kosmolat.eu\/lv\/wp-json\/wp\/v2\/types\/product"}],"wp:featuredmedia":[{"embeddable":true,"href":"https:\/\/e.kosmolat.eu\/lv\/wp-json\/wp\/v2\/media\/84822"}],"wp:attachment":[{"href":"https:\/\/e.kosmolat.eu\/lv\/wp-json\/wp\/v2\/media?parent=36628"}],"wp:term":[{"taxonomy":"product_cat","embeddable":true,"href":"https:\/\/e.kosmolat.eu\/lv\/wp-json\/wp\/v2\/product_cat?post=36628"},{"taxonomy":"product_tag","embeddable":true,"href":"https:\/\/e.kosmolat.eu\/lv\/wp-json\/wp\/v2\/product_tag?post=36628"}],"curies":[{"name":"wp","href":"https:\/\/api.w.org\/{rel}","templated":true}]}}