{"id":36612,"date":"2023-12-22T18:38:10","date_gmt":"2023-12-22T18:38:10","guid":{"rendered":"https:\/\/e.kosmolat.eu\/product\/skin-intensives-sejas-serums-intensiva-grumbu-izlidzinasana-30-g\/"},"modified":"2025-09-19T22:19:25","modified_gmt":"2025-09-19T22:19:25","slug":"skin-intensives-sejas-serums-intensiva-grumbu-izlidzinasana-30-g","status":"publish","type":"product","link":"https:\/\/e.kosmolat.eu\/lv\/product\/skin-intensives-sejas-serums-intensiva-grumbu-izlidzinasana-30-g\/","title":{"rendered":"Skin Intensives Sejas serums Intens\u012bv\u0101 grumbu izl\u012bdzin\u0101\u0161ana, 30 g"},"content":{"rendered":"<div>Glieme\u017eu muc\u012bnam piem\u012bt izteikts atjaunino\u0161s efekts. Uztur elast\u012bbu, uzlabo \u0101das tekst\u016bru, nodro\u0161ina t\u0101s gludumu un mitrumu. Efekt\u012bvi atjauno un atjaunina \u0101das virsmu. Karnoz\u012bns \u2013 pept\u012bds, kuram piem\u012bt augsta antioksidantu aktivit\u0101te. Stimul\u0113 kolag\u0113na sint\u0113zi, izl\u012bdzina \u0101du, kav\u0113 grumbu par\u0101d\u012b\u0161anos un izl\u012bdzina sejas toni. Serumu var lietot past\u0101v\u012bgi un pamatkop\u0161anas l\u012bdzek\u013ca bag\u0101tin\u0101\u0161anai, lai pastiprin\u0101tu t\u0101 iedarb\u012bbu. <\/div>\n<h4>Lieto\u0161ana: <\/h4>\n<div>uzkl\u0101t nelielu seruma daudzumu uz sausas att\u012br\u012btas sejas \u0101das. Lietot ikdien\u0101 iev\u0113rojama rezult\u0101ta sasnieg\u0161anai.<\/div>\n","protected":false},"excerpt":{"rendered":"<p>Glieme\u017eu muc\u012bnam piem\u012bt izteikts atjaunino\u0161s efekts. Uztur elast\u012bbu, uzlabo \u0101das tekst\u016bru, nodro\u0161ina t\u0101s gludumu un mitrumu. Efekt\u012bvi atjauno un atjaunina \u0101das virsmu. Karnoz\u012bns \u2013 pept\u012bds, kuram piem\u012bt augsta antioksidantu aktivit\u0101te. Stimul\u0113 kolag\u0113na sint\u0113zi, izl\u012bdzina \u0101du, kav\u0113 grumbu par\u0101d\u012b\u0161anos un izl\u012bdzina sejas toni. Serumu var lietot past\u0101v\u012bgi un pamatkop\u0161anas l\u012bdzek\u013ca bag\u0101tin\u0101\u0161anai, lai pastiprin\u0101tu t\u0101 iedarb\u012bbu. Lieto\u0161ana: [&#8230;]\n","protected":false},"featured_media":85998,"template":"","meta":[],"product_cat":[1325],"product_tag":[],"class_list":{"0":"post-36612","1":"product","2":"type-product","3":"status-publish","4":"has-post-thumbnail","6":"product_brand-belkosmex_by","7":"product_cat-serumi","9":"first","10":"outofstock","11":"taxable","12":"shipping-taxable","13":"product-type-simple"},"_links":{"self":[{"href":"https:\/\/e.kosmolat.eu\/lv\/wp-json\/wp\/v2\/product\/36612","targetHints":{"allow":["GET"]}}],"collection":[{"href":"https:\/\/e.kosmolat.eu\/lv\/wp-json\/wp\/v2\/product"}],"about":[{"href":"https:\/\/e.kosmolat.eu\/lv\/wp-json\/wp\/v2\/types\/product"}],"wp:featuredmedia":[{"embeddable":true,"href":"https:\/\/e.kosmolat.eu\/lv\/wp-json\/wp\/v2\/media\/85998"}],"wp:attachment":[{"href":"https:\/\/e.kosmolat.eu\/lv\/wp-json\/wp\/v2\/media?parent=36612"}],"wp:term":[{"taxonomy":"product_cat","embeddable":true,"href":"https:\/\/e.kosmolat.eu\/lv\/wp-json\/wp\/v2\/product_cat?post=36612"},{"taxonomy":"product_tag","embeddable":true,"href":"https:\/\/e.kosmolat.eu\/lv\/wp-json\/wp\/v2\/product_tag?post=36612"}],"curies":[{"name":"wp","href":"https:\/\/api.w.org\/{rel}","templated":true}]}}