{"id":36564,"date":"2023-12-22T18:35:26","date_gmt":"2023-12-22T18:35:26","guid":{"rendered":"https:\/\/e.kosmolat.eu\/product\/lv-metal-hype-16-tonis-skidras-acu-enas\/"},"modified":"2025-09-19T21:14:28","modified_gmt":"2025-09-19T21:14:28","slug":"lv-metal-hype-16-tonis-skidras-acu-enas","status":"publish","type":"product","link":"https:\/\/e.kosmolat.eu\/lv\/product\/lv-metal-hype-16-tonis-skidras-acu-enas\/","title":{"rendered":"LV Metal hype 16 tonis \u0160\u0137idr\u0101s acu \u0113nas"},"content":{"rendered":"<p>NULL<\/p>\n","protected":false},"excerpt":{"rendered":"<p>NULL<\/p>\n","protected":false},"featured_media":84818,"template":"","meta":[],"product_cat":[1296],"product_tag":[],"class_list":{"0":"post-36564","1":"product","2":"type-product","3":"status-publish","4":"has-post-thumbnail","6":"product_brand-lux-visage_by","7":"product_cat-1296","9":"first","10":"outofstock","11":"taxable","12":"shipping-taxable","13":"product-type-simple"},"_links":{"self":[{"href":"https:\/\/e.kosmolat.eu\/lv\/wp-json\/wp\/v2\/product\/36564","targetHints":{"allow":["GET"]}}],"collection":[{"href":"https:\/\/e.kosmolat.eu\/lv\/wp-json\/wp\/v2\/product"}],"about":[{"href":"https:\/\/e.kosmolat.eu\/lv\/wp-json\/wp\/v2\/types\/product"}],"wp:featuredmedia":[{"embeddable":true,"href":"https:\/\/e.kosmolat.eu\/lv\/wp-json\/wp\/v2\/media\/84818"}],"wp:attachment":[{"href":"https:\/\/e.kosmolat.eu\/lv\/wp-json\/wp\/v2\/media?parent=36564"}],"wp:term":[{"taxonomy":"product_cat","embeddable":true,"href":"https:\/\/e.kosmolat.eu\/lv\/wp-json\/wp\/v2\/product_cat?post=36564"},{"taxonomy":"product_tag","embeddable":true,"href":"https:\/\/e.kosmolat.eu\/lv\/wp-json\/wp\/v2\/product_tag?post=36564"}],"curies":[{"name":"wp","href":"https:\/\/api.w.org\/{rel}","templated":true}]}}