{"id":36520,"date":"2023-12-22T18:32:46","date_gmt":"2023-12-22T18:32:46","guid":{"rendered":"https:\/\/e.kosmolat.eu\/product\/ns-hair-evolution-dabigs-matu-kondicionieris-re-grow-matu-stiprinasanaaktiva-stimulisana-245\/"},"modified":"2026-01-02T10:33:25","modified_gmt":"2026-01-02T10:33:25","slug":"ns-hair-evolution-dabigs-matu-kondicionieris-re-grow-matu-stiprinasanaaktiva-stimulisana-245","status":"publish","type":"product","link":"https:\/\/e.kosmolat.eu\/lv\/product\/ns-hair-evolution-dabigs-matu-kondicionieris-re-grow-matu-stiprinasanaaktiva-stimulisana-245\/","title":{"rendered":"NS. Hair Evolution. Dab\u012bgs matu kondicionieris &#8220;Re-Grow&#8221; Matu stiprin\u0101\u0161ana&#038;akt\u012bva stimul\u012b\u0161ana, 245"},"content":{"rendered":"<\/p>\n","protected":false},"excerpt":{"rendered":"","protected":false},"featured_media":84754,"template":"","meta":[],"product_cat":[1638],"product_tag":[],"class_list":{"0":"post-36520","1":"product","2":"type-product","3":"status-publish","4":"has-post-thumbnail","6":"product_brand-siberica_ee","7":"product_cat-balzami","9":"first","10":"outofstock","11":"taxable","12":"shipping-taxable","13":"product-type-simple"},"_links":{"self":[{"href":"https:\/\/e.kosmolat.eu\/lv\/wp-json\/wp\/v2\/product\/36520","targetHints":{"allow":["GET"]}}],"collection":[{"href":"https:\/\/e.kosmolat.eu\/lv\/wp-json\/wp\/v2\/product"}],"about":[{"href":"https:\/\/e.kosmolat.eu\/lv\/wp-json\/wp\/v2\/types\/product"}],"wp:featuredmedia":[{"embeddable":true,"href":"https:\/\/e.kosmolat.eu\/lv\/wp-json\/wp\/v2\/media\/84754"}],"wp:attachment":[{"href":"https:\/\/e.kosmolat.eu\/lv\/wp-json\/wp\/v2\/media?parent=36520"}],"wp:term":[{"taxonomy":"product_cat","embeddable":true,"href":"https:\/\/e.kosmolat.eu\/lv\/wp-json\/wp\/v2\/product_cat?post=36520"},{"taxonomy":"product_tag","embeddable":true,"href":"https:\/\/e.kosmolat.eu\/lv\/wp-json\/wp\/v2\/product_tag?post=36520"}],"curies":[{"name":"wp","href":"https:\/\/api.w.org\/{rel}","templated":true}]}}