{"id":36496,"date":"2023-12-22T18:30:49","date_gmt":"2023-12-22T18:30:49","guid":{"rendered":"https:\/\/e.kosmolat.eu\/product\/ns-men-barojosa-skusanas-zeleja-arctic-wolf-150-ml\/"},"modified":"2025-09-19T22:01:14","modified_gmt":"2025-09-19T22:01:14","slug":"ns-men-barojosa-skusanas-zeleja-arctic-wolf-150-ml","status":"publish","type":"product","link":"https:\/\/e.kosmolat.eu\/lv\/product\/ns-men-barojosa-skusanas-zeleja-arctic-wolf-150-ml\/","title":{"rendered":"NS MEN. Barojo\u0161a sk\u016b\u0161an\u0101s \u017eeleja Arctic Wolf, 150 ml"},"content":{"rendered":"<p>Izbaudiet sk\u016b\u0161an\u0101s procesu ar Sib\u012brijas prie\u017eu e\u013c\u013cu, piparm\u0113tru \u0113terisko e\u013c\u013cu un E vitam\u012bnu. Sk\u016b\u0161an\u0101s \u017eeleja nodro\u0161ina r\u016bp\u012bgu komfortu sk\u016b\u0161anos, padara \u0101du m\u012bkstu un koptu, ar delik\u0101tu veldz\u0113jo\u0161u efektu. <\/p>\n<h4>Lieto\u0161ana: <\/h4>\n<p>uzkl\u0101jiet nelielu \u017eelejas daudzumu, vienm\u0113r\u012bgi izsm\u0113r\u0113jiet pa mitru sejas \u0101du, uzs\u0101ciet sk\u016b\u0161anos, tad nomazg\u0101jiet \u017eelejas p\u0101rpalikumus ar siltu \u016bdeni.\u00a0<\/p>\n","protected":false},"excerpt":{"rendered":"<p>Izbaudiet sk\u016b\u0161an\u0101s procesu ar Sib\u012brijas prie\u017eu e\u013c\u013cu, piparm\u0113tru \u0113terisko e\u013c\u013cu un E vitam\u012bnu. Sk\u016b\u0161an\u0101s \u017eeleja nodro\u0161ina r\u016bp\u012bgu komfortu sk\u016b\u0161anos, padara \u0101du m\u012bkstu un koptu, ar delik\u0101tu veldz\u0113jo\u0161u efektu. Lieto\u0161ana: uzkl\u0101jiet nelielu \u017eelejas daudzumu, vienm\u0113r\u012bgi izsm\u0113r\u0113jiet pa mitru sejas \u0101du, uzs\u0101ciet sk\u016b\u0161anos, tad nomazg\u0101jiet \u017eelejas p\u0101rpalikumus ar siltu \u016bdeni.\u00a0<\/p>\n","protected":false},"featured_media":85686,"template":"","meta":[],"product_cat":[1680],"product_tag":[],"class_list":{"0":"post-36496","1":"product","2":"type-product","3":"status-publish","4":"has-post-thumbnail","6":"product_brand-siberica_ee","7":"product_cat-skusanas-kosmetika","9":"first","10":"outofstock","11":"taxable","12":"shipping-taxable","13":"product-type-simple"},"_links":{"self":[{"href":"https:\/\/e.kosmolat.eu\/lv\/wp-json\/wp\/v2\/product\/36496","targetHints":{"allow":["GET"]}}],"collection":[{"href":"https:\/\/e.kosmolat.eu\/lv\/wp-json\/wp\/v2\/product"}],"about":[{"href":"https:\/\/e.kosmolat.eu\/lv\/wp-json\/wp\/v2\/types\/product"}],"wp:featuredmedia":[{"embeddable":true,"href":"https:\/\/e.kosmolat.eu\/lv\/wp-json\/wp\/v2\/media\/85686"}],"wp:attachment":[{"href":"https:\/\/e.kosmolat.eu\/lv\/wp-json\/wp\/v2\/media?parent=36496"}],"wp:term":[{"taxonomy":"product_cat","embeddable":true,"href":"https:\/\/e.kosmolat.eu\/lv\/wp-json\/wp\/v2\/product_cat?post=36496"},{"taxonomy":"product_tag","embeddable":true,"href":"https:\/\/e.kosmolat.eu\/lv\/wp-json\/wp\/v2\/product_tag?post=36496"}],"curies":[{"name":"wp","href":"https:\/\/api.w.org\/{rel}","templated":true}]}}