{"id":36492,"date":"2023-12-22T18:24:18","date_gmt":"2023-12-22T18:24:18","guid":{"rendered":"https:\/\/e.kosmolat.eu\/product\/sieviesu-smarzas-arpeggio-essence-50-ml\/"},"modified":"2026-03-31T20:04:59","modified_gmt":"2026-03-31T20:04:59","slug":"sieviesu-smarzas-arpeggio-essence-50-ml","status":"publish","type":"product","link":"https:\/\/e.kosmolat.eu\/lv\/product\/sieviesu-smarzas-arpeggio-essence-50-ml\/","title":{"rendered":"Sievie\u0161u smar\u017eas ARPEGGIO ESSENCE, 50 ml"},"content":{"rendered":"<div>Aug\u013cu &#8211; ziedu arom\u0101ts.<\/div>\n<div>S\u0101kuma notis: za\u013cie ceri\u0146i, Sic\u012blijas citrons<\/div>\n<div>Vidus notis: persiku ziedi, t\u0113jas lapas, peonija<\/div>\n<div>Beigu notis: ambra, muskuss, ciedrs.<\/div>\n","protected":false},"excerpt":{"rendered":"<p>Aug\u013cu &#8211; ziedu arom\u0101ts. S\u0101kuma notis: za\u013cie ceri\u0146i, Sic\u012blijas citrons Vidus notis: persiku ziedi, t\u0113jas lapas, peonija Beigu notis: ambra, muskuss, ciedrs.<\/p>\n","protected":false},"featured_media":85426,"template":"","meta":[],"product_cat":[1445],"product_tag":[],"class_list":{"0":"post-36492","1":"product","2":"type-product","3":"status-publish","4":"has-post-thumbnail","6":"product_brand-parfum-by","7":"product_cat-sieviesu-smarzas-un-tualetes-udeni","9":"first","10":"outofstock","11":"taxable","12":"shipping-taxable","13":"product-type-simple"},"_links":{"self":[{"href":"https:\/\/e.kosmolat.eu\/lv\/wp-json\/wp\/v2\/product\/36492","targetHints":{"allow":["GET"]}}],"collection":[{"href":"https:\/\/e.kosmolat.eu\/lv\/wp-json\/wp\/v2\/product"}],"about":[{"href":"https:\/\/e.kosmolat.eu\/lv\/wp-json\/wp\/v2\/types\/product"}],"wp:featuredmedia":[{"embeddable":true,"href":"https:\/\/e.kosmolat.eu\/lv\/wp-json\/wp\/v2\/media\/85426"}],"wp:attachment":[{"href":"https:\/\/e.kosmolat.eu\/lv\/wp-json\/wp\/v2\/media?parent=36492"}],"wp:term":[{"taxonomy":"product_cat","embeddable":true,"href":"https:\/\/e.kosmolat.eu\/lv\/wp-json\/wp\/v2\/product_cat?post=36492"},{"taxonomy":"product_tag","embeddable":true,"href":"https:\/\/e.kosmolat.eu\/lv\/wp-json\/wp\/v2\/product_tag?post=36492"}],"curies":[{"name":"wp","href":"https:\/\/api.w.org\/{rel}","templated":true}]}}