{"id":36488,"date":"2023-12-22T18:23:49","date_gmt":"2023-12-22T18:23:49","guid":{"rendered":"https:\/\/e.kosmolat.eu\/product\/studio-prof-bio-7-1-pelnu-blonds-noturiga-matu-kremkrasa-50-50-15-ml\/"},"modified":"2025-09-19T21:49:03","modified_gmt":"2025-09-19T21:49:03","slug":"studio-prof-bio-7-1-pelnu-blonds-noturiga-matu-kremkrasa-50-50-15-ml","status":"publish","type":"product","link":"https:\/\/e.kosmolat.eu\/lv\/product\/studio-prof-bio-7-1-pelnu-blonds-noturiga-matu-kremkrasa-50-50-15-ml\/","title":{"rendered":"STUDIO Prof BIO 7.1 Pelnu blonds Notur\u012bga matu kr\u0113mkr\u0101sa, 50\/50\/15 ml"},"content":{"rendered":"<h4>Komplekta sast\u0101vs:<br \/>\n<\/h4>\n<\/p>\n<div>1 t\u016bba ar kr\u0113mkr\u0101su (nomin\u0101ls apjoms 50 ml)\n<\/div>\n<div>1 flakons-aplikators ar oksidantu \u2013 50 ml\n<\/div>\n<div>1 paci\u0146a ar balzamu-kondicionieri matiem \u2013 15 ml\n<\/div>\n<div>1 cimdu p\u0101ris\n<\/div>\n<div>1 lieto\u0161anas instrukcija\n<\/div>\n<h4>LIETO\u0160ANAS REKOMEND\u0100CIJAS:<\/h4>\n<div>\u2022tMatu kr\u0101so\u0161anas rezult\u0101ts un ieg\u016bt\u0101 to\u0146a saglab\u0101\u0161ana ir atkar\u012bga no J\u016bsu matu s\u0101kotn\u0113j\u0101 matu to\u0146a, st\u0101vok\u013ca un tipa.\n<\/div>\n<div>\u2022tPirmaj\u0101 lieto\u0161anas reiz\u0113 uz gariem matiem rekomend\u0113ts lietot 2 iepakojumus.\n<\/div>\n<div>\u2022tNav oblig\u0101ti j\u0101mazg\u0101 matus pirms kr\u0101so\u0161anas, var vienk\u0101r\u0161i tos samitrin\u0101t un nosusin\u0101t ar dvieli. Ir iesp\u0113jama sausu matu kr\u0101so\u0161ana.\n<\/div>\n<div>\u2022tJa matos ir matu ieveido\u0161anas putas, \u017eeleja vai laka, nepiecie\u0161ams izmazg\u0101t tos ar \u0161amp\u016bnu (bez kondicioniera) un viegli iz\u017e\u0101v\u0113t.\n<\/div>\n<div>\u2022tTiek rekomend\u0113ts nogaid\u012bt 2 ned\u0113\u013cas pirms vai p\u0113c ilgvi\u013c\u0146iem. Pret\u0113j\u0101 gad\u012bjum\u0101 rezult\u0101ts var b\u016bt p\u0101r\u0101k intens\u012bvs vai nevienm\u0113r\u012bgs.\n<\/div>\n<div>\u2022tNetiek rekomend\u0113ts lietot kr\u0101su u matiem, nokr\u0101sotiem ar hennu.\n<\/div>\n<div>\u2022t\u0100das aizsardz\u012bbai matu kr\u0101so\u0161anas proces\u0101 uzkl\u0101jiet taukain\u0101 kr\u0113ma l\u012bniju pa matu kont\u016bru.\n<\/div>\n<h4>TESTS UZ ALER\u0122ISKU REAKCIJU:<br \/>\n<\/h4>\n<div>UZMAN\u012aBU! PRODUKTS VAR IZSAUKT ALER\u0122ISKU REAKCIJU.\n<\/div>\n<div>\u2022tNELIETOJIET: -ja J\u016bs jau ziniet, ka J\u016bsu \u0101da nepanes kr\u0101sojo\u0161as vielas;\n<\/div>\n<div>&nbsp;-ja galvas \u0101da ir p\u0101r\u0101k jut\u012bga, boj\u0101ta vai ir nieze.\n<\/div>\n<div>\u2022t\u013bOTI RETOS GAD\u012aJUMOS ALER\u0122IJA UZ MATU KR\u0100SU VAR NOPIETNI KAIT\u0112T VESEL\u012aBAI.\n<\/div>\n<div>&nbsp;Ja J\u016bs neesat p\u0101rliecin\u0101ts, ka matu kr\u0101sa Jums nav aler\u0123iska, v\u0113r\u0161aties pie dermatologa.\n<\/div>\n<div>\u2022tTIEK REKOMEND\u0112TS VEIKT TESTU UZ \u0100DAS JUT\u012aBU. Tests tiek veikts 48 stundas pirms matu kr\u0101so\u0161anas, ar\u012b tad, ja iepriek\u0161 J\u016bs jau lietoj\u0101t matu kr\u0101so\u0161anas l\u012bdzek\u013cus: Nemet\u0101liska trauk\u0101 sajauciet da\u017eus pilienus kr\u0113mkr\u0101sas un att\u012bsto\u0161as emulsijas. Cie\u0161i aizveriet kr\u0113mkr\u0101su un att\u012bsto\u0161u emulsiju. Ar vates koci\u0146a pal\u012bdz\u012bbu uzkl\u0101jiet pagatavotu mais\u012bjumu uz elko\u0146a iek\u0161\u0113j\u0101s loc\u012btavas neliela \u0101das la<\/p>\n","protected":false},"excerpt":{"rendered":"<p>Komplekta sast\u0101vs: 1 t\u016bba ar kr\u0113mkr\u0101su (nomin\u0101ls apjoms 50 ml) 1 flakons-aplikators ar oksidantu \u2013 50 ml 1 paci\u0146a ar balzamu-kondicionieri matiem \u2013 15 ml 1 cimdu p\u0101ris 1 lieto\u0161anas instrukcija LIETO\u0160ANAS REKOMEND\u0100CIJAS: \u2022tMatu kr\u0101so\u0161anas rezult\u0101ts un ieg\u016bt\u0101 to\u0146a saglab\u0101\u0161ana ir atkar\u012bga no J\u016bsu matu s\u0101kotn\u0113j\u0101 matu to\u0146a, st\u0101vok\u013ca un tipa. \u2022tPirmaj\u0101 lieto\u0161anas reiz\u0113 uz [&#8230;]\n","protected":false},"featured_media":85414,"template":"","meta":[],"product_cat":[1440],"product_tag":[],"class_list":{"0":"post-36488","1":"product","2":"type-product","3":"status-publish","4":"has-post-thumbnail","6":"product_brand-vecie-kodi","7":"product_cat-matu-krasas-matu-krasas","9":"first","10":"outofstock","11":"taxable","12":"shipping-taxable","13":"product-type-simple"},"_links":{"self":[{"href":"https:\/\/e.kosmolat.eu\/lv\/wp-json\/wp\/v2\/product\/36488","targetHints":{"allow":["GET"]}}],"collection":[{"href":"https:\/\/e.kosmolat.eu\/lv\/wp-json\/wp\/v2\/product"}],"about":[{"href":"https:\/\/e.kosmolat.eu\/lv\/wp-json\/wp\/v2\/types\/product"}],"wp:featuredmedia":[{"embeddable":true,"href":"https:\/\/e.kosmolat.eu\/lv\/wp-json\/wp\/v2\/media\/85414"}],"wp:attachment":[{"href":"https:\/\/e.kosmolat.eu\/lv\/wp-json\/wp\/v2\/media?parent=36488"}],"wp:term":[{"taxonomy":"product_cat","embeddable":true,"href":"https:\/\/e.kosmolat.eu\/lv\/wp-json\/wp\/v2\/product_cat?post=36488"},{"taxonomy":"product_tag","embeddable":true,"href":"https:\/\/e.kosmolat.eu\/lv\/wp-json\/wp\/v2\/product_tag?post=36488"}],"curies":[{"name":"wp","href":"https:\/\/api.w.org\/{rel}","templated":true}]}}