{"id":36480,"date":"2023-12-22T18:23:17","date_gmt":"2023-12-22T18:23:17","guid":{"rendered":"https:\/\/e.kosmolat.eu\/product\/gela-acu-patci-hyaluronic-acidx3\/"},"modified":"2026-04-05T05:49:50","modified_gmt":"2026-04-05T05:49:50","slug":"gela-acu-patci-hyaluronic-acidx3","status":"publish","type":"product","link":"https:\/\/e.kosmolat.eu\/lv\/product\/gela-acu-patci-hyaluronic-acidx3\/","title":{"rendered":"G\u0113la acu pat\u010di &#8220;Hyaluronic acidx3&#8221;"},"content":{"rendered":"<p>Inovat\u012bva pat\u010du formula ar tr\u012bs dimensiju hialuronsk\u0101bi un pept\u012bdiem speci\u0101li izstr\u0101d\u0101ta \u0101trai \u0101das pilnveido\u0161anai zon\u0101 zem ac\u012bm.<br \/>\nEfekt\u012bvi mitrina un paaugstina \u0101das tonusu. Izgaismo tum\u0161us lokus, nov\u0113r\u0161 piet\u016bkumus zem ac\u012bm. Stimul\u0113 atjauno\u0161anu, uzs\u0101k re\u0123ener\u0101cijas procesus.&nbsp;<br \/>\nDzi\u013ci baro maigu \u0101du zem ac\u012bm, atjauno t\u0101s tvirtumu un elast\u012bbu. Atjaunina, c\u012bn\u0101s ar pirmaj\u0101m noveco\u0161an\u0101s paz\u012bm\u0113m.<br \/>\nSniedz lielisku atsvaidzino\u0161u un atv\u0113sino\u0161u iedarb\u012bbu. Pat\u010di ide\u0101li piem\u0113roti lieto\u0161anai pirms makij\u0101\u017eas uzkl\u0101\u0161anas, svin\u012bgiem pas\u0101kumiem, k\u0101 ar\u012b regul\u0101rai intens\u012bvai maig\u0101s \u0101das kop\u0161anai zem ac\u012bm. Produkta unik\u0101lums ir intens\u012bvaj\u0101 iedarb\u012bb\u0101 uz visiem epidermas sl\u0101\u0146iem. Efekts tiek sasniegts pateicoties tr\u012bs veidu hialuronsk\u0101bes augstai koncentr\u0101cijai, t\u0101s at\u0161\u0137iras ar molekul\u0101rmasu un molekulu \u0137\u0113des izm\u0113ru.&nbsp;<br \/>\nZem\u0101s molekul\u0101rmasas hialuronsk\u0101be iek\u013c\u016bst dzi\u013ci epidermas sl\u0101\u0146os, uzlabo mikrocirkul\u0101ciju un baro\u0161anu, nodro\u0161ina ilgsto\u0161u mitrino\u0161u efektu, aktiviz\u0113 person\u012bg\u0101 kolag\u0113na izstr\u0101di. Vid\u0113j\u0101s molekul\u0101rmasas hialuronsk\u0101be darbojas dzi\u013cos un vid\u0113jos epidermas sl\u0101\u0146os, notur \u016bdens molekulas, stimul\u0113 \u0101das atjauno\u0161anos, no\u0146em kairin\u0101jumu, nomierina.<br \/>\nAugst\u0101s molekul\u0101rmasas hialuronsk\u0101be bag\u0101tina \u0101das virs\u0113jos sl\u0101\u0146us, kav\u0113 mitruma zudumu, pal\u0113nina nov\u012b\u0161anas procesu, intens\u012bvi mitrina, pie\u0161\u0137ir t\u016bl\u012bt\u0113ju redzamu efektu.<br \/>\nPateicoties vitam\u012bnu, dab\u012bgu augu ekstraktu un e\u013c\u013cu saturam pat\u010di ne tikai mitrina, bet ar\u012b sniedz akt\u012bvu atjaunino\u0161u un antioksidantu iedarb\u012bbu, efekt\u012bvi baro un aizsarg\u0101 \u0101du pret apk\u0101rt\u0113j\u0101s vides nelabv\u0113l\u012bgu iedarb\u012bbu.<br \/>\nLieto\u0161ana: 1. R\u016bp\u012bgi nomazg\u0101jiet un nosusiniet seju. 2. No\u0146emiet no pat\u010diem aizsargpl\u0113vi. 3. Uzkl\u0101jiet pat\u010dus uz \u0101das zem ac\u012bm ar sp\u012bd\u012bgu pusi pie sejas. 4. Atst\u0101jiet uz 30 min\u016bt\u0113m. 5. Uzman\u012bgi no\u0146emiet pat\u010dus, s\u0101kot no mal\u0101m.<br \/>\nPiesardz\u012bbas pas\u0101kumi: 1. Nelietojiet uz boj\u0101tas, kairin\u0101tas \u0101das. 2. Nelietojiet produktu, ja rodas jut\u012bba uz k\u0101du no sast\u0101vda\u013c\u0101m. Ja rodas aps\u0101rtums vai kairin\u0101jums izbeidziet lieto\u0161anu un v\u0113r\u0161aties pie \u0101rsta. 3. Izvair\u012bties no iek\u013c\u016b\u0161anas ac\u012bs, ja iek\u013c\u016bst noskalot ar \u016bdeni. 4. Uzglab\u0101jiet b\u0113rniem nepieejam\u0101 viet\u0101, temperat\u016br\u0101 no 0 l\u012bdz 25&deg;C. 5. Tikai \u0101r\u012bgai lieto\u0161anai. Nenor\u012bt!<br \/>\n&nbsp;<\/p>\n","protected":false},"excerpt":{"rendered":"<p>Inovat\u012bva pat\u010du formula ar tr\u012bs dimensiju hialuronsk\u0101bi un pept\u012bdiem speci\u0101li izstr\u0101d\u0101ta \u0101trai \u0101das pilnveido\u0161anai zon\u0101 zem ac\u012bm. Efekt\u012bvi mitrina un paaugstina \u0101das tonusu. Izgaismo tum\u0161us lokus, nov\u0113r\u0161 piet\u016bkumus zem ac\u012bm. Stimul\u0113 atjauno\u0161anu, uzs\u0101k re\u0123ener\u0101cijas procesus.&nbsp; Dzi\u013ci baro maigu \u0101du zem ac\u012bm, atjauno t\u0101s tvirtumu un elast\u012bbu. Atjaunina, c\u012bn\u0101s ar pirmaj\u0101m noveco\u0161an\u0101s paz\u012bm\u0113m. Sniedz lielisku atsvaidzino\u0161u [&#8230;]\n","protected":false},"featured_media":85410,"template":"","meta":[],"product_cat":[2181],"product_tag":[],"class_list":{"0":"post-36480","1":"product","2":"type-product","3":"status-publish","4":"has-post-thumbnail","6":"product_brand-skinlite","7":"product_cat-bez-kategorijas-lt","9":"first","10":"outofstock","11":"taxable","12":"shipping-taxable","13":"product-type-simple"},"_links":{"self":[{"href":"https:\/\/e.kosmolat.eu\/lv\/wp-json\/wp\/v2\/product\/36480","targetHints":{"allow":["GET"]}}],"collection":[{"href":"https:\/\/e.kosmolat.eu\/lv\/wp-json\/wp\/v2\/product"}],"about":[{"href":"https:\/\/e.kosmolat.eu\/lv\/wp-json\/wp\/v2\/types\/product"}],"wp:featuredmedia":[{"embeddable":true,"href":"https:\/\/e.kosmolat.eu\/lv\/wp-json\/wp\/v2\/media\/85410"}],"wp:attachment":[{"href":"https:\/\/e.kosmolat.eu\/lv\/wp-json\/wp\/v2\/media?parent=36480"}],"wp:term":[{"taxonomy":"product_cat","embeddable":true,"href":"https:\/\/e.kosmolat.eu\/lv\/wp-json\/wp\/v2\/product_cat?post=36480"},{"taxonomy":"product_tag","embeddable":true,"href":"https:\/\/e.kosmolat.eu\/lv\/wp-json\/wp\/v2\/product_tag?post=36480"}],"curies":[{"name":"wp","href":"https:\/\/api.w.org\/{rel}","templated":true}]}}