{"id":36476,"date":"2023-12-22T18:22:47","date_gmt":"2023-12-22T18:22:47","guid":{"rendered":"https:\/\/e.kosmolat.eu\/product\/sejas-krems-hyaluronic-acidx3-20g\/"},"modified":"2026-04-20T08:02:03","modified_gmt":"2026-04-20T08:02:03","slug":"sejas-krems-hyaluronic-acidx3-20g","status":"publish","type":"product","link":"https:\/\/e.kosmolat.eu\/lv\/product\/sejas-krems-hyaluronic-acidx3-20g\/","title":{"rendered":"Sejas kr\u0113ms &#8220;Hyaluronic acidx3&#8221;, 20g"},"content":{"rendered":"<p>Inovat\u012bva kr\u0113ma formula ar tr\u012bs dimensiju hialuronsk\u0101bi, kolag\u0113nu un pept\u012bdiem ir speci\u0101li izstr\u0101d\u0101ta intens\u012bvai \u0101das un kakla kop&scaron;anai. Kr\u0113ms acumirkl\u012b mitrina, efekt\u012bvi un ilgsto&scaron;i papildina \u0101du ar mitrumu. Paaugstina tonusu un atjauno tvirtumu, veicina dehidrat\u0101cijas izrais\u012bto grumbu izl\u012bdzin\u0101&scaron;anos, uzlabo audu elpo&scaron;anu un veicina &scaron;\u016bnu metabolismu, pa\u0101trina kolag\u0113na un elast\u012bna sint\u0113zi, k\u0101 rezult\u0101t\u0101 \u0101da k\u013c\u016bst tvirta, pievilkta un mitrin\u0101ta visas diennakts garum\u0101.<\/p>\n<p>Produkta unikalit\u0101te sl\u0113pjas intens\u012bvaj\u0101 kr\u0113ma iedarb\u012bb\u0101 uz visiem epidermas sl\u0101\u0146iem. Efekts tiek sasniegts pateicoties tr\u012bsk\u0101r&scaron;as hialuronsk\u0101bes augstajai koncentr\u0101cijai, kas at&scaron;\u0137iras ar molekul\u0101ro masu un molekulu \u0137\u0113des izm\u0113ru. Zem\u0101s molekulmasas hialuronsk\u0101be iek\u013c\u016bst dzi\u013ci epidermas sl\u0101\u0146os, uzlabo mikrocirkul\u0101ciju un baro&scaron;anu, nodro&scaron;ina ilgsto&scaron;u mitrino&scaron;u efektu, aktiviz\u0113 kolag\u0113na pa&scaron;izstr\u0101di. Vid\u0113j\u0101s molekulmasas hialuronsk\u0101be darbojas dzi\u013cos un vid\u0113jos epidermas sl\u0101\u0146os, notur \u016bdens molekulas, stimul\u0113 \u0101das atjauno&scaron;anos, mazina kairin\u0101jumu, nomierina. Augst\u0101s molekulmasas hialuronsk\u0101be bag\u0101tina \u0101das virs\u0113jos sl\u0101\u0146us, kav\u0113 mitruma zudumu, pal\u0113nina nov\u012b&scaron;anas procesu, intens\u012bvi mitrina, pie&scaron;\u0137ir t\u016bl\u012bt\u0113ju efektu. Pateicoties augstas efektivit\u0101tes sast\u0101vda\u013c\u0101m, t\u0101d\u0101m k\u0101 kolag\u0113ns, aminosk\u0101bes, pept\u012bdi, kofe\u012bns, adenoz\u012bns, alanto\u012bns, lamin\u0101rijas, za\u013c\u0101s t\u0113jas, auzu, linu ekstrakti, kr\u0113ms ne tikai mitrina, bet ar\u012b sniedz akt\u012bvu atjaunino&scaron;u, antioksidantu un pievelko&scaron;u efektu, efekt\u012bvi baro un aizsarg\u0101 \u0101du pret apk\u0101rt\u0113j\u0101s vides negat\u012bvo iedarb\u012bbu 24h garum\u0101! Kr\u0113mam piem\u012bt \u013coti maiga tekst\u016bra, tas lieliski uzs\u016bcas, neizsauc kairin\u0101jumus, to var lietot ar\u012b uz \u0101das plaksti\u0146u zon\u0101.<\/p>\n<p><strong>Lieto&scaron;ana: <\/strong>uzkl\u0101t nelielu kr\u0113ma daudzumu uz t\u012bras sejas \u0101das. Piesardz\u012bbas pas\u0101kumi: 1. Nelietot uz boj\u0101tas, kairin\u0101tas \u0101das. 2. Nelietot, ja rodas jut\u012bba uz k\u0101du no sast\u0101vda\u013c\u0101m. Ja rodas aps\u0101rtums vai kairin\u0101jums p\u0101rtraukt lieto&scaron;anu un v\u0113rsties pie \u0101rsta. 3. Izvair\u012bties no iek\u013c\u016b&scaron;anas ac\u012bs. Ja iek\u013c\u016bst ac\u012bs noskalot ar \u016bdeni. 4. Uzglab\u0101t b\u0113rniem nepieejam\u0101 viet\u0101, temperat\u016br\u0101 no 0 &deg;C l\u012bdz 25 &deg;C. 5. Tikai \u0101r\u012bgai lieto&scaron;anai. Nenor\u012bt!<br \/>\n&nbsp;<\/p>\n","protected":false},"excerpt":{"rendered":"<p>Inovat\u012bva kr\u0113ma formula ar tr\u012bs dimensiju hialuronsk\u0101bi, kolag\u0113nu un pept\u012bdiem ir speci\u0101li izstr\u0101d\u0101ta intens\u012bvai \u0101das un kakla kop&scaron;anai. Kr\u0113ms acumirkl\u012b mitrina, efekt\u012bvi un ilgsto&scaron;i papildina \u0101du ar mitrumu. Paaugstina tonusu un atjauno tvirtumu, veicina dehidrat\u0101cijas izrais\u012bto grumbu izl\u012bdzin\u0101&scaron;anos, uzlabo audu elpo&scaron;anu un veicina &scaron;\u016bnu metabolismu, pa\u0101trina kolag\u0113na un elast\u012bna sint\u0113zi, k\u0101 rezult\u0101t\u0101 \u0101da k\u013c\u016bst tvirta, [&#8230;]\n","protected":false},"featured_media":85402,"template":"","meta":[],"product_cat":[1320],"product_tag":[],"class_list":{"0":"post-36476","1":"product","2":"type-product","3":"status-publish","4":"has-post-thumbnail","6":"product_brand-skinlite","7":"product_cat-sejas-kremi","9":"first","10":"instock","11":"taxable","12":"shipping-taxable","13":"product-type-simple"},"_links":{"self":[{"href":"https:\/\/e.kosmolat.eu\/lv\/wp-json\/wp\/v2\/product\/36476","targetHints":{"allow":["GET"]}}],"collection":[{"href":"https:\/\/e.kosmolat.eu\/lv\/wp-json\/wp\/v2\/product"}],"about":[{"href":"https:\/\/e.kosmolat.eu\/lv\/wp-json\/wp\/v2\/types\/product"}],"wp:featuredmedia":[{"embeddable":true,"href":"https:\/\/e.kosmolat.eu\/lv\/wp-json\/wp\/v2\/media\/85402"}],"wp:attachment":[{"href":"https:\/\/e.kosmolat.eu\/lv\/wp-json\/wp\/v2\/media?parent=36476"}],"wp:term":[{"taxonomy":"product_cat","embeddable":true,"href":"https:\/\/e.kosmolat.eu\/lv\/wp-json\/wp\/v2\/product_cat?post=36476"},{"taxonomy":"product_tag","embeddable":true,"href":"https:\/\/e.kosmolat.eu\/lv\/wp-json\/wp\/v2\/product_tag?post=36476"}],"curies":[{"name":"wp","href":"https:\/\/api.w.org\/{rel}","templated":true}]}}