{"id":36468,"date":"2023-12-22T18:22:09","date_gmt":"2023-12-22T18:22:09","guid":{"rendered":"https:\/\/e.kosmolat.eu\/product\/masazas-cimds-aqua\/"},"modified":"2025-09-19T21:51:17","modified_gmt":"2025-09-19T21:51:17","slug":"masazas-cimds-aqua","status":"publish","type":"product","link":"https:\/\/e.kosmolat.eu\/lv\/product\/masazas-cimds-aqua\/","title":{"rendered":"Mas\u0101\u017eas cimds &#8211; AQUA"},"content":{"rendered":"<p>Vannas cimds \u0137eme\u0146a mazg\u0101&scaron;anai un mas\u0101\u017eai.<\/p>\n<p>Att\u012bra un izl\u012bdzina \u0101du. Mazina celul\u012btu. Stimul\u0113 asinsriti.<\/p>\n<p>&nbsp;<\/p>\n","protected":false},"excerpt":{"rendered":"<p>Vannas cimds \u0137eme\u0146a mazg\u0101&scaron;anai un mas\u0101\u017eai. Att\u012bra un izl\u012bdzina \u0101du. Mazina celul\u012btu. Stimul\u0113 asinsriti. &nbsp;<\/p>\n","protected":false},"featured_media":85454,"template":"","meta":[],"product_cat":[1827],"product_tag":[],"class_list":{"0":"post-36468","1":"product","2":"type-product","3":"status-publish","4":"has-post-thumbnail","6":"product_brand-donegal-sp-zo-o-_pl","7":"product_cat-kermena-kopsanas-aksesuari","9":"first","10":"outofstock","11":"taxable","12":"shipping-taxable","13":"product-type-simple"},"_links":{"self":[{"href":"https:\/\/e.kosmolat.eu\/lv\/wp-json\/wp\/v2\/product\/36468","targetHints":{"allow":["GET"]}}],"collection":[{"href":"https:\/\/e.kosmolat.eu\/lv\/wp-json\/wp\/v2\/product"}],"about":[{"href":"https:\/\/e.kosmolat.eu\/lv\/wp-json\/wp\/v2\/types\/product"}],"wp:featuredmedia":[{"embeddable":true,"href":"https:\/\/e.kosmolat.eu\/lv\/wp-json\/wp\/v2\/media\/85454"}],"wp:attachment":[{"href":"https:\/\/e.kosmolat.eu\/lv\/wp-json\/wp\/v2\/media?parent=36468"}],"wp:term":[{"taxonomy":"product_cat","embeddable":true,"href":"https:\/\/e.kosmolat.eu\/lv\/wp-json\/wp\/v2\/product_cat?post=36468"},{"taxonomy":"product_tag","embeddable":true,"href":"https:\/\/e.kosmolat.eu\/lv\/wp-json\/wp\/v2\/product_tag?post=36468"}],"curies":[{"name":"wp","href":"https:\/\/api.w.org\/{rel}","templated":true}]}}