{"id":36460,"date":"2023-12-22T18:21:40","date_gmt":"2023-12-22T18:21:40","guid":{"rendered":"https:\/\/e.kosmolat.eu\/product\/matu-gumijas-tele-wire-3-gab\/"},"modified":"2026-04-09T16:42:44","modified_gmt":"2026-04-09T16:42:44","slug":"matu-gumijas-tele-wire-3-gab","status":"publish","type":"product","link":"https:\/\/e.kosmolat.eu\/lv\/product\/matu-gumijas-tele-wire-3-gab\/","title":{"rendered":"Matu gumijas &#8211; TELE-WIRE, 3 gab."},"content":{"rendered":"<p>Elast\u012bgas matu gumijas da\u017e\u0101d\u0101s kr\u0101s\u0101s.<\/p>\n<p>Ide\u0101li piem\u0113rotas jebkuram matu tipam.&nbsp;<\/p>\n<p>Komplekt\u0101 3 matu gumijas.<\/p>\n","protected":false},"excerpt":{"rendered":"<p>Elast\u012bgas matu gumijas da\u017e\u0101d\u0101s kr\u0101s\u0101s. Ide\u0101li piem\u0113rotas jebkuram matu tipam.&nbsp; Komplekt\u0101 3 matu gumijas.<\/p>\n","protected":false},"featured_media":85474,"template":"","meta":[],"product_cat":[1668],"product_tag":[],"class_list":{"0":"post-36460","1":"product","2":"type-product","3":"status-publish","4":"has-post-thumbnail","6":"product_brand-donegal-sp-zo-o-_pl","7":"product_cat-1668","9":"first","10":"instock","11":"taxable","12":"shipping-taxable","13":"product-type-simple"},"_links":{"self":[{"href":"https:\/\/e.kosmolat.eu\/lv\/wp-json\/wp\/v2\/product\/36460","targetHints":{"allow":["GET"]}}],"collection":[{"href":"https:\/\/e.kosmolat.eu\/lv\/wp-json\/wp\/v2\/product"}],"about":[{"href":"https:\/\/e.kosmolat.eu\/lv\/wp-json\/wp\/v2\/types\/product"}],"wp:featuredmedia":[{"embeddable":true,"href":"https:\/\/e.kosmolat.eu\/lv\/wp-json\/wp\/v2\/media\/85474"}],"wp:attachment":[{"href":"https:\/\/e.kosmolat.eu\/lv\/wp-json\/wp\/v2\/media?parent=36460"}],"wp:term":[{"taxonomy":"product_cat","embeddable":true,"href":"https:\/\/e.kosmolat.eu\/lv\/wp-json\/wp\/v2\/product_cat?post=36460"},{"taxonomy":"product_tag","embeddable":true,"href":"https:\/\/e.kosmolat.eu\/lv\/wp-json\/wp\/v2\/product_tag?post=36460"}],"curies":[{"name":"wp","href":"https:\/\/api.w.org\/{rel}","templated":true}]}}