{"id":36456,"date":"2023-12-22T18:21:24","date_gmt":"2023-12-22T18:21:24","guid":{"rendered":"https:\/\/e.kosmolat.eu\/product\/markieris-uzacim-tonis-20\/"},"modified":"2025-09-19T21:45:13","modified_gmt":"2025-09-19T21:45:13","slug":"_markieris-uzacim-tonis-20","status":"publish","type":"product","link":"https:\/\/e.kosmolat.eu\/lv\/product\/_markieris-uzacim-tonis-20\/","title":{"rendered":"_Mar\u0137ieris uzac\u012bm , tonis 20"},"content":{"rendered":"<p>Uzglab\u0101t horizont\u0101l\u0101 stavokl\u012b.<\/p>\n<p>Uzglab\u0101t temperat\u016br\u0101 no -5 &deg;\u0421 l\u012bdz +35 &deg;\u0421.<br \/>\n&nbsp;<\/p>\n","protected":false},"excerpt":{"rendered":"<p>Uzglab\u0101t horizont\u0101l\u0101 stavokl\u012b. Uzglab\u0101t temperat\u016br\u0101 no -5 &deg;\u0421 l\u012bdz +35 &deg;\u0421. &nbsp;<\/p>\n","protected":false},"featured_media":85346,"template":"","meta":[],"product_cat":[1506],"product_tag":[],"class_list":{"0":"post-36456","1":"product","2":"type-product","3":"status-publish","4":"has-post-thumbnail","6":"product_brand-belordizain_by","7":"product_cat-uzacim","9":"first","10":"outofstock","11":"taxable","12":"shipping-taxable","13":"product-type-simple"},"_links":{"self":[{"href":"https:\/\/e.kosmolat.eu\/lv\/wp-json\/wp\/v2\/product\/36456","targetHints":{"allow":["GET"]}}],"collection":[{"href":"https:\/\/e.kosmolat.eu\/lv\/wp-json\/wp\/v2\/product"}],"about":[{"href":"https:\/\/e.kosmolat.eu\/lv\/wp-json\/wp\/v2\/types\/product"}],"wp:featuredmedia":[{"embeddable":true,"href":"https:\/\/e.kosmolat.eu\/lv\/wp-json\/wp\/v2\/media\/85346"}],"wp:attachment":[{"href":"https:\/\/e.kosmolat.eu\/lv\/wp-json\/wp\/v2\/media?parent=36456"}],"wp:term":[{"taxonomy":"product_cat","embeddable":true,"href":"https:\/\/e.kosmolat.eu\/lv\/wp-json\/wp\/v2\/product_cat?post=36456"},{"taxonomy":"product_tag","embeddable":true,"href":"https:\/\/e.kosmolat.eu\/lv\/wp-json\/wp\/v2\/product_tag?post=36456"}],"curies":[{"name":"wp","href":"https:\/\/api.w.org\/{rel}","templated":true}]}}