{"id":36448,"date":"2023-12-22T18:20:26","date_gmt":"2023-12-22T18:20:26","guid":{"rendered":"https:\/\/e.kosmolat.eu\/product\/dr-s-cannabis-hair-sprejs-matiem-150-ml\/"},"modified":"2025-09-19T21:51:55","modified_gmt":"2025-09-19T21:51:55","slug":"i_dr-s-cannabis-hair-sprejs-matiem-150-ml","status":"publish","type":"product","link":"https:\/\/e.kosmolat.eu\/lv\/product\/i_dr-s-cannabis-hair-sprejs-matiem-150-ml\/","title":{"rendered":"I_Dr.S.Cannabis Hair Sprejs matiem 150 ml"},"content":{"rendered":"<p>S\u0113rija Cannabis Hair ir piepild\u012bta ar dabas sp\u0113ku un ener\u0123iju &#8211; ka\u0146epju e\u013c\u013cu, kas ir viena no v\u0113rt\u012bg\u0101k\u0101m un sabalans\u0113t\u0101k\u0101m 100% dab\u012bg\u0101m e\u013c\u013c\u0101m.<\/p>\n<p>14 \u012bpa&scaron;u svar\u012bgu aminosk\u0101bju komplekss matu atjauno&scaron;anai PRODEW 500 nov\u0113r&scaron; matu kutikulas virsmas boj\u0101jumus, stiprina matu strukt\u016bru. Sprejam piem\u012bt antistatisks efekts. Atvieglo \u0137emm\u0113&scaron;anu un izl\u012bdzina matus vis\u0101 to garum\u0101.&nbsp;<\/p>\n<ul>\n<li>Ka\u0146epju e\u013c\u013ca (satur vitam\u012bnus A, C, E, keram\u012bdus, prote\u012bnus, tauksk\u0101bes Omega-3, Omega-6, Omega-9, karot\u012bnu)&nbsp;revitaliz\u0113 matus.<\/li>\n<li>Amlas e\u013c\u013ca kopj, mitrina, izl\u012bdzina&nbsp;matus. Mati ieg\u016bst glanc\u0113tu&nbsp;sp\u012bdumu.<\/li>\n<li>Alvejas sula &#8211; dab\u012bgs emolients &#8211; uztur nepiecie&scaron;amo mitruma l\u012bmeni.<\/li>\n<\/ul>\n<p><strong>Lieto&scaron;ana: <\/strong>izsmidzin\u0101t no 15-20 cm att\u0101luma&nbsp;uz t\u012briem sausiem vai mitriem matiem. Nav j\u0101noskalo.<\/p>\n<p><strong>Piesardz\u012bbas pas\u0101kumi: <\/strong>ja iek\u013c\u016bst ac\u012bs, izskalot ar \u016bdeni. Iesp\u0113jama paaugstin\u0101ta individu\u0101la jut\u012bba pret atsevi&scaron;\u0137\u0101m sast\u0101vda\u013c\u0101m.<\/p>\n","protected":false},"excerpt":{"rendered":"<p>S\u0113rija Cannabis Hair ir piepild\u012bta ar dabas sp\u0113ku un ener\u0123iju &#8211; ka\u0146epju e\u013c\u013cu, kas ir viena no v\u0113rt\u012bg\u0101k\u0101m un sabalans\u0113t\u0101k\u0101m 100% dab\u012bg\u0101m e\u013c\u013c\u0101m. 14 \u012bpa&scaron;u svar\u012bgu aminosk\u0101bju komplekss matu atjauno&scaron;anai PRODEW 500 nov\u0113r&scaron; matu kutikulas virsmas boj\u0101jumus, stiprina matu strukt\u016bru. Sprejam piem\u012bt antistatisks efekts. Atvieglo \u0137emm\u0113&scaron;anu un izl\u012bdzina matus vis\u0101 to garum\u0101.&nbsp; Ka\u0146epju e\u013c\u013ca (satur [&#8230;]\n","protected":false},"featured_media":85478,"template":"","meta":[],"product_cat":[1400],"product_tag":[],"class_list":{"0":"post-36448","1":"product","2":"type-product","3":"status-publish","4":"has-post-thumbnail","6":"product_brand-elfa_ua","7":"product_cat-termoaizsardziba","9":"first","10":"outofstock","11":"taxable","12":"shipping-taxable","13":"product-type-simple"},"_links":{"self":[{"href":"https:\/\/e.kosmolat.eu\/lv\/wp-json\/wp\/v2\/product\/36448","targetHints":{"allow":["GET"]}}],"collection":[{"href":"https:\/\/e.kosmolat.eu\/lv\/wp-json\/wp\/v2\/product"}],"about":[{"href":"https:\/\/e.kosmolat.eu\/lv\/wp-json\/wp\/v2\/types\/product"}],"wp:featuredmedia":[{"embeddable":true,"href":"https:\/\/e.kosmolat.eu\/lv\/wp-json\/wp\/v2\/media\/85478"}],"wp:attachment":[{"href":"https:\/\/e.kosmolat.eu\/lv\/wp-json\/wp\/v2\/media?parent=36448"}],"wp:term":[{"taxonomy":"product_cat","embeddable":true,"href":"https:\/\/e.kosmolat.eu\/lv\/wp-json\/wp\/v2\/product_cat?post=36448"},{"taxonomy":"product_tag","embeddable":true,"href":"https:\/\/e.kosmolat.eu\/lv\/wp-json\/wp\/v2\/product_tag?post=36448"}],"curies":[{"name":"wp","href":"https:\/\/api.w.org\/{rel}","templated":true}]}}