{"id":36428,"date":"2023-12-22T18:18:24","date_gmt":"2023-12-22T18:18:24","guid":{"rendered":"https:\/\/e.kosmolat.eu\/product\/dd-krems-hialurona-30-ml\/"},"modified":"2026-04-23T07:48:17","modified_gmt":"2026-04-23T07:48:17","slug":"the-dr-hc-krems-hialurona-30-ml","status":"publish","type":"product","link":"https:\/\/e.kosmolat.eu\/lv\/product\/the-dr-hc-krems-hialurona-30-ml\/","title":{"rendered":"The Dr. H&#038;C Kr\u0113ms &#8220;Hialurona&#8221;, 30 ml"},"content":{"rendered":"<p>Intens\u012bva 72 h mitrin\u0101&scaron;ana sejas un dekolt\u0113 zonas \u0101dai.<\/p>\n<p>Visiem \u0101das tipiem.&nbsp;<\/p>\n<ul>\n<li>Samazina \u0101das aps\u0101rtumus un kairin\u0101jumus.<\/li>\n<li>Saglab\u0101 \u0101das mitruma l\u012bdzsvaru jebkuros apk\u0101rt\u0113j\u0101s vides apst\u0101k\u013ciem (sauss gaiss, kondicionieris, sals).<\/li>\n<li>Uztur \u016bdens-tauku l\u012bdzsvaru \u0101das jaun\u012bbas un skaistuma saglab\u0101&scaron;anai.<\/li>\n<\/ul>\n<p><strong>Lieto&scaron;ana: <\/strong>uzkl\u0101t uz t\u012bras \u0101das viegl\u0101m mas\u0113jo&scaron;\u0101m kust\u012bb\u0101m.<\/p>\n<p><strong>Piesardz\u012bbas pas\u0101kumi: <\/strong>iesp\u0113jama<strong>&nbsp;<\/strong>paaugstin\u0101ta individu\u0101l\u0101 jut\u012bba pret atsevi&scaron;\u0137\u0101m sast\u0101vda\u013c\u0101m.<\/p>\n","protected":false},"excerpt":{"rendered":"<p>Intens\u012bva 72 h mitrin\u0101&scaron;ana sejas un dekolt\u0113 zonas \u0101dai. Visiem \u0101das tipiem.&nbsp; Samazina \u0101das aps\u0101rtumus un kairin\u0101jumus. Saglab\u0101 \u0101das mitruma l\u012bdzsvaru jebkuros apk\u0101rt\u0113j\u0101s vides apst\u0101k\u013ciem (sauss gaiss, kondicionieris, sals). Uztur \u016bdens-tauku l\u012bdzsvaru \u0101das jaun\u012bbas un skaistuma saglab\u0101&scaron;anai. Lieto&scaron;ana: uzkl\u0101t uz t\u012bras \u0101das viegl\u0101m mas\u0113jo&scaron;\u0101m kust\u012bb\u0101m. Piesardz\u012bbas pas\u0101kumi: iesp\u0113jama&nbsp;paaugstin\u0101ta individu\u0101l\u0101 jut\u012bba pret atsevi&scaron;\u0137\u0101m sast\u0101vda\u013c\u0101m.<\/p>\n","protected":false},"featured_media":85254,"template":"","meta":[],"product_cat":[1320],"product_tag":[],"class_list":{"0":"post-36428","1":"product","2":"type-product","3":"status-publish","4":"has-post-thumbnail","6":"product_brand-elfa_ua","7":"product_cat-sejas-kremi","9":"first","10":"instock","11":"taxable","12":"shipping-taxable","13":"product-type-simple"},"_links":{"self":[{"href":"https:\/\/e.kosmolat.eu\/lv\/wp-json\/wp\/v2\/product\/36428","targetHints":{"allow":["GET"]}}],"collection":[{"href":"https:\/\/e.kosmolat.eu\/lv\/wp-json\/wp\/v2\/product"}],"about":[{"href":"https:\/\/e.kosmolat.eu\/lv\/wp-json\/wp\/v2\/types\/product"}],"wp:featuredmedia":[{"embeddable":true,"href":"https:\/\/e.kosmolat.eu\/lv\/wp-json\/wp\/v2\/media\/85254"}],"wp:attachment":[{"href":"https:\/\/e.kosmolat.eu\/lv\/wp-json\/wp\/v2\/media?parent=36428"}],"wp:term":[{"taxonomy":"product_cat","embeddable":true,"href":"https:\/\/e.kosmolat.eu\/lv\/wp-json\/wp\/v2\/product_cat?post=36428"},{"taxonomy":"product_tag","embeddable":true,"href":"https:\/\/e.kosmolat.eu\/lv\/wp-json\/wp\/v2\/product_tag?post=36428"}],"curies":[{"name":"wp","href":"https:\/\/api.w.org\/{rel}","templated":true}]}}