{"id":36420,"date":"2023-12-22T18:17:49","date_gmt":"2023-12-22T18:17:49","guid":{"rendered":"https:\/\/e.kosmolat.eu\/product\/dd-roku-krems-hialurona-42-ml\/"},"modified":"2026-05-08T16:23:35","modified_gmt":"2026-05-08T16:23:35","slug":"the-dr-hc-roku-krems-hialurona-42-ml","status":"publish","type":"product","link":"https:\/\/e.kosmolat.eu\/lv\/product\/the-dr-hc-roku-krems-hialurona-42-ml\/","title":{"rendered":"The Dr. H&#038;C Roku kr\u0113ms &#8220;Hialurona&#8221;, 42 ml"},"content":{"rendered":"<p>Mitrina \u0101du, padara glud\u0101ku, atjauno komforta saj\u016btu. Efekt\u012bvs sausai roku \u0101dai.<\/p>\n<p><p>Lieto\u0161ana: <\/p>\n<p>uzkl\u0101t uz t\u012bras sausas roku \u0101das.<\/p><\/p>\n","protected":false},"excerpt":{"rendered":"<p>Mitrina \u0101du, padara glud\u0101ku, atjauno komforta saj\u016btu. Efekt\u012bvs sausai roku \u0101dai. Lieto\u0161ana: uzkl\u0101t uz t\u012bras sausas roku \u0101das.<\/p>\n","protected":false},"featured_media":85238,"template":"","meta":[],"product_cat":[1305],"product_tag":[],"class_list":{"0":"post-36420","1":"product","2":"type-product","3":"status-publish","4":"has-post-thumbnail","6":"product_brand-elfa_ua","7":"product_cat-1305","9":"first","10":"instock","11":"taxable","12":"shipping-taxable","13":"product-type-simple"},"_links":{"self":[{"href":"https:\/\/e.kosmolat.eu\/lv\/wp-json\/wp\/v2\/product\/36420","targetHints":{"allow":["GET"]}}],"collection":[{"href":"https:\/\/e.kosmolat.eu\/lv\/wp-json\/wp\/v2\/product"}],"about":[{"href":"https:\/\/e.kosmolat.eu\/lv\/wp-json\/wp\/v2\/types\/product"}],"wp:featuredmedia":[{"embeddable":true,"href":"https:\/\/e.kosmolat.eu\/lv\/wp-json\/wp\/v2\/media\/85238"}],"wp:attachment":[{"href":"https:\/\/e.kosmolat.eu\/lv\/wp-json\/wp\/v2\/media?parent=36420"}],"wp:term":[{"taxonomy":"product_cat","embeddable":true,"href":"https:\/\/e.kosmolat.eu\/lv\/wp-json\/wp\/v2\/product_cat?post=36420"},{"taxonomy":"product_tag","embeddable":true,"href":"https:\/\/e.kosmolat.eu\/lv\/wp-json\/wp\/v2\/product_tag?post=36420"}],"curies":[{"name":"wp","href":"https:\/\/api.w.org\/{rel}","templated":true}]}}