{"id":36412,"date":"2023-12-22T18:17:02","date_gmt":"2023-12-22T18:17:02","guid":{"rendered":"https:\/\/e.kosmolat.eu\/product\/dd-krems-ar-gliemezu-mucinu-250-ml\/"},"modified":"2025-09-23T08:53:55","modified_gmt":"2025-09-23T08:53:55","slug":"i_the-dr-hc-krems-ar-gliemezu-mucinu-250-ml","status":"publish","type":"product","link":"https:\/\/e.kosmolat.eu\/lv\/product\/i_the-dr-hc-krems-ar-gliemezu-mucinu-250-ml\/","title":{"rendered":"I_The Dr. H&#038;C Kr\u0113ms ar glieme\u017eu muc\u012bnu, 250 ml"},"content":{"rendered":"<p>Univers\u0101ls kr\u0113ms sejas, roku un \u0137erme\u0146a \u0101dai. Efekt\u012bva ekspress pal\u012bdz\u012bba J\u016bsu \u0101dai. Mitrino\u0161s kr\u0113ms 3in1: bag\u0101tina ar mitrumu, atjaunina, toniz\u0113 \u0101du. Glieme\u017eu muc\u012bns satur hialualuronsk\u0101bi, alanto\u012bnu, elast\u012bnu un kolag\u0113nu. Kokosriekstu e\u013c\u013ca veicina elast\u012bbas un tvirtuma saglab\u0101\u0161anu. Kr\u0113ms lieliski uzs\u016bcas, neatst\u0101j lip\u012bguma saj\u016btu. Tiek rekomend\u0113ts ikdienas kop\u0161anai.&nbsp;<br \/>\nLieto\u0161ana: uzkl\u0101t pietiekamu kr\u0113ma daudzumu un t\u012bras \u0101das, izsm\u0113r\u0113t mas\u0101\u017eas kust\u012bb\u0101m l\u012bdz tas piln\u012bb\u0101 uzs\u016bcas. Piesardz\u012bbas pas\u0101kumi: paaugstin\u0101ta individu\u0101l\u0101 jut\u012bbas uz atsevi\u0161\u0137\u0101m sast\u0101vda\u013c\u0101m. Neto tilpums\/Sast\u0101vda\u013cas\/Partijas Nr.\/Ieteicams l\u012bdz: skat. uz iepak. Uzglab. temp. +5 l\u012bdz +25&deg; C.&nbsp;<\/p>\n","protected":false},"excerpt":{"rendered":"<p>Univers\u0101ls kr\u0113ms sejas, roku un \u0137erme\u0146a \u0101dai. Efekt\u012bva ekspress pal\u012bdz\u012bba J\u016bsu \u0101dai. Mitrino\u0161s kr\u0113ms 3in1: bag\u0101tina ar mitrumu, atjaunina, toniz\u0113 \u0101du. Glieme\u017eu muc\u012bns satur hialualuronsk\u0101bi, alanto\u012bnu, elast\u012bnu un kolag\u0113nu. Kokosriekstu e\u013c\u013ca veicina elast\u012bbas un tvirtuma saglab\u0101\u0161anu. Kr\u0113ms lieliski uzs\u016bcas, neatst\u0101j lip\u012bguma saj\u016btu. Tiek rekomend\u0113ts ikdienas kop\u0161anai.&nbsp; Lieto\u0161ana: uzkl\u0101t pietiekamu kr\u0113ma daudzumu un t\u012bras \u0101das, izsm\u0113r\u0113t [&#8230;]\n","protected":false},"featured_media":85206,"template":"","meta":[],"product_cat":[1320],"product_tag":[],"class_list":{"0":"post-36412","1":"product","2":"type-product","3":"status-publish","4":"has-post-thumbnail","6":"product_brand-elfa_ua","7":"product_cat-sejas-kremi","9":"first","10":"outofstock","11":"taxable","12":"shipping-taxable","13":"product-type-simple"},"_links":{"self":[{"href":"https:\/\/e.kosmolat.eu\/lv\/wp-json\/wp\/v2\/product\/36412","targetHints":{"allow":["GET"]}}],"collection":[{"href":"https:\/\/e.kosmolat.eu\/lv\/wp-json\/wp\/v2\/product"}],"about":[{"href":"https:\/\/e.kosmolat.eu\/lv\/wp-json\/wp\/v2\/types\/product"}],"wp:featuredmedia":[{"embeddable":true,"href":"https:\/\/e.kosmolat.eu\/lv\/wp-json\/wp\/v2\/media\/85206"}],"wp:attachment":[{"href":"https:\/\/e.kosmolat.eu\/lv\/wp-json\/wp\/v2\/media?parent=36412"}],"wp:term":[{"taxonomy":"product_cat","embeddable":true,"href":"https:\/\/e.kosmolat.eu\/lv\/wp-json\/wp\/v2\/product_cat?post=36412"},{"taxonomy":"product_tag","embeddable":true,"href":"https:\/\/e.kosmolat.eu\/lv\/wp-json\/wp\/v2\/product_tag?post=36412"}],"curies":[{"name":"wp","href":"https:\/\/api.w.org\/{rel}","templated":true}]}}