{"id":36372,"date":"2023-12-22T18:14:42","date_gmt":"2023-12-22T18:14:42","guid":{"rendered":"https:\/\/e.kosmolat.eu\/product\/mt-tualetes-ziepes-bernu-180-g\/"},"modified":"2026-04-24T06:29:43","modified_gmt":"2026-04-24T06:29:43","slug":"mt-tualetes-ziepes-bernu-180-g","status":"publish","type":"product","link":"https:\/\/e.kosmolat.eu\/lv\/product\/mt-tualetes-ziepes-bernu-180-g\/","title":{"rendered":"&#8220;MT&#8221; Tualetes ziepes &#8220;B\u0113rnu&#8221;, 180 g"},"content":{"rendered":"<p>Roku un \u0137erme\u0146a higi\u0113nai. Tikai \u0101r\u012bgai lieto&scaron;anai.<\/p>\n<p><strong>Der\u012bguma termi\u0146&scaron;: <\/strong>3 gadi no izgatavo&scaron;anas datuma.&nbsp;<\/p>\n<p>Uzglab\u0101t saus\u0101, sl\u0113gt\u0101, labi v\u0113din\u0101m\u0101 telp\u0101 temperat\u016br\u0101, ne zem\u0101k\u0101 par -5 &deg;C, un pie relat\u012bv\u0101 gaisa mitruma, kas nep\u0101rsniedz 75%.<\/p>\n","protected":false},"excerpt":{"rendered":"<p>Roku un \u0137erme\u0146a higi\u0113nai. Tikai \u0101r\u012bgai lieto&scaron;anai. Der\u012bguma termi\u0146&scaron;: 3 gadi no izgatavo&scaron;anas datuma.&nbsp; Uzglab\u0101t saus\u0101, sl\u0113gt\u0101, labi v\u0113din\u0101m\u0101 telp\u0101 temperat\u016br\u0101, ne zem\u0101k\u0101 par -5 &deg;C, un pie relat\u012bv\u0101 gaisa mitruma, kas nep\u0101rsniedz 75%.<\/p>\n","protected":false},"featured_media":85182,"template":"","meta":[],"product_cat":[1607],"product_tag":[],"class_list":{"0":"post-36372","1":"product","2":"type-product","3":"status-publish","4":"has-post-thumbnail","6":"product_brand-fmt-ua","7":"product_cat-ziepes","9":"first","10":"instock","11":"taxable","12":"shipping-taxable","13":"product-type-simple"},"_links":{"self":[{"href":"https:\/\/e.kosmolat.eu\/lv\/wp-json\/wp\/v2\/product\/36372","targetHints":{"allow":["GET"]}}],"collection":[{"href":"https:\/\/e.kosmolat.eu\/lv\/wp-json\/wp\/v2\/product"}],"about":[{"href":"https:\/\/e.kosmolat.eu\/lv\/wp-json\/wp\/v2\/types\/product"}],"wp:featuredmedia":[{"embeddable":true,"href":"https:\/\/e.kosmolat.eu\/lv\/wp-json\/wp\/v2\/media\/85182"}],"wp:attachment":[{"href":"https:\/\/e.kosmolat.eu\/lv\/wp-json\/wp\/v2\/media?parent=36372"}],"wp:term":[{"taxonomy":"product_cat","embeddable":true,"href":"https:\/\/e.kosmolat.eu\/lv\/wp-json\/wp\/v2\/product_cat?post=36372"},{"taxonomy":"product_tag","embeddable":true,"href":"https:\/\/e.kosmolat.eu\/lv\/wp-json\/wp\/v2\/product_tag?post=36372"}],"curies":[{"name":"wp","href":"https:\/\/api.w.org\/{rel}","templated":true}]}}