{"id":36356,"date":"2023-12-22T18:13:58","date_gmt":"2023-12-22T18:13:58","guid":{"rendered":"https:\/\/e.kosmolat.eu\/product\/mt-cietas-saimniecibas-ziepes-72-200-g\/"},"modified":"2026-04-24T06:29:19","modified_gmt":"2026-04-24T06:29:19","slug":"mt-cietas-saimniecibas-ziepes-72-200-g","status":"publish","type":"product","link":"https:\/\/e.kosmolat.eu\/lv\/product\/mt-cietas-saimniecibas-ziepes-72-200-g\/","title":{"rendered":"MT Ciet\u0101s saimniec\u012bbas ziepes 72%, 200 g"},"content":{"rendered":"<p>Saimniec\u012bbas ziepes ve\u013cas mazg\u0101&scaron;anai.<\/p>\n<p>Uzglab\u0101t saus\u0101, sl\u0113gt\u0101, labi v\u0113din\u0101m\u0101 telp\u0101.<\/p>\n<p><strong>Der\u012bguma termi\u0146&scaron;:<\/strong> 3 gadi no izgatavo&scaron;anas datuma.&nbsp;<\/p>\n<p><strong>Sast\u0101v\u0101: <\/strong>30 % un vair\u0101k ziepju, maz\u0101k par 5 % EDTA un t\u0101s s\u0101\u013cu.<\/p>\n<p>P102 Sarg\u0101t no b\u0113rniem.<br \/>\nP305+P351+P338 Saskar\u0113 ar ac\u012bm: Uzman\u012bgi izskalot ar \u016bdeni vair\u0101kas min\u016btes. Iz\u0146emt kontaktl\u0113cas, ja t\u0101s ir ievietotas un ja to var vienk\u0101r&scaron;i izdar\u012bt. Turpin\u0101t skalot.<br \/>\nP337+P313 Ja acu iekaisums nep\u0101riet: l\u016bdziet medi\u0137u pal\u012bdz\u012bbu&nbsp;<\/p>\n","protected":false},"excerpt":{"rendered":"<p>Saimniec\u012bbas ziepes ve\u013cas mazg\u0101&scaron;anai. Uzglab\u0101t saus\u0101, sl\u0113gt\u0101, labi v\u0113din\u0101m\u0101 telp\u0101. Der\u012bguma termi\u0146&scaron;: 3 gadi no izgatavo&scaron;anas datuma.&nbsp; Sast\u0101v\u0101: 30 % un vair\u0101k ziepju, maz\u0101k par 5 % EDTA un t\u0101s s\u0101\u013cu. P102 Sarg\u0101t no b\u0113rniem. P305+P351+P338 Saskar\u0113 ar ac\u012bm: Uzman\u012bgi izskalot ar \u016bdeni vair\u0101kas min\u016btes. Iz\u0146emt kontaktl\u0113cas, ja t\u0101s ir ievietotas un ja to var [&#8230;]\n","protected":false},"featured_media":85166,"template":"","meta":[],"product_cat":[1483],"product_tag":[],"class_list":{"0":"post-36356","1":"product","2":"type-product","3":"status-publish","4":"has-post-thumbnail","6":"product_brand-fmt-ua","7":"product_cat-plovikliai","9":"first","10":"instock","11":"taxable","12":"shipping-taxable","13":"product-type-simple"},"_links":{"self":[{"href":"https:\/\/e.kosmolat.eu\/lv\/wp-json\/wp\/v2\/product\/36356","targetHints":{"allow":["GET"]}}],"collection":[{"href":"https:\/\/e.kosmolat.eu\/lv\/wp-json\/wp\/v2\/product"}],"about":[{"href":"https:\/\/e.kosmolat.eu\/lv\/wp-json\/wp\/v2\/types\/product"}],"wp:featuredmedia":[{"embeddable":true,"href":"https:\/\/e.kosmolat.eu\/lv\/wp-json\/wp\/v2\/media\/85166"}],"wp:attachment":[{"href":"https:\/\/e.kosmolat.eu\/lv\/wp-json\/wp\/v2\/media?parent=36356"}],"wp:term":[{"taxonomy":"product_cat","embeddable":true,"href":"https:\/\/e.kosmolat.eu\/lv\/wp-json\/wp\/v2\/product_cat?post=36356"},{"taxonomy":"product_tag","embeddable":true,"href":"https:\/\/e.kosmolat.eu\/lv\/wp-json\/wp\/v2\/product_tag?post=36356"}],"curies":[{"name":"wp","href":"https:\/\/api.w.org\/{rel}","templated":true}]}}