{"id":36332,"date":"2023-12-22T18:11:20","date_gmt":"2023-12-22T18:11:20","guid":{"rendered":"https:\/\/e.kosmolat.eu\/product\/little-siberica-masazas-ella-jaundzimusajiem-200-ml\/"},"modified":"2025-12-23T14:30:57","modified_gmt":"2025-12-23T14:30:57","slug":"little-siberica-masazas-ella-jaundzimusajiem-200-ml","status":"publish","type":"product","link":"https:\/\/e.kosmolat.eu\/lv\/product\/little-siberica-masazas-ella-jaundzimusajiem-200-ml\/","title":{"rendered":"Little Siberica Mas\u0101\u017eas e\u013c\u013ca jaundzimu\u0161ajiem, 200 ml"},"content":{"rendered":"<p>\u012apa\u0161i izstr\u0101d\u0101ta jaundzimu\u0161ajiem mas\u0101\u017eas e\u013c\u013ca nodro\u0161ina maigu mazu\u013ca \u0101das kop\u0161anu. Organisk\u0101 Me\u017eroz\u012b\u0161u e\u013c\u013ca mitrina un pal\u012bdz atjaunot mazu\u013ca maigo \u0101du, bet organisk\u0101 pr\u012bmulas e\u013c\u013ca baro un nomierina to.\n<\/p>\n<p>Lieto\u0161ana: <\/p>\n<p>uzkl\u0101jiet pilienu e\u013c\u013cas uz t\u012bras sausas \u0101das un maigi iemas\u0113jiet. Piem\u0113rots jaundzimu\u0161ajiem.<\/p>\n","protected":false},"excerpt":{"rendered":"<p>\u012apa\u0161i izstr\u0101d\u0101ta jaundzimu\u0161ajiem mas\u0101\u017eas e\u013c\u013ca nodro\u0161ina maigu mazu\u013ca \u0101das kop\u0161anu. Organisk\u0101 Me\u017eroz\u012b\u0161u e\u013c\u013ca mitrina un pal\u012bdz atjaunot mazu\u013ca maigo \u0101du, bet organisk\u0101 pr\u012bmulas e\u013c\u013ca baro un nomierina to. Lieto\u0161ana: uzkl\u0101jiet pilienu e\u013c\u013cas uz t\u012bras sausas \u0101das un maigi iemas\u0113jiet. Piem\u0113rots jaundzimu\u0161ajiem.<\/p>\n","protected":false},"featured_media":85074,"template":"","meta":[],"product_cat":[1361],"product_tag":[],"class_list":{"0":"post-36332","1":"product","2":"type-product","3":"status-publish","4":"has-post-thumbnail","6":"product_brand-siberica_ee","7":"product_cat-adas-kopsanas-kosmetika","9":"first","10":"outofstock","11":"taxable","12":"shipping-taxable","13":"product-type-simple"},"_links":{"self":[{"href":"https:\/\/e.kosmolat.eu\/lv\/wp-json\/wp\/v2\/product\/36332","targetHints":{"allow":["GET"]}}],"collection":[{"href":"https:\/\/e.kosmolat.eu\/lv\/wp-json\/wp\/v2\/product"}],"about":[{"href":"https:\/\/e.kosmolat.eu\/lv\/wp-json\/wp\/v2\/types\/product"}],"wp:featuredmedia":[{"embeddable":true,"href":"https:\/\/e.kosmolat.eu\/lv\/wp-json\/wp\/v2\/media\/85074"}],"wp:attachment":[{"href":"https:\/\/e.kosmolat.eu\/lv\/wp-json\/wp\/v2\/media?parent=36332"}],"wp:term":[{"taxonomy":"product_cat","embeddable":true,"href":"https:\/\/e.kosmolat.eu\/lv\/wp-json\/wp\/v2\/product_cat?post=36332"},{"taxonomy":"product_tag","embeddable":true,"href":"https:\/\/e.kosmolat.eu\/lv\/wp-json\/wp\/v2\/product_tag?post=36332"}],"curies":[{"name":"wp","href":"https:\/\/api.w.org\/{rel}","templated":true}]}}