{"id":36328,"date":"2023-12-22T18:11:01","date_gmt":"2023-12-22T18:11:01","guid":{"rendered":"https:\/\/e.kosmolat.eu\/product\/ns-men-uzmundrinosa-zeleja-sejas-mazgasanai-150-ml\/"},"modified":"2025-09-19T21:28:58","modified_gmt":"2025-09-19T21:28:58","slug":"ns-men-uzmundrinosa-zeleja-sejas-mazgasanai-150-ml","status":"publish","type":"product","link":"https:\/\/e.kosmolat.eu\/lv\/product\/ns-men-uzmundrinosa-zeleja-sejas-mazgasanai-150-ml\/","title":{"rendered":"NS Men Uzmundrino\u0161a \u017eeleja sejas mazg\u0101\u0161anai, 150 ml"},"content":{"rendered":"<p>\u0160\u012b \u017eeleja sejas mazg\u0101\u0161anai lieliski att\u012bra \u0101du no visiem net\u012brumiem. Bez tam, savva\u013cas Sib\u012brijas \u017ee\u0146\u0161e\u0146a un miltene uzlabo \u0101das tonusu, bet Sahal\u012bnas citronli\u0101na un 100% C vitam\u012bns pie\u0161\u0137ir mo\u017eumu. <\/p>\n<h4>Lieto\u0161ana: <\/h4>\n<p>uzkl\u0101t nelielu \u017eelejas daudzumu uz mitr\u0101s sejas \u0101das, maigi pamas\u0113t un nomazg\u0101t ar \u016bdeni. Piem\u0113rota ikdienas lieto\u0161anai.\u00a0<\/p>\n","protected":false},"excerpt":{"rendered":"<p>\u0160\u012b \u017eeleja sejas mazg\u0101\u0161anai lieliski att\u012bra \u0101du no visiem net\u012brumiem. Bez tam, savva\u013cas Sib\u012brijas \u017ee\u0146\u0161e\u0146a un miltene uzlabo \u0101das tonusu, bet Sahal\u012bnas citronli\u0101na un 100% C vitam\u012bns pie\u0161\u0137ir mo\u017eumu. Lieto\u0161ana: uzkl\u0101t nelielu \u017eelejas daudzumu uz mitr\u0101s sejas \u0101das, maigi pamas\u0113t un nomazg\u0101t ar \u016bdeni. Piem\u0113rota ikdienas lieto\u0161anai.\u00a0<\/p>\n","protected":false},"featured_media":85070,"template":"","meta":[],"product_cat":[1678],"product_tag":[],"class_list":{"0":"post-36328","1":"product","2":"type-product","3":"status-publish","4":"has-post-thumbnail","6":"product_brand-siberica_ee","7":"product_cat-veido-prieziurai","9":"first","10":"outofstock","11":"taxable","12":"shipping-taxable","13":"product-type-simple"},"_links":{"self":[{"href":"https:\/\/e.kosmolat.eu\/lv\/wp-json\/wp\/v2\/product\/36328","targetHints":{"allow":["GET"]}}],"collection":[{"href":"https:\/\/e.kosmolat.eu\/lv\/wp-json\/wp\/v2\/product"}],"about":[{"href":"https:\/\/e.kosmolat.eu\/lv\/wp-json\/wp\/v2\/types\/product"}],"wp:featuredmedia":[{"embeddable":true,"href":"https:\/\/e.kosmolat.eu\/lv\/wp-json\/wp\/v2\/media\/85070"}],"wp:attachment":[{"href":"https:\/\/e.kosmolat.eu\/lv\/wp-json\/wp\/v2\/media?parent=36328"}],"wp:term":[{"taxonomy":"product_cat","embeddable":true,"href":"https:\/\/e.kosmolat.eu\/lv\/wp-json\/wp\/v2\/product_cat?post=36328"},{"taxonomy":"product_tag","embeddable":true,"href":"https:\/\/e.kosmolat.eu\/lv\/wp-json\/wp\/v2\/product_tag?post=36328"}],"curies":[{"name":"wp","href":"https:\/\/api.w.org\/{rel}","templated":true}]}}