{"id":36312,"date":"2023-12-22T18:09:48","date_gmt":"2023-12-22T18:09:48","guid":{"rendered":"https:\/\/e.kosmolat.eu\/product\/i_ns-oblepikha-mtrinosas-skidras-ziepes-rokam-500-ml\/"},"modified":"2025-09-19T21:30:32","modified_gmt":"2025-09-19T21:30:32","slug":"i_ns-oblepikha-mtrinosas-skidras-ziepes-rokam-500-ml","status":"publish","type":"product","link":"https:\/\/e.kosmolat.eu\/lv\/product\/i_ns-oblepikha-mtrinosas-skidras-ziepes-rokam-500-ml\/","title":{"rendered":"I_NS Oblepikha Mtrino\u0161\u0101s \u0161\u0137idr\u0101s ziepes rok\u0101m, 500 ml"},"content":{"rendered":"<p>Ziepes rok\u0101m \u201cOblepikha\u201d uz organisk\u0101 smilts\u0113rk\u0161\u0137u hidrol\u0101ta satur organisk\u0101 Altaja smilts\u0113rk\u0161\u0137u e\u013c\u013cas sp\u0113ku, organiskie br\u016bkle\u0146u, p\u012bl\u0101d\u017eu un kumel\u012b\u0161u ekstrakti. \u0160\u012bs mitrino\u0161as ziepes delik\u0101ti att\u012bra roku \u0101du, mitrina un baro, atst\u0101jot pat\u012bkamu komforta un svaiguma saj\u016btu. Lieto\u0161ana: uzkl\u0101t nelielu ziepju daudzumu uz mitr\u0101s \u0101das, saputot un nomazg\u0101t.\u00a0<\/p>\n","protected":false},"excerpt":{"rendered":"<p>Ziepes rok\u0101m \u201cOblepikha\u201d uz organisk\u0101 smilts\u0113rk\u0161\u0137u hidrol\u0101ta satur organisk\u0101 Altaja smilts\u0113rk\u0161\u0137u e\u013c\u013cas sp\u0113ku, organiskie br\u016bkle\u0146u, p\u012bl\u0101d\u017eu un kumel\u012b\u0161u ekstrakti. \u0160\u012bs mitrino\u0161as ziepes delik\u0101ti att\u012bra roku \u0101du, mitrina un baro, atst\u0101jot pat\u012bkamu komforta un svaiguma saj\u016btu. Lieto\u0161ana: uzkl\u0101t nelielu ziepju daudzumu uz mitr\u0101s \u0101das, saputot un nomazg\u0101t.\u00a0<\/p>\n","protected":false},"featured_media":85098,"template":"","meta":[],"product_cat":[1302],"product_tag":[],"class_list":{"0":"post-36312","1":"product","2":"type-product","3":"status-publish","4":"has-post-thumbnail","6":"product_brand-siberica_ee","7":"product_cat-roku-kopsanas-kosmetika","9":"first","10":"outofstock","11":"taxable","12":"shipping-taxable","13":"product-type-simple"},"_links":{"self":[{"href":"https:\/\/e.kosmolat.eu\/lv\/wp-json\/wp\/v2\/product\/36312","targetHints":{"allow":["GET"]}}],"collection":[{"href":"https:\/\/e.kosmolat.eu\/lv\/wp-json\/wp\/v2\/product"}],"about":[{"href":"https:\/\/e.kosmolat.eu\/lv\/wp-json\/wp\/v2\/types\/product"}],"wp:featuredmedia":[{"embeddable":true,"href":"https:\/\/e.kosmolat.eu\/lv\/wp-json\/wp\/v2\/media\/85098"}],"wp:attachment":[{"href":"https:\/\/e.kosmolat.eu\/lv\/wp-json\/wp\/v2\/media?parent=36312"}],"wp:term":[{"taxonomy":"product_cat","embeddable":true,"href":"https:\/\/e.kosmolat.eu\/lv\/wp-json\/wp\/v2\/product_cat?post=36312"},{"taxonomy":"product_tag","embeddable":true,"href":"https:\/\/e.kosmolat.eu\/lv\/wp-json\/wp\/v2\/product_tag?post=36312"}],"curies":[{"name":"wp","href":"https:\/\/api.w.org\/{rel}","templated":true}]}}