{"id":36304,"date":"2023-12-22T18:09:08","date_gmt":"2023-12-22T18:09:08","guid":{"rendered":"https:\/\/e.kosmolat.eu\/product\/ns-dabiga-dusas-zeleja-tundra-flowers-400-ml\/"},"modified":"2025-09-19T21:28:12","modified_gmt":"2025-09-19T21:28:12","slug":"ns-dabiga-dusas-zeleja-tundra-flowers-400-ml","status":"publish","type":"product","link":"https:\/\/e.kosmolat.eu\/lv\/product\/ns-dabiga-dusas-zeleja-tundra-flowers-400-ml\/","title":{"rendered":"NS Dab\u012bga du\u0161as \u017eeleja Tundra Flowers, 400 ml"},"content":{"rendered":"<p>Du\u0161as \u017eeleja Tundra Flowers uz savva\u013cas ievas ekstrakta no Kam\u010datkas un organisk\u0101s roz\u0101 radiolas paaugstina \u0101das elast\u012bbu, toniz\u0113 un mitrina to, padarot to gludu un samtainu. Lieto\u0161ana: uzkl\u0101t nelielu daudzumu uz mitr\u0101s \u0101das, vienm\u0113r\u012bgi izsm\u0113r\u0113t pa \u0137ermeni un pamas\u0113t l\u012bdz veidojas biezas putas. Nomazg\u0101jiet ar siltu \u016bdeni.\u00a0<\/p>\n","protected":false},"excerpt":{"rendered":"<p>Du\u0161as \u017eeleja Tundra Flowers uz savva\u013cas ievas ekstrakta no Kam\u010datkas un organisk\u0101s roz\u0101 radiolas paaugstina \u0101das elast\u012bbu, toniz\u0113 un mitrina to, padarot to gludu un samtainu. Lieto\u0161ana: uzkl\u0101t nelielu daudzumu uz mitr\u0101s \u0101das, vienm\u0113r\u012bgi izsm\u0113r\u0113t pa \u0137ermeni un pamas\u0113t l\u012bdz veidojas biezas putas. Nomazg\u0101jiet ar siltu \u016bdeni.\u00a0<\/p>\n","protected":false},"featured_media":85054,"template":"","meta":[],"product_cat":[1280],"product_tag":[],"class_list":{"0":"post-36304","1":"product","2":"type-product","3":"status-publish","4":"has-post-thumbnail","6":"product_brand-siberica_ee","7":"product_cat-dusas-zelejas-un-dusas-ellas","9":"first","10":"outofstock","11":"taxable","12":"shipping-taxable","13":"product-type-simple"},"_links":{"self":[{"href":"https:\/\/e.kosmolat.eu\/lv\/wp-json\/wp\/v2\/product\/36304","targetHints":{"allow":["GET"]}}],"collection":[{"href":"https:\/\/e.kosmolat.eu\/lv\/wp-json\/wp\/v2\/product"}],"about":[{"href":"https:\/\/e.kosmolat.eu\/lv\/wp-json\/wp\/v2\/types\/product"}],"wp:featuredmedia":[{"embeddable":true,"href":"https:\/\/e.kosmolat.eu\/lv\/wp-json\/wp\/v2\/media\/85054"}],"wp:attachment":[{"href":"https:\/\/e.kosmolat.eu\/lv\/wp-json\/wp\/v2\/media?parent=36304"}],"wp:term":[{"taxonomy":"product_cat","embeddable":true,"href":"https:\/\/e.kosmolat.eu\/lv\/wp-json\/wp\/v2\/product_cat?post=36304"},{"taxonomy":"product_tag","embeddable":true,"href":"https:\/\/e.kosmolat.eu\/lv\/wp-json\/wp\/v2\/product_tag?post=36304"}],"curies":[{"name":"wp","href":"https:\/\/api.w.org\/{rel}","templated":true}]}}