{"id":36220,"date":"2023-12-22T18:02:17","date_gmt":"2023-12-22T18:02:17","guid":{"rendered":"https:\/\/e.kosmolat.eu\/product\/lv-nagu-laka-gel-finish-26-tonis-9-g\/"},"modified":"2025-09-19T21:54:38","modified_gmt":"2025-09-19T21:54:38","slug":"lv-nagu-laka-gel-finish-26-tonis-9-g","status":"publish","type":"product","link":"https:\/\/e.kosmolat.eu\/lv\/product\/lv-nagu-laka-gel-finish-26-tonis-9-g\/","title":{"rendered":"LV Nagu laka GEL finish, 26 tonis, 9 g"},"content":{"rendered":"<p>Notur\u012bga \u0101tri \u017e\u016bsto\u0161a nagu laka ar ultra glanc\u0113tu fini\u0161u.<\/p>\n<p>Grezns glancs uz nagiem. Ide\u0101li gluds p\u0101rkl\u0101jums. Bag\u0101t\u012bga kr\u0101sa vien\u0101 sl\u0101n\u012b. Plata salona oti\u0146a.<\/p>\n","protected":false},"excerpt":{"rendered":"<p>Notur\u012bga \u0101tri \u017e\u016bsto\u0161a nagu laka ar ultra glanc\u0113tu fini\u0161u. Grezns glancs uz nagiem. Ide\u0101li gluds p\u0101rkl\u0101jums. Bag\u0101t\u012bga kr\u0101sa vien\u0101 sl\u0101n\u012b. Plata salona oti\u0146a.<\/p>\n","protected":false},"featured_media":85546,"template":"","meta":[],"product_cat":[1517],"product_tag":[],"class_list":{"0":"post-36220","1":"product","2":"type-product","3":"status-publish","4":"has-post-thumbnail","6":"product_brand-lux-visage_by","7":"product_cat-nagu-lakai","9":"first","10":"outofstock","11":"taxable","12":"shipping-taxable","13":"product-type-simple"},"_links":{"self":[{"href":"https:\/\/e.kosmolat.eu\/lv\/wp-json\/wp\/v2\/product\/36220","targetHints":{"allow":["GET"]}}],"collection":[{"href":"https:\/\/e.kosmolat.eu\/lv\/wp-json\/wp\/v2\/product"}],"about":[{"href":"https:\/\/e.kosmolat.eu\/lv\/wp-json\/wp\/v2\/types\/product"}],"wp:featuredmedia":[{"embeddable":true,"href":"https:\/\/e.kosmolat.eu\/lv\/wp-json\/wp\/v2\/media\/85546"}],"wp:attachment":[{"href":"https:\/\/e.kosmolat.eu\/lv\/wp-json\/wp\/v2\/media?parent=36220"}],"wp:term":[{"taxonomy":"product_cat","embeddable":true,"href":"https:\/\/e.kosmolat.eu\/lv\/wp-json\/wp\/v2\/product_cat?post=36220"},{"taxonomy":"product_tag","embeddable":true,"href":"https:\/\/e.kosmolat.eu\/lv\/wp-json\/wp\/v2\/product_tag?post=36220"}],"curies":[{"name":"wp","href":"https:\/\/api.w.org\/{rel}","templated":true}]}}