{"id":36204,"date":"2023-12-22T18:01:17","date_gmt":"2023-12-22T18:01:17","guid":{"rendered":"https:\/\/e.kosmolat.eu\/product\/lv-ota-kosmetiska-nr-19-puderim-vedeklis-max\/"},"modified":"2025-09-19T21:20:07","modified_gmt":"2025-09-19T21:20:07","slug":"lv-ota-kosmetiska-nr-19-puderim-vedeklis-max","status":"publish","type":"product","link":"https:\/\/e.kosmolat.eu\/lv\/product\/lv-ota-kosmetiska-nr-19-puderim-vedeklis-max\/","title":{"rendered":"LV Ota kosm\u0113tisk\u0101 Nr. 19 p\u016bderim v\u0113deklis MAX"},"content":{"rendered":"<\/p>\n","protected":false},"excerpt":{"rendered":"","protected":false},"featured_media":84914,"template":"","meta":[],"product_cat":[1546],"product_tag":[],"class_list":{"0":"post-36204","1":"product","2":"type-product","3":"status-publish","4":"has-post-thumbnail","6":"product_brand-lux-visage_by","7":"product_cat-otinas","9":"first","10":"outofstock","11":"taxable","12":"shipping-taxable","13":"product-type-simple"},"_links":{"self":[{"href":"https:\/\/e.kosmolat.eu\/lv\/wp-json\/wp\/v2\/product\/36204","targetHints":{"allow":["GET"]}}],"collection":[{"href":"https:\/\/e.kosmolat.eu\/lv\/wp-json\/wp\/v2\/product"}],"about":[{"href":"https:\/\/e.kosmolat.eu\/lv\/wp-json\/wp\/v2\/types\/product"}],"wp:featuredmedia":[{"embeddable":true,"href":"https:\/\/e.kosmolat.eu\/lv\/wp-json\/wp\/v2\/media\/84914"}],"wp:attachment":[{"href":"https:\/\/e.kosmolat.eu\/lv\/wp-json\/wp\/v2\/media?parent=36204"}],"wp:term":[{"taxonomy":"product_cat","embeddable":true,"href":"https:\/\/e.kosmolat.eu\/lv\/wp-json\/wp\/v2\/product_cat?post=36204"},{"taxonomy":"product_tag","embeddable":true,"href":"https:\/\/e.kosmolat.eu\/lv\/wp-json\/wp\/v2\/product_tag?post=36204"}],"curies":[{"name":"wp","href":"https:\/\/api.w.org\/{rel}","templated":true}]}}