{"id":36188,"date":"2023-12-22T18:00:11","date_gmt":"2023-12-22T18:00:11","guid":{"rendered":"https:\/\/e.kosmolat.eu\/product\/tesla-batteries-cr-2025-cr-2025-blister-1-pcs\/"},"modified":"2026-03-31T19:31:57","modified_gmt":"2026-03-31T19:31:57","slug":"tesla-batteries-cr-2025-cr-2025-blister-1-pcs","status":"publish","type":"product","link":"https:\/\/e.kosmolat.eu\/lv\/product\/tesla-batteries-cr-2025-cr-2025-blister-1-pcs\/","title":{"rendered":"TESLA BATTERIES CR 2025 (CR 2025\/ BLISTER 1 PCS)"},"content":{"rendered":"<p>Piev\u0113rsiet uzman\u012bbu polarit\u0101tei. Neuzl\u0101d\u0113t. Neizjaukt. Nenor\u012bt. Nemest ugun\u012b. Izvair\u012bties no \u012bssavienojuma. Lai aktiviz\u0113tu baterijas no\u0146emiet aizsargiepakojumu. Uzglab\u0101t b\u0113rniem nepieejam\u0101 viet\u0101.&nbsp;<\/p>\n","protected":false},"excerpt":{"rendered":"<p>Piev\u0113rsiet uzman\u012bbu polarit\u0101tei. Neuzl\u0101d\u0113t. Neizjaukt. Nenor\u012bt. Nemest ugun\u012b. Izvair\u012bties no \u012bssavienojuma. Lai aktiviz\u0113tu baterijas no\u0146emiet aizsargiepakojumu. Uzglab\u0101t b\u0113rniem nepieejam\u0101 viet\u0101.&nbsp;<\/p>\n","protected":false},"featured_media":84890,"template":"","meta":[],"product_cat":[1727],"product_tag":[],"class_list":{"0":"post-36188","1":"product","2":"type-product","3":"status-publish","4":"has-post-thumbnail","6":"product_brand-tesla","7":"product_cat-1727","9":"first","10":"outofstock","11":"taxable","12":"shipping-taxable","13":"product-type-simple"},"_links":{"self":[{"href":"https:\/\/e.kosmolat.eu\/lv\/wp-json\/wp\/v2\/product\/36188","targetHints":{"allow":["GET"]}}],"collection":[{"href":"https:\/\/e.kosmolat.eu\/lv\/wp-json\/wp\/v2\/product"}],"about":[{"href":"https:\/\/e.kosmolat.eu\/lv\/wp-json\/wp\/v2\/types\/product"}],"wp:featuredmedia":[{"embeddable":true,"href":"https:\/\/e.kosmolat.eu\/lv\/wp-json\/wp\/v2\/media\/84890"}],"wp:attachment":[{"href":"https:\/\/e.kosmolat.eu\/lv\/wp-json\/wp\/v2\/media?parent=36188"}],"wp:term":[{"taxonomy":"product_cat","embeddable":true,"href":"https:\/\/e.kosmolat.eu\/lv\/wp-json\/wp\/v2\/product_cat?post=36188"},{"taxonomy":"product_tag","embeddable":true,"href":"https:\/\/e.kosmolat.eu\/lv\/wp-json\/wp\/v2\/product_tag?post=36188"}],"curies":[{"name":"wp","href":"https:\/\/api.w.org\/{rel}","templated":true}]}}