{"id":36184,"date":"2023-12-22T17:59:49","date_gmt":"2023-12-22T17:59:49","guid":{"rendered":"https:\/\/e.kosmolat.eu\/product\/glorix-aizsargajosa-attirosa-zeleja-rokam-750-ml\/"},"modified":"2025-09-19T21:15:59","modified_gmt":"2025-09-19T21:15:59","slug":"glorix-aizsargajosa-attirosa-zeleja-rokam-750-ml","status":"publish","type":"product","link":"https:\/\/e.kosmolat.eu\/lv\/product\/glorix-aizsargajosa-attirosa-zeleja-rokam-750-ml\/","title":{"rendered":"GLORIX Aizsarg\u0101jo\u0161a att\u012bro\u0161a \u017eeleja rok\u0101m, 750 ml"},"content":{"rendered":"<p>Efekt\u012bvi att\u012bra bez \u016bdens un izn\u012bcina 99,9% mikrobu. Risina higi\u0113nas probl\u0113mu jebkur\u0101 laik\u0101 un viet\u0101. J\u016bsu \u0113rt\u012bbai \u2013 dozatoru papildin\u0101\u0161anai. Pla\u0161s lieto\u0161anas spektrs: transport\u0101, biroj\u0101, sabiedrisk\u0101s \u0113din\u0101\u0161anas uz\u0146\u0113mumos, m\u0101j\u0101s, p\u0113c kontakta ar viedier\u012bc\u0113m. Lieto\u0161ana: uzkl\u0101t ne maz\u0101k k\u0101 2 ml l\u012bdzek\u013ca un iesm\u0113r\u0113t roku \u0101d\u0101 l\u012bdz iz\u017e\u016bst, bet ne maz\u0101k par 30 sekund\u0113m, uzman\u012bbu veltot apstr\u0101dei starp pirktiem un pirkstgaliem.\u00a0<\/p>\n","protected":false},"excerpt":{"rendered":"<p>Efekt\u012bvi att\u012bra bez \u016bdens un izn\u012bcina 99,9% mikrobu. Risina higi\u0113nas probl\u0113mu jebkur\u0101 laik\u0101 un viet\u0101. J\u016bsu \u0113rt\u012bbai \u2013 dozatoru papildin\u0101\u0161anai. Pla\u0161s lieto\u0161anas spektrs: transport\u0101, biroj\u0101, sabiedrisk\u0101s \u0113din\u0101\u0161anas uz\u0146\u0113mumos, m\u0101j\u0101s, p\u0113c kontakta ar viedier\u012bc\u0113m. Lieto\u0161ana: uzkl\u0101t ne maz\u0101k k\u0101 2 ml l\u012bdzek\u013ca un iesm\u0113r\u0113t roku \u0101d\u0101 l\u012bdz iz\u017e\u016bst, bet ne maz\u0101k par 30 sekund\u0113m, uzman\u012bbu veltot [&#8230;]\n","protected":false},"featured_media":84846,"template":"","meta":[],"product_cat":[1752],"product_tag":[],"class_list":{"0":"post-36184","1":"product","2":"type-product","3":"status-publish","4":"has-post-thumbnail","6":"product_brand-unilever-rus","7":"product_cat-dezinfekcijas-lidzekli","9":"first","10":"outofstock","11":"taxable","12":"shipping-taxable","13":"product-type-simple"},"_links":{"self":[{"href":"https:\/\/e.kosmolat.eu\/lv\/wp-json\/wp\/v2\/product\/36184","targetHints":{"allow":["GET"]}}],"collection":[{"href":"https:\/\/e.kosmolat.eu\/lv\/wp-json\/wp\/v2\/product"}],"about":[{"href":"https:\/\/e.kosmolat.eu\/lv\/wp-json\/wp\/v2\/types\/product"}],"wp:featuredmedia":[{"embeddable":true,"href":"https:\/\/e.kosmolat.eu\/lv\/wp-json\/wp\/v2\/media\/84846"}],"wp:attachment":[{"href":"https:\/\/e.kosmolat.eu\/lv\/wp-json\/wp\/v2\/media?parent=36184"}],"wp:term":[{"taxonomy":"product_cat","embeddable":true,"href":"https:\/\/e.kosmolat.eu\/lv\/wp-json\/wp\/v2\/product_cat?post=36184"},{"taxonomy":"product_tag","embeddable":true,"href":"https:\/\/e.kosmolat.eu\/lv\/wp-json\/wp\/v2\/product_tag?post=36184"}],"curies":[{"name":"wp","href":"https:\/\/api.w.org\/{rel}","templated":true}]}}