{"id":36176,"date":"2023-12-22T17:58:59","date_gmt":"2023-12-22T17:58:59","guid":{"rendered":"https:\/\/e.kosmolat.eu\/product\/br-krems-losjons-rokam-sejai-un-kermenim-pantenols-120-ml\/"},"modified":"2025-09-19T21:15:34","modified_gmt":"2025-09-19T21:15:34","slug":"br-krems-losjons-rokam-sejai-un-kermenim-pantenols-120-ml","status":"publish","type":"product","link":"https:\/\/e.kosmolat.eu\/lv\/product\/br-krems-losjons-rokam-sejai-un-kermenim-pantenols-120-ml\/","title":{"rendered":"BR Kr\u0113ms-losjons rok\u0101m, sejai un \u0137ermenim Pantenols, 120 ml"},"content":{"rendered":"<ul>\n<li>Ekstra pal\u012bdz\u012bba sausai \u0101dai jau no pirm\u0101s lieto\u0161anas reizes.<\/li>\n<li>Nodro\u0161ina antibakteri\u0101lu efektu.<\/li>\n<li>Aizsardz\u012bba pret sausumu un \u0101das atjauno\u0161ana. \u013boti sausai un kairin\u0101tai \u0101dai.<\/li>\n<li>Nomierina un nov\u0113r\u0161 kairin\u0101jumu.<\/li>\n<li>P\u0113c dezinfekcijas l\u012bdzek\u013cu lieto\u0161anas, p\u0113c roku mazg\u0101\u0161anas, kosm\u0113tisk\u0101m proced\u016br\u0101m,&nbsp;uzkop\u0161anas un dezinfekcijas.<\/li>\n<li>Atjauno \u0101du p\u0113c spr\u0113g\u0101\u0161anas.<\/li>\n<li>M\u012bkstina raupjus \u0101das laukumus.<\/li>\n<li>Hipoaler\u0123isks.<\/li>\n<li>10% atjaunojo\u0161s serums ar D-pantenolu.<\/li>\n<li>\u0100tri uzs\u016bcas bez lip\u012bguma saj\u016btas.<\/li>\n<\/ul>\n<p><strong>Lieto\u0161ana: <\/strong>ar viegl\u0101m mas\u0113jo\u0161\u0101m kust\u012bb\u0101m uzkl\u0101jiet kr\u0113mu uz t\u012bras, sausas roku \u0101das. Nav \u0101rstniecisks l\u012bdzeklis.&nbsp;<\/p>\n<p>Uzglab\u0101t temperat\u016br\u0101 no 0&deg;C l\u012bdz +25&deg;C.<\/p>\n<p><strong>Der\u012bguma termi\u0146\u0161:<\/strong> 36 m\u0113ne\u0161i no izgatavo\u0161anas datuma. Izlietot 6 m\u0113ne\u0161u laik\u0101 p\u0113c atv\u0113r\u0161anas.<br \/>\n&nbsp;<\/p>\n","protected":false},"excerpt":{"rendered":"<p>Ekstra pal\u012bdz\u012bba sausai \u0101dai jau no pirm\u0101s lieto\u0161anas reizes. Nodro\u0161ina antibakteri\u0101lu efektu. Aizsardz\u012bba pret sausumu un \u0101das atjauno\u0161ana. \u013boti sausai un kairin\u0101tai \u0101dai. Nomierina un nov\u0113r\u0161 kairin\u0101jumu. P\u0113c dezinfekcijas l\u012bdzek\u013cu lieto\u0161anas, p\u0113c roku mazg\u0101\u0161anas, kosm\u0113tisk\u0101m proced\u016br\u0101m,&nbsp;uzkop\u0161anas un dezinfekcijas. Atjauno \u0101du p\u0113c spr\u0113g\u0101\u0161anas. M\u012bkstina raupjus \u0101das laukumus. Hipoaler\u0123isks. 10% atjaunojo\u0161s serums ar D-pantenolu. \u0100tri uzs\u016bcas bez [&#8230;]\n","protected":false},"featured_media":84838,"template":"","meta":[],"product_cat":[1302],"product_tag":[],"class_list":{"0":"post-36176","1":"product","2":"type-product","3":"status-publish","4":"has-post-thumbnail","6":"product_brand-unilever-ua","7":"product_cat-roku-kopsanas-kosmetika","9":"first","10":"outofstock","11":"taxable","12":"shipping-taxable","13":"product-type-simple"},"_links":{"self":[{"href":"https:\/\/e.kosmolat.eu\/lv\/wp-json\/wp\/v2\/product\/36176","targetHints":{"allow":["GET"]}}],"collection":[{"href":"https:\/\/e.kosmolat.eu\/lv\/wp-json\/wp\/v2\/product"}],"about":[{"href":"https:\/\/e.kosmolat.eu\/lv\/wp-json\/wp\/v2\/types\/product"}],"wp:featuredmedia":[{"embeddable":true,"href":"https:\/\/e.kosmolat.eu\/lv\/wp-json\/wp\/v2\/media\/84838"}],"wp:attachment":[{"href":"https:\/\/e.kosmolat.eu\/lv\/wp-json\/wp\/v2\/media?parent=36176"}],"wp:term":[{"taxonomy":"product_cat","embeddable":true,"href":"https:\/\/e.kosmolat.eu\/lv\/wp-json\/wp\/v2\/product_cat?post=36176"},{"taxonomy":"product_tag","embeddable":true,"href":"https:\/\/e.kosmolat.eu\/lv\/wp-json\/wp\/v2\/product_tag?post=36176"}],"curies":[{"name":"wp","href":"https:\/\/api.w.org\/{rel}","templated":true}]}}