{"id":36172,"date":"2023-12-22T17:58:33","date_gmt":"2023-12-22T17:58:33","guid":{"rendered":"https:\/\/e.kosmolat.eu\/product\/cl-natura-sejas-maska-mirdzums-1-gab\/"},"modified":"2025-09-19T21:15:21","modified_gmt":"2025-09-19T21:15:21","slug":"cl-natura-sejas-maska-mirdzums-1-gab","status":"publish","type":"product","link":"https:\/\/e.kosmolat.eu\/lv\/product\/cl-natura-sejas-maska-mirdzums-1-gab\/","title":{"rendered":"CL NATURA Sejas maska Mirdzums, 1 gab."},"content":{"rendered":"<p>Uzlabo sejas krasu, atgrie\u017e \u0101dai vesel\u012bgu mirdzumu, intens\u012bvi mitrina un atsvaidzina.&nbsp;<\/p>\n<p>\u0100da maiga un m\u012bksta. Dabisks mirdzums un vienm\u0113r\u012bgs tonis.<\/p>\n<p>Lieto\u0161ana:&nbsp;<\/p>\n<p>1. Ieb\u0113rt trauci\u0146\u0101 paci\u0146as saturu (pulveri)<\/p>\n<p>2. Pievienot 35 ml \u016bdens (4 \u0113d.karotes)<\/p>\n<p>3. Samais\u012bt l\u012bdz vienm\u0113r\u012bgai konsistencei<\/p>\n<p>4. Uzkl\u0101t masku biez\u0101 sl\u0101n\u012b (3-5 mm) uz sejas<\/p>\n<p>5. No\u0146emt masku no apak\u0161as uz aug\u0161u p\u0113c 20-25 min\u016bt\u0113m<\/p>\n<p>Produkts satur organisko alvejas ekstraktu. Produkta \u0101r\u0113js izskats var at\u0161\u0137irties no att\u0113lot\u0101 uz iepakojuma. Ja rodas jut\u012bba pret k\u0101du no sast\u0101vda\u013c\u0101m, izbeigt lieto\u0161anu. Masku nedr\u012bkst uzkl\u0101t uz boj\u0101tas, iekaisu\u0161as vai kairin\u0101tas \u0101das. Maska ir paredz\u0113ta vienreiz\u0113jai lieto\u0161anai.&nbsp;<\/p>\n<\/p>\n<\/p>\n<\/p><\/p>\n","protected":false},"excerpt":{"rendered":"<p>Uzlabo sejas krasu, atgrie\u017e \u0101dai vesel\u012bgu mirdzumu, intens\u012bvi mitrina un atsvaidzina.&nbsp; \u0100da maiga un m\u012bksta. Dabisks mirdzums un vienm\u0113r\u012bgs tonis. Lieto\u0161ana:&nbsp; 1. Ieb\u0113rt trauci\u0146\u0101 paci\u0146as saturu (pulveri) 2. Pievienot 35 ml \u016bdens (4 \u0113d.karotes) 3. Samais\u012bt l\u012bdz vienm\u0113r\u012bgai konsistencei 4. Uzkl\u0101t masku biez\u0101 sl\u0101n\u012b (3-5 mm) uz sejas 5. No\u0146emt masku no apak\u0161as uz aug\u0161u [&#8230;]\n","protected":false},"featured_media":84834,"template":"","meta":[],"product_cat":[1367],"product_tag":[],"class_list":{"0":"post-36172","1":"product","2":"type-product","3":"status-publish","4":"has-post-thumbnail","6":"product_brand-unilever-rus","7":"product_cat-sejas-maskas","9":"first","10":"outofstock","11":"taxable","12":"shipping-taxable","13":"product-type-simple"},"_links":{"self":[{"href":"https:\/\/e.kosmolat.eu\/lv\/wp-json\/wp\/v2\/product\/36172","targetHints":{"allow":["GET"]}}],"collection":[{"href":"https:\/\/e.kosmolat.eu\/lv\/wp-json\/wp\/v2\/product"}],"about":[{"href":"https:\/\/e.kosmolat.eu\/lv\/wp-json\/wp\/v2\/types\/product"}],"wp:featuredmedia":[{"embeddable":true,"href":"https:\/\/e.kosmolat.eu\/lv\/wp-json\/wp\/v2\/media\/84834"}],"wp:attachment":[{"href":"https:\/\/e.kosmolat.eu\/lv\/wp-json\/wp\/v2\/media?parent=36172"}],"wp:term":[{"taxonomy":"product_cat","embeddable":true,"href":"https:\/\/e.kosmolat.eu\/lv\/wp-json\/wp\/v2\/product_cat?post=36172"},{"taxonomy":"product_tag","embeddable":true,"href":"https:\/\/e.kosmolat.eu\/lv\/wp-json\/wp\/v2\/product_tag?post=36172"}],"curies":[{"name":"wp","href":"https:\/\/api.w.org\/{rel}","templated":true}]}}