{"id":36168,"date":"2023-12-22T17:58:10","date_gmt":"2023-12-22T17:58:10","guid":{"rendered":"https:\/\/e.kosmolat.eu\/product\/cz-nakts-sejas-krems-no-60-gadiem-50-ml\/"},"modified":"2025-09-19T21:15:08","modified_gmt":"2025-09-19T21:15:08","slug":"cz-nakts-sejas-krems-no-60-gadiem-50-ml","status":"publish","type":"product","link":"https:\/\/e.kosmolat.eu\/lv\/product\/cz-nakts-sejas-krems-no-60-gadiem-50-ml\/","title":{"rendered":"CZ Nakts Sejas kr\u0113ms no 60 gadiem, 50 ml"},"content":{"rendered":"<p>Ekstra-atjauno&scaron;ana. Izteiktu grumbu izl\u012bdzin\u0101&scaron;ana un sejas ov\u0101la stiprin\u0101&scaron;ana. Tiek rekomend\u0113ts lieto&scaron;anai no 60 gadiem &ndash; tie&scaron;i &scaron;aj\u0101 period\u0101 ir nepiecie&scaron;ama maksim\u0101la atjauno&scaron;ana un stiprin\u0101&scaron;ana. \u0100dai ir nepiecie&scaron;ama strukt\u016brsast\u0101vda\u013cu atjauno&scaron;ana efekt\u012bv\u0101kai c\u012b\u0146ai ar grumb\u0101m. Retinols &ndash; efekt\u012bva pretnoveco&scaron;an\u0101s sast\u0101vda\u013ca. Darbojas uz visiem \u0101das l\u012bme\u0146iem, stimul\u0113 kolag\u0113na un elast\u012bna izstr\u0101di, izl\u012bdzina \u0101das toni un reljefu. Izl\u012bdzina grumbas un iel\u016bzumus. Augu pept\u012bdi &ndash; sp\u0113c\u012bga atjaunino&scaron;a sast\u0101vda\u013ca. Pie&scaron;\u0137ir tvirtumu un elast\u012bbu, stiprina sejas un kakla kont\u016bras.<\/p>\n<p><strong>Lieto&scaron;ana:<\/strong> uzkl\u0101t kr\u0113mu uz t\u012bras sausas sejas \u0101das, vienm\u0113r\u012bgi izsm\u0113r\u0113t, pamas\u0113t.&nbsp;<\/p>\n","protected":false},"excerpt":{"rendered":"<p>Ekstra-atjauno&scaron;ana. Izteiktu grumbu izl\u012bdzin\u0101&scaron;ana un sejas ov\u0101la stiprin\u0101&scaron;ana. Tiek rekomend\u0113ts lieto&scaron;anai no 60 gadiem &ndash; tie&scaron;i &scaron;aj\u0101 period\u0101 ir nepiecie&scaron;ama maksim\u0101la atjauno&scaron;ana un stiprin\u0101&scaron;ana. \u0100dai ir nepiecie&scaron;ama strukt\u016brsast\u0101vda\u013cu atjauno&scaron;ana efekt\u012bv\u0101kai c\u012b\u0146ai ar grumb\u0101m. Retinols &ndash; efekt\u012bva pretnoveco&scaron;an\u0101s sast\u0101vda\u013ca. Darbojas uz visiem \u0101das l\u012bme\u0146iem, stimul\u0113 kolag\u0113na un elast\u012bna izstr\u0101di, izl\u012bdzina \u0101das toni un reljefu. Izl\u012bdzina grumbas [&#8230;]\n","protected":false},"featured_media":84830,"template":"","meta":[],"product_cat":[1320],"product_tag":[],"class_list":{"0":"post-36168","1":"product","2":"type-product","3":"status-publish","4":"has-post-thumbnail","6":"product_brand-unilever-rus","7":"product_cat-sejas-kremi","9":"first","10":"outofstock","11":"taxable","12":"shipping-taxable","13":"product-type-simple"},"_links":{"self":[{"href":"https:\/\/e.kosmolat.eu\/lv\/wp-json\/wp\/v2\/product\/36168","targetHints":{"allow":["GET"]}}],"collection":[{"href":"https:\/\/e.kosmolat.eu\/lv\/wp-json\/wp\/v2\/product"}],"about":[{"href":"https:\/\/e.kosmolat.eu\/lv\/wp-json\/wp\/v2\/types\/product"}],"wp:featuredmedia":[{"embeddable":true,"href":"https:\/\/e.kosmolat.eu\/lv\/wp-json\/wp\/v2\/media\/84830"}],"wp:attachment":[{"href":"https:\/\/e.kosmolat.eu\/lv\/wp-json\/wp\/v2\/media?parent=36168"}],"wp:term":[{"taxonomy":"product_cat","embeddable":true,"href":"https:\/\/e.kosmolat.eu\/lv\/wp-json\/wp\/v2\/product_cat?post=36168"},{"taxonomy":"product_tag","embeddable":true,"href":"https:\/\/e.kosmolat.eu\/lv\/wp-json\/wp\/v2\/product_tag?post=36168"}],"curies":[{"name":"wp","href":"https:\/\/api.w.org\/{rel}","templated":true}]}}