{"id":36160,"date":"2023-12-22T17:57:42","date_gmt":"2023-12-22T17:57:42","guid":{"rendered":"https:\/\/e.kosmolat.eu\/product\/divo-premio-natural-tualetes-papirs-3-sl-8-rulli-balts-15g-m\/"},"modified":"2026-03-31T19:27:47","modified_gmt":"2026-03-31T19:27:47","slug":"divo-premio-natural-tualetes-papirs-3-sl-8-rulli-balts-15g-m","status":"publish","type":"product","link":"https:\/\/e.kosmolat.eu\/lv\/product\/divo-premio-natural-tualetes-papirs-3-sl-8-rulli-balts-15g-m\/","title":{"rendered":"Divo Premio Natural Tualetes pap\u012brs 3 sl., 8 ru\u013c\u013ci, balts 15g\/m"},"content":{"rendered":"<p>NULL<\/p>\n","protected":false},"excerpt":{"rendered":"<p>NULL<\/p>\n","protected":false},"featured_media":84782,"template":"","meta":[],"product_cat":[1980],"product_tag":[],"class_list":{"0":"post-36160","1":"product","2":"type-product","3":"status-publish","4":"has-post-thumbnail","6":"product_brand-paper-kiev_ua","7":"product_cat-tualetinis-popierius","9":"first","10":"instock","11":"taxable","12":"shipping-taxable","13":"product-type-simple"},"_links":{"self":[{"href":"https:\/\/e.kosmolat.eu\/lv\/wp-json\/wp\/v2\/product\/36160","targetHints":{"allow":["GET"]}}],"collection":[{"href":"https:\/\/e.kosmolat.eu\/lv\/wp-json\/wp\/v2\/product"}],"about":[{"href":"https:\/\/e.kosmolat.eu\/lv\/wp-json\/wp\/v2\/types\/product"}],"wp:featuredmedia":[{"embeddable":true,"href":"https:\/\/e.kosmolat.eu\/lv\/wp-json\/wp\/v2\/media\/84782"}],"wp:attachment":[{"href":"https:\/\/e.kosmolat.eu\/lv\/wp-json\/wp\/v2\/media?parent=36160"}],"wp:term":[{"taxonomy":"product_cat","embeddable":true,"href":"https:\/\/e.kosmolat.eu\/lv\/wp-json\/wp\/v2\/product_cat?post=36160"},{"taxonomy":"product_tag","embeddable":true,"href":"https:\/\/e.kosmolat.eu\/lv\/wp-json\/wp\/v2\/product_tag?post=36160"}],"curies":[{"name":"wp","href":"https:\/\/api.w.org\/{rel}","templated":true}]}}