{"id":36148,"date":"2023-12-22T17:56:51","date_gmt":"2023-12-22T17:56:51","guid":{"rendered":"https:\/\/e.kosmolat.eu\/product\/soffipro-basic-papira-dvieli-rullos-3-rulli-1sl\/"},"modified":"2026-03-31T20:09:44","modified_gmt":"2026-03-31T20:09:44","slug":"soffipro-basic-papira-dvieli-rullos-3-rulli-1sl","status":"publish","type":"product","link":"https:\/\/e.kosmolat.eu\/lv\/product\/soffipro-basic-papira-dvieli-rullos-3-rulli-1sl\/","title":{"rendered":"SoffiPro Basic Pap\u012bra dvie\u013ci ru\u013clos, 3 ru\u013c\u013ci. 1sl."},"content":{"rendered":"<p>NULL<\/p>\n","protected":false},"excerpt":{"rendered":"<p>NULL<\/p>\n","protected":false},"featured_media":85614,"template":"","meta":[],"product_cat":[1975],"product_tag":[],"class_list":{"0":"post-36148","1":"product","2":"type-product","3":"status-publish","4":"has-post-thumbnail","6":"product_brand-paper-kiev_ua","7":"product_cat-popieriniai-ranksluosciai","9":"first","10":"instock","11":"taxable","12":"shipping-taxable","13":"product-type-simple"},"_links":{"self":[{"href":"https:\/\/e.kosmolat.eu\/lv\/wp-json\/wp\/v2\/product\/36148","targetHints":{"allow":["GET"]}}],"collection":[{"href":"https:\/\/e.kosmolat.eu\/lv\/wp-json\/wp\/v2\/product"}],"about":[{"href":"https:\/\/e.kosmolat.eu\/lv\/wp-json\/wp\/v2\/types\/product"}],"wp:featuredmedia":[{"embeddable":true,"href":"https:\/\/e.kosmolat.eu\/lv\/wp-json\/wp\/v2\/media\/85614"}],"wp:attachment":[{"href":"https:\/\/e.kosmolat.eu\/lv\/wp-json\/wp\/v2\/media?parent=36148"}],"wp:term":[{"taxonomy":"product_cat","embeddable":true,"href":"https:\/\/e.kosmolat.eu\/lv\/wp-json\/wp\/v2\/product_cat?post=36148"},{"taxonomy":"product_tag","embeddable":true,"href":"https:\/\/e.kosmolat.eu\/lv\/wp-json\/wp\/v2\/product_tag?post=36148"}],"curies":[{"name":"wp","href":"https:\/\/api.w.org\/{rel}","templated":true}]}}