{"id":36016,"date":"2023-12-22T17:46:52","date_gmt":"2023-12-22T17:46:52","guid":{"rendered":"https:\/\/e.kosmolat.eu\/product\/sieviesu-smarzas-rose-essence-50-ml\/"},"modified":"2025-09-19T20:52:01","modified_gmt":"2025-09-19T20:52:01","slug":"sieviesu-smarzas-rose-essence-50-ml","status":"publish","type":"product","link":"https:\/\/e.kosmolat.eu\/lv\/product\/sieviesu-smarzas-rose-essence-50-ml\/","title":{"rendered":"Sievie\u0161u smar\u017eas ROSE ESSENCE 50 ml."},"content":{"rendered":"<div>Ziedu-aug\u013cu arom\u0101ts.&nbsp;<\/div>\n<div>S\u0101kuma notis: apels\u012bns, greipr\u016bts, bumbieris, citrons.<\/div>\n<div>Vidus notis: sauss\u0113rdis, magnolija, jasm\u012bns, maijpu\u0137\u012bte, roze.<\/div>\n<div>Beigu notis: muksuss, pa\u010d\u016blija, ambra.<\/div>\n","protected":false},"excerpt":{"rendered":"<p>Ziedu-aug\u013cu arom\u0101ts.&nbsp; S\u0101kuma notis: apels\u012bns, greipr\u016bts, bumbieris, citrons. Vidus notis: sauss\u0113rdis, magnolija, jasm\u012bns, maijpu\u0137\u012bte, roze. Beigu notis: muksuss, pa\u010d\u016blija, ambra.<\/p>\n","protected":false},"featured_media":84394,"template":"","meta":[],"product_cat":[1445],"product_tag":[],"class_list":{"0":"post-36016","1":"product","2":"type-product","3":"status-publish","4":"has-post-thumbnail","6":"product_brand-parfum-by","7":"product_cat-sieviesu-smarzas-un-tualetes-udeni","9":"first","10":"outofstock","11":"taxable","12":"shipping-taxable","13":"product-type-simple"},"_links":{"self":[{"href":"https:\/\/e.kosmolat.eu\/lv\/wp-json\/wp\/v2\/product\/36016","targetHints":{"allow":["GET"]}}],"collection":[{"href":"https:\/\/e.kosmolat.eu\/lv\/wp-json\/wp\/v2\/product"}],"about":[{"href":"https:\/\/e.kosmolat.eu\/lv\/wp-json\/wp\/v2\/types\/product"}],"wp:featuredmedia":[{"embeddable":true,"href":"https:\/\/e.kosmolat.eu\/lv\/wp-json\/wp\/v2\/media\/84394"}],"wp:attachment":[{"href":"https:\/\/e.kosmolat.eu\/lv\/wp-json\/wp\/v2\/media?parent=36016"}],"wp:term":[{"taxonomy":"product_cat","embeddable":true,"href":"https:\/\/e.kosmolat.eu\/lv\/wp-json\/wp\/v2\/product_cat?post=36016"},{"taxonomy":"product_tag","embeddable":true,"href":"https:\/\/e.kosmolat.eu\/lv\/wp-json\/wp\/v2\/product_tag?post=36016"}],"curies":[{"name":"wp","href":"https:\/\/api.w.org\/{rel}","templated":true}]}}