{"id":36012,"date":"2023-12-22T17:46:35","date_gmt":"2023-12-22T17:46:35","guid":{"rendered":"https:\/\/e.kosmolat.eu\/product\/sieviesu-smarzudens-olyvia-100-ml\/"},"modified":"2025-09-19T20:51:38","modified_gmt":"2025-09-19T20:51:38","slug":"sieviesu-smarzudens-olyvia-100-ml","status":"publish","type":"product","link":"https:\/\/e.kosmolat.eu\/lv\/product\/sieviesu-smarzudens-olyvia-100-ml\/","title":{"rendered":"Sievie\u0161u smar\u017e\u016bdens OLYVIA, 100 ml"},"content":{"rendered":"<div>Austrumu &#8211; ziedu arom\u0101ts.&nbsp;<\/div>\n<div>S\u0101kuma notis: za\u013cais mandar\u012bns, \u016bdens jasm\u012bns, ingvera ziedi.<\/div>\n<div>Vidus notis: vani\u013ca, s\u0101ls.<\/div>\n<div>Beigu notis: pel\u0113k\u0101 ambra, ka\u0161mira koks, sand\u0101ls.<\/div>\n<div><\/div>\n","protected":false},"excerpt":{"rendered":"<p>Austrumu &#8211; ziedu arom\u0101ts.&nbsp; S\u0101kuma notis: za\u013cais mandar\u012bns, \u016bdens jasm\u012bns, ingvera ziedi. Vidus notis: vani\u013ca, s\u0101ls. Beigu notis: pel\u0113k\u0101 ambra, ka\u0161mira koks, sand\u0101ls.<\/p>\n","protected":false},"featured_media":84390,"template":"","meta":[],"product_cat":[1445],"product_tag":[],"class_list":{"0":"post-36012","1":"product","2":"type-product","3":"status-publish","4":"has-post-thumbnail","6":"product_brand-parfum-by","7":"product_cat-sieviesu-smarzas-un-tualetes-udeni","9":"first","10":"outofstock","11":"taxable","12":"shipping-taxable","13":"product-type-simple"},"_links":{"self":[{"href":"https:\/\/e.kosmolat.eu\/lv\/wp-json\/wp\/v2\/product\/36012","targetHints":{"allow":["GET"]}}],"collection":[{"href":"https:\/\/e.kosmolat.eu\/lv\/wp-json\/wp\/v2\/product"}],"about":[{"href":"https:\/\/e.kosmolat.eu\/lv\/wp-json\/wp\/v2\/types\/product"}],"wp:featuredmedia":[{"embeddable":true,"href":"https:\/\/e.kosmolat.eu\/lv\/wp-json\/wp\/v2\/media\/84390"}],"wp:attachment":[{"href":"https:\/\/e.kosmolat.eu\/lv\/wp-json\/wp\/v2\/media?parent=36012"}],"wp:term":[{"taxonomy":"product_cat","embeddable":true,"href":"https:\/\/e.kosmolat.eu\/lv\/wp-json\/wp\/v2\/product_cat?post=36012"},{"taxonomy":"product_tag","embeddable":true,"href":"https:\/\/e.kosmolat.eu\/lv\/wp-json\/wp\/v2\/product_tag?post=36012"}],"curies":[{"name":"wp","href":"https:\/\/api.w.org\/{rel}","templated":true}]}}