{"id":35908,"date":"2023-12-22T17:39:48","date_gmt":"2023-12-22T17:39:48","guid":{"rendered":"https:\/\/e.kosmolat.eu\/product\/lupu-balzams-lip-control-antibacterial\/"},"modified":"2025-09-19T20:44:39","modified_gmt":"2025-09-19T20:44:39","slug":"lupu-balzams-lip-control-antibacterial","status":"publish","type":"product","link":"https:\/\/e.kosmolat.eu\/lv\/product\/lupu-balzams-lip-control-antibacterial\/","title":{"rendered":"L\u016bpu balzams &#8220;Lip control&#8221; Antibacterial"},"content":{"rendered":"<p>Kompleksa apr\u016bpe visai \u0123imenei. Antibakteri\u0101l\u0101 aizsardz\u012bba.<br \/>\n&#8211; T\u0113jas koka e\u013c\u013ca<br \/>\n&#8211; &Scaron;\u012b sviests<br \/>\n&#8211; Bi\u0161u vasks<\/p>\n<p>Akt\u012bvo sast\u0101vda\u013cu komplekss baro \u0101du ar vitam\u012bniem, atjauno \u0101das dabisko mitruma l\u012bdzsvaru un aizsarg\u0101 no \u0101r\u0113jo faktoru ietekmes. Acumirkl\u012b m\u012bkstina un baro l\u016bpu maigo \u0101du. T\u0113jas koka e\u013c\u013cai piem\u012bt pretiekaisuma un antibakteri\u0101la iedarb\u012bba.<br \/>\n&nbsp;<\/p>\n","protected":false},"excerpt":{"rendered":"<p>Kompleksa apr\u016bpe visai \u0123imenei. Antibakteri\u0101l\u0101 aizsardz\u012bba. &#8211; T\u0113jas koka e\u013c\u013ca &#8211; &Scaron;\u012b sviests &#8211; Bi\u0161u vasks Akt\u012bvo sast\u0101vda\u013cu komplekss baro \u0101du ar vitam\u012bniem, atjauno \u0101das dabisko mitruma l\u012bdzsvaru un aizsarg\u0101 no \u0101r\u0113jo faktoru ietekmes. Acumirkl\u012b m\u012bkstina un baro l\u016bpu maigo \u0101du. T\u0113jas koka e\u013c\u013cai piem\u012bt pretiekaisuma un antibakteri\u0101la iedarb\u012bba. &nbsp;<\/p>\n","protected":false},"featured_media":84254,"template":"","meta":[],"product_cat":[1386],"product_tag":[],"class_list":{"0":"post-35908","1":"product","2":"type-product","3":"status-publish","4":"has-post-thumbnail","6":"product_brand-belordizain_by","7":"product_cat-lupu-balzamas","9":"first","10":"outofstock","11":"taxable","12":"shipping-taxable","13":"product-type-simple"},"_links":{"self":[{"href":"https:\/\/e.kosmolat.eu\/lv\/wp-json\/wp\/v2\/product\/35908","targetHints":{"allow":["GET"]}}],"collection":[{"href":"https:\/\/e.kosmolat.eu\/lv\/wp-json\/wp\/v2\/product"}],"about":[{"href":"https:\/\/e.kosmolat.eu\/lv\/wp-json\/wp\/v2\/types\/product"}],"wp:featuredmedia":[{"embeddable":true,"href":"https:\/\/e.kosmolat.eu\/lv\/wp-json\/wp\/v2\/media\/84254"}],"wp:attachment":[{"href":"https:\/\/e.kosmolat.eu\/lv\/wp-json\/wp\/v2\/media?parent=35908"}],"wp:term":[{"taxonomy":"product_cat","embeddable":true,"href":"https:\/\/e.kosmolat.eu\/lv\/wp-json\/wp\/v2\/product_cat?post=35908"},{"taxonomy":"product_tag","embeddable":true,"href":"https:\/\/e.kosmolat.eu\/lv\/wp-json\/wp\/v2\/product_tag?post=35908"}],"curies":[{"name":"wp","href":"https:\/\/api.w.org\/{rel}","templated":true}]}}