{"id":35880,"date":"2023-12-22T17:38:32","date_gmt":"2023-12-22T17:38:32","guid":{"rendered":"https:\/\/e.kosmolat.eu\/product\/nagu-laka-mini-hit-glow-tonis-069\/"},"modified":"2026-03-31T19:58:09","modified_gmt":"2026-03-31T19:58:09","slug":"nagu-laka-mini-hit-glow-tonis-069","status":"publish","type":"product","link":"https:\/\/e.kosmolat.eu\/lv\/product\/nagu-laka-mini-hit-glow-tonis-069\/","title":{"rendered":"Nagu laka Mini HIT GLOW, tonis 069"},"content":{"rendered":"<p>Uzglab\u0101t temperat\u016br\u0101 no +5 \u00b0\u0421 l\u012bdz +25 \u00b0\u0421.<\/p>\n<p>Der\u012bguma termi\u0146\u0161: 36 m\u0113ne\u0161i.<\/p>\n","protected":false},"excerpt":{"rendered":"<p>Uzglab\u0101t temperat\u016br\u0101 no +5 \u00b0\u0421 l\u012bdz +25 \u00b0\u0421. Der\u012bguma termi\u0146\u0161: 36 m\u0113ne\u0161i.<\/p>\n","protected":false},"featured_media":84234,"template":"","meta":[],"product_cat":[1516],"product_tag":[],"class_list":{"0":"post-35880","1":"product","2":"type-product","3":"status-publish","4":"has-post-thumbnail","6":"product_brand-belordizain_by","7":"product_cat-1516","9":"first","10":"instock","11":"taxable","12":"shipping-taxable","13":"product-type-simple"},"_links":{"self":[{"href":"https:\/\/e.kosmolat.eu\/lv\/wp-json\/wp\/v2\/product\/35880","targetHints":{"allow":["GET"]}}],"collection":[{"href":"https:\/\/e.kosmolat.eu\/lv\/wp-json\/wp\/v2\/product"}],"about":[{"href":"https:\/\/e.kosmolat.eu\/lv\/wp-json\/wp\/v2\/types\/product"}],"wp:featuredmedia":[{"embeddable":true,"href":"https:\/\/e.kosmolat.eu\/lv\/wp-json\/wp\/v2\/media\/84234"}],"wp:attachment":[{"href":"https:\/\/e.kosmolat.eu\/lv\/wp-json\/wp\/v2\/media?parent=35880"}],"wp:term":[{"taxonomy":"product_cat","embeddable":true,"href":"https:\/\/e.kosmolat.eu\/lv\/wp-json\/wp\/v2\/product_cat?post=35880"},{"taxonomy":"product_tag","embeddable":true,"href":"https:\/\/e.kosmolat.eu\/lv\/wp-json\/wp\/v2\/product_tag?post=35880"}],"curies":[{"name":"wp","href":"https:\/\/api.w.org\/{rel}","templated":true}]}}