{"id":35872,"date":"2023-12-22T17:38:11","date_gmt":"2023-12-22T17:38:11","guid":{"rendered":"https:\/\/e.kosmolat.eu\/product\/dd-dadzu-ella-matu-stiprinasanai-100-ml\/"},"modified":"2026-04-21T07:37:12","modified_gmt":"2026-04-21T07:37:12","slug":"dd-dadzu-ella-matu-stiprinasanai-100-ml","status":"publish","type":"product","link":"https:\/\/e.kosmolat.eu\/lv\/product\/dd-dadzu-ella-matu-stiprinasanai-100-ml\/","title":{"rendered":"&#8220;DD&#8221; Dad\u017eu e\u013c\u013ca matu stiprin\u0101\u0161anai, 100 ml"},"content":{"rendered":"<p>Dad\u017eu e\u013c\u013ca ar s\u012bpolu-\u0137iploku kompleksu. Dad\u017eu e\u013c\u013ca apvienojum\u0101 ar s\u012bpolu-\u0137iploku kompleksu ir efekt\u012bva matu stiprin\u0101&scaron;anai un atjauno&scaron;anai vis\u0101 to garum\u0101.<\/p>\n<p><strong>Lieto&scaron;ana:<\/strong>&nbsp;uzsild\u012btu dad\u017eu e\u013c\u013cu uzkl\u0101t uz matu sakn\u0113m, p\u0113c 20-30 min\u016bt\u0113m matus noskalot ar &scaron;amp\u016bnu. Atk\u0101rtot proced\u016btru 1-2 reizes ned\u0113\u013c\u0101.<\/p>\n<p><strong>Piesardz\u012bbas pas\u0101kumi:<\/strong> ja iek\u013c\u016bst ac\u012bs, izskalot ar \u016bdeni. Iesp\u0113jama paaugstin\u0101ta individu\u0101l\u0101 jut\u012bba pret atsevi&scaron;\u0137\u0101m sast\u0101vda\u013c\u0101m.&nbsp;<\/p>\n","protected":false},"excerpt":{"rendered":"<p>Dad\u017eu e\u013c\u013ca ar s\u012bpolu-\u0137iploku kompleksu. Dad\u017eu e\u013c\u013ca apvienojum\u0101 ar s\u012bpolu-\u0137iploku kompleksu ir efekt\u012bva matu stiprin\u0101&scaron;anai un atjauno&scaron;anai vis\u0101 to garum\u0101. Lieto&scaron;ana:&nbsp;uzsild\u012btu dad\u017eu e\u013c\u013cu uzkl\u0101t uz matu sakn\u0113m, p\u0113c 20-30 min\u016bt\u0113m matus noskalot ar &scaron;amp\u016bnu. Atk\u0101rtot proced\u016btru 1-2 reizes ned\u0113\u013c\u0101. Piesardz\u012bbas pas\u0101kumi: ja iek\u013c\u016bst ac\u012bs, izskalot ar \u016bdeni. Iesp\u0113jama paaugstin\u0101ta individu\u0101l\u0101 jut\u012bba pret atsevi&scaron;\u0137\u0101m sast\u0101vda\u013c\u0101m.&nbsp;<\/p>\n","protected":false},"featured_media":84194,"template":"","meta":[],"product_cat":[1999],"product_tag":[],"class_list":{"0":"post-35872","1":"product","2":"type-product","3":"status-publish","4":"has-post-thumbnail","6":"product_brand-elfa_ua","7":"product_cat-bez-kategorijas","9":"first","10":"instock","11":"taxable","12":"shipping-taxable","13":"product-type-simple"},"_links":{"self":[{"href":"https:\/\/e.kosmolat.eu\/lv\/wp-json\/wp\/v2\/product\/35872","targetHints":{"allow":["GET"]}}],"collection":[{"href":"https:\/\/e.kosmolat.eu\/lv\/wp-json\/wp\/v2\/product"}],"about":[{"href":"https:\/\/e.kosmolat.eu\/lv\/wp-json\/wp\/v2\/types\/product"}],"wp:featuredmedia":[{"embeddable":true,"href":"https:\/\/e.kosmolat.eu\/lv\/wp-json\/wp\/v2\/media\/84194"}],"wp:attachment":[{"href":"https:\/\/e.kosmolat.eu\/lv\/wp-json\/wp\/v2\/media?parent=35872"}],"wp:term":[{"taxonomy":"product_cat","embeddable":true,"href":"https:\/\/e.kosmolat.eu\/lv\/wp-json\/wp\/v2\/product_cat?post=35872"},{"taxonomy":"product_tag","embeddable":true,"href":"https:\/\/e.kosmolat.eu\/lv\/wp-json\/wp\/v2\/product_tag?post=35872"}],"curies":[{"name":"wp","href":"https:\/\/api.w.org\/{rel}","templated":true}]}}