{"id":35864,"date":"2023-12-22T17:37:42","date_gmt":"2023-12-22T17:37:42","guid":{"rendered":"https:\/\/e.kosmolat.eu\/product\/i_dd-gels-balzams-ar-sarkaniem-pipariem-500-ml\/"},"modified":"2025-09-19T20:41:45","modified_gmt":"2025-09-19T20:41:45","slug":"i_dd-gels-balzams-ar-sarkaniem-pipariem-500-ml","status":"publish","type":"product","link":"https:\/\/e.kosmolat.eu\/lv\/product\/i_dd-gels-balzams-ar-sarkaniem-pipariem-500-ml\/","title":{"rendered":"I_&#8221;DD&#8221; G\u0113ls-balzams ar sarkaniem pipariem, 500 ml"},"content":{"rendered":"<p>Sildo\u0161a \u017eeleja-balzams, mas\u0101\u017eai.&nbsp;\u0100trs efekts, silda, atsl\u0101bina.<\/p>\n<p>Sarkano piparu un kampara ekstrakti nodro\u0161ina ilgsto\u0161u sildo\u0161u iedarb\u012bbu un d\u0101v\u0101 siltuma saj\u016btu. Melno piparu \u0113terisk\u0101 e\u013c\u013ca ir paz\u012bstama ar sav\u0101m sildo\u0161\u0101m un atsl\u0101bino\u0161\u0101m \u012bpa\u0161\u012bb\u0101m. Ieteicams lietot p\u0113c fizisk\u0101s slodzes, sporta nodarb\u012bb\u0101m un mas\u0101\u017eas.<\/p>\n<p><strong>Lieto\u0161ana:<\/strong> uzkl\u0101t uz t\u012bras \u0101das, iemas\u0113t l\u012bdz piln\u012bg\u012bb\u0101 uzs\u016bcas. Mas\u0101\u017eai: ar mas\u0101\u017eas kust\u012bb\u0101m uzkl\u0101t uz t\u012bras \u0101das, veikt iesildo\u0161as mas\u0101\u017eas proced\u016bru.<\/p>\n<p><strong>Piesardz\u012bbas pas\u0101kumi:<\/strong> tikai \u0101r\u012bgai lieto\u0161anai. Nelietot zem pl\u0113ves. Izvair\u012bties no nok\u013c\u016b\u0161anas uz g\u013cot\u0101das, boj\u0101tiem \u0101das laukumiem. Ja iek\u013c\u016bst ac\u012bs, izskalot ar \u016bdeni. Iesp\u0113jama paaugstin\u0101ta individu\u0101la jut\u012bba pret atsevi\u0161\u0137\u0101m sast\u0101vda\u013c\u0101m. Var par\u0101d\u012bties \u0101das aps\u0101rtums, kas ir norm\u0101la reakcija.<\/p>\n","protected":false},"excerpt":{"rendered":"<p>Sildo\u0161a \u017eeleja-balzams, mas\u0101\u017eai.&nbsp;\u0100trs efekts, silda, atsl\u0101bina. Sarkano piparu un kampara ekstrakti nodro\u0161ina ilgsto\u0161u sildo\u0161u iedarb\u012bbu un d\u0101v\u0101 siltuma saj\u016btu. Melno piparu \u0113terisk\u0101 e\u013c\u013ca ir paz\u012bstama ar sav\u0101m sildo\u0161\u0101m un atsl\u0101bino\u0161\u0101m \u012bpa\u0161\u012bb\u0101m. Ieteicams lietot p\u0113c fizisk\u0101s slodzes, sporta nodarb\u012bb\u0101m un mas\u0101\u017eas. Lieto\u0161ana: uzkl\u0101t uz t\u012bras \u0101das, iemas\u0113t l\u012bdz piln\u012bg\u012bb\u0101 uzs\u016bcas. Mas\u0101\u017eai: ar mas\u0101\u017eas kust\u012bb\u0101m uzkl\u0101t uz [&#8230;]\n","protected":false},"featured_media":84206,"template":"","meta":[],"product_cat":[1761],"product_tag":[],"class_list":{"0":"post-35864","1":"product","2":"type-product","3":"status-publish","4":"has-post-thumbnail","6":"product_brand-elfa_ua","7":"product_cat-kaju-kopsanas-kosmetika","9":"first","10":"outofstock","11":"taxable","12":"shipping-taxable","13":"product-type-simple"},"_links":{"self":[{"href":"https:\/\/e.kosmolat.eu\/lv\/wp-json\/wp\/v2\/product\/35864","targetHints":{"allow":["GET"]}}],"collection":[{"href":"https:\/\/e.kosmolat.eu\/lv\/wp-json\/wp\/v2\/product"}],"about":[{"href":"https:\/\/e.kosmolat.eu\/lv\/wp-json\/wp\/v2\/types\/product"}],"wp:featuredmedia":[{"embeddable":true,"href":"https:\/\/e.kosmolat.eu\/lv\/wp-json\/wp\/v2\/media\/84206"}],"wp:attachment":[{"href":"https:\/\/e.kosmolat.eu\/lv\/wp-json\/wp\/v2\/media?parent=35864"}],"wp:term":[{"taxonomy":"product_cat","embeddable":true,"href":"https:\/\/e.kosmolat.eu\/lv\/wp-json\/wp\/v2\/product_cat?post=35864"},{"taxonomy":"product_tag","embeddable":true,"href":"https:\/\/e.kosmolat.eu\/lv\/wp-json\/wp\/v2\/product_tag?post=35864"}],"curies":[{"name":"wp","href":"https:\/\/api.w.org\/{rel}","templated":true}]}}